{"id":92798,"date":"2021-10-12T11:05:50","date_gmt":"2021-10-12T11:05:50","guid":{"rendered":"https:\/\/budoshop.si\/?product=katana-set-chairo"},"modified":"2026-02-20T17:14:24","modified_gmt":"2026-02-20T16:14:24","slug":"katana-set-chairo-4","status":"publish","type":"product","link":"https:\/\/www.budoshop.si\/sl\/izdelek\/katana-set-chairo-4\/","title":{"rendered":"Katana set &#8221;CHAIRO&#8221;"},"content":{"rendered":"<div style=\"text-align: justify;\">\n<p><span style=\"color: #993300; font-size: 15px;\">Celoten komplet okrasnih Samurajskih Katana me\u010dev. Komplet je sestavljen iz dolgega me\u010da (Katana), kraj\u0161ega me\u010da (Wakizashi) in no\u017ea (Tanto). Lesene no\u017enice so obarvane v temno rde\u010di barvi s svetlej\u0161imi motivi, ro\u010daji pa so v \u010drno-rde\u010di barvni kombinaciji z japonskim simbolom na vrhu. Tsube (\u0161\u010ditnik) so srebrne barve z motivom zmaja. Rezila so izdelana iz nerjave\u010dega jekla in dobro uravnove\u0161ena. Me\u010di so primerni tako za dekoracijo prostora kot tudi za lahkoten trening. <\/span><\/p>\n<p><span style=\"color: #993300; font-size: 15px;\">Mere: <\/span><br \/>\n<span style=\"color: #993300; font-size: 15px;\">&#8211; Katana: dol\u017eina rezila 68,5 cm, skupna dol\u017eina 98,5 cm, te\u017ea 6810 g (s Sayo 1.080 g)<br \/>\n&#8211; Wakizashi: dol\u017eina rezila 47,5 cm, skupna dol\u017eina 77,5 cm, te\u017ea 585 g (s Sayo 735 g)<br \/>\n&#8211; Tanto: dol\u017eina rezila 27 cm, skupna dol\u017eina 52 cm, te\u017ea 295 g (s Sayo 400 g)<\/span><\/p>\n<p><span style=\"font-size: 15px; color: #993300;\">Darilo: sestavljivo namizno stojalo \u010drne barve!<\/span><\/p>\n<p><span style=\"font-size: 15px; color: #993300;\">TA ARTIKEL PRODAJAMO SAMO POLNOLETNIM OSEBAM!!<\/span><\/p>\n<\/div>\n<div style=\"text-align: justify;\"><\/div>\n<div style=\"text-align: justify;\"><span style=\"color: #993300;\">\u00a0<\/span><\/div>\n<div style=\"text-align: justify;\"><span style=\"color: #993300; font-size: 11px;\">Opozorilo!<br \/>\n\u25ba Artikel je namenjen samo dekorativni uporabi oziroma osebnemu treningu borilnih ve\u0161\u010din.<br \/>\n\u25ba Po prodaji, prodajalec ni ve\u010d odgovoren za nikakr\u0161ne po\u0161kodbe, ki se lahko zgodijo zaradi napa\u010dne uporabe ali zanemarjanja teh opozoril. Novi lastnik prevzema popolno odgovornost za skrb in uporabo tega artikla.<br \/>\n\u25ba Vsakr\u0161na napa\u010dna uporaba ali nepazljivost lahko vam ali drugemu povzro\u010di resne po\u0161kodbe ali celo smrt!<br \/>\n\u25ba Ta artikel se v nobenem primeru ne sme uporabljati na drugi osebi!<\/span><\/div>\n","protected":false},"excerpt":{"rendered":"<p><span style=\"color: #003366;\"><strong>Komplet treh Samurajskih me\u010dev s stojalom.<\/strong><\/span><\/p>\n","protected":false},"featured_media":92799,"comment_status":"open","ping_status":"closed","template":"","meta":[],"product_brand":[],"product_cat":[1035,761,853,1037],"product_tag":[],"class_list":{"0":"post-92798","1":"product","2":"type-product","3":"status-publish","4":"has-post-thumbnail","6":"product_cat-aikido-kendo-iai-kobudo-1","7":"product_cat-kompleti","8":"product_cat-kovinski-katana","9":"product_cat-ninjutsu-3","11":"first","12":"instock","13":"taxable","14":"shipping-taxable","15":"purchasable","16":"product-type-simple"},"_links":{"self":[{"href":"https:\/\/www.budoshop.si\/sl\/wp-json\/wp\/v2\/product\/92798","targetHints":{"allow":["GET"]}}],"collection":[{"href":"https:\/\/www.budoshop.si\/sl\/wp-json\/wp\/v2\/product"}],"about":[{"href":"https:\/\/www.budoshop.si\/sl\/wp-json\/wp\/v2\/types\/product"}],"replies":[{"embeddable":true,"href":"https:\/\/www.budoshop.si\/sl\/wp-json\/wp\/v2\/comments?post=92798"}],"wp:featuredmedia":[{"embeddable":true,"href":"https:\/\/www.budoshop.si\/sl\/wp-json\/wp\/v2\/media\/92799"}],"wp:attachment":[{"href":"https:\/\/www.budoshop.si\/sl\/wp-json\/wp\/v2\/media?parent=92798"}],"wp:term":[{"taxonomy":"product_brand","embeddable":true,"href":"https:\/\/www.budoshop.si\/sl\/wp-json\/wp\/v2\/product_brand?post=92798"},{"taxonomy":"product_cat","embeddable":true,"href":"https:\/\/www.budoshop.si\/sl\/wp-json\/wp\/v2\/product_cat?post=92798"},{"taxonomy":"product_tag","embeddable":true,"href":"https:\/\/www.budoshop.si\/sl\/wp-json\/wp\/v2\/product_tag?post=92798"}],"curies":[{"name":"wp","href":"https:\/\/api.w.org\/{rel}","templated":true}]}}