{"id":92761,"date":"2021-10-12T09:32:27","date_gmt":"2021-10-12T09:32:27","guid":{"rendered":"https:\/\/budoshop.si\/?product=ninja-to-shikomi"},"modified":"2026-04-04T18:59:49","modified_gmt":"2026-04-04T16:59:49","slug":"ninja-to-shikomi-2","status":"publish","type":"product","link":"https:\/\/www.budoshop.si\/sl\/izdelek\/ninja-to-shikomi-2\/","title":{"rendered":"Ninja-to &#8221;SHIKOMI&#8221;"},"content":{"rendered":"<p><span style=\"color: #993300; font-size: 15px;\">Ta ninja me\u010d je res impozanten rekvizit! Za razliko od Samurajskih me\u010dev, ki so rahlo ukrivljeni, je rezilo tega Ninja me\u010da ravno. Rezilo je narejeno iz kvalitetnega 1045 Stainless Steel jekla z lepo poudarjenim Hamon motivom ostrine. Me\u010d odlikuje \u0161e posebno oblikovana Saya no\u017enica z unikatnim motivom in povitje Tsuka ro\u010daja z umetnim usnjem, ki zagotavlja, da me\u010d udobno le\u017ei v roki. Unikaten je tudi Tsuba \u0161\u010ditnik okrogle oblike. Rezilo ni nabru\u0161eno, se ga pa lahko nabrusi.<br \/>\nMe\u010d je primeren predvsem za dekorativni ali zbirateljski rekvizit.<\/span><\/p>\n<p>&nbsp;<\/p>\n<p><span style=\"font-size: 15px; color: #993300;\">Detajli:<\/span><br \/>\n<span style=\"font-size: 15px; color: #993300;\"> Jeklo: 1045 Stainless Steel<br \/>\nNAGASA (dol\u017eina rezila): 67,5 cm, 70 cm s Habaki-jem<br \/>\nHAMON (motiv ostrine): Notare<br \/>\nSORI (ukrivljenost): \/<br \/>\nTSUKA (ro\u010daj): 25,5 cm<br \/>\nTSUKA ITO (navitje ro\u010daja): \u010drno umetno usnje<br \/>\nSAME (podloga ro\u010daja): \/<br \/>\nTSUBA (\u0161\u010ditnik): Mokkogata<br \/>\nBOHI (\u017eleb v rezilu): da<br \/>\nSAYA: 76 cm lesena z vzr\u010dastim povitjem um. usnja<br \/>\nSAGEO (vrvica): \/<br \/>\nMEKUGI (zati\u010d): bambusov 2X<br \/>\nTe\u017ea: cca. 1.080 g (s Sayo), 815 g (brez Saye)<\/span><\/p>\n<p><span style=\"font-size: 15px; color: #993300;\"> TA ARTIKEL PRODAJAMO SAMO POLNOLETNIM OSEBAM!!<\/span><\/p>\n<p><span style=\"font-size: 15px; color: #993300;\">\u00a0<\/span><\/p>\n<p><span style=\"font-size: 11px; color: #993300;\">Opozorilo!<\/span><br \/>\n<span style=\"font-size: 11px; color: #993300;\"> \u25ba Artikel je namenjen samo dekorativni uporabi oziroma osebnemu treningu borilnih ve\u0161\u010din.<\/span><br \/>\n<span style=\"font-size: 11px; color: #993300;\"> \u25ba Po prodaji, prodajalec ni ve\u010d odgovoren za nikakr\u0161ne po\u0161kodbe, ki se lahko zgodijo zaradi napa\u010dne uporabe ali zanemarjanja teh opozoril. Novi lastnik prevzema popolno odgovornost za skrb in uporabo tega artikla.<br \/>\n\u25ba Vsakr\u0161na napa\u010dna uporaba ali nepazljivost lahko vam ali drugemu povzro\u010di resne po\u0161kodbe ali celo smrt!<br \/>\n\u25ba Ta artikel se v nobenem primeru ne sme uporabljati na drugi osebi!<\/span><\/p>\n","protected":false},"excerpt":{"rendered":"<p><strong><span style=\"color: #003366;\">Poseben Ninja me\u010d z ravnim rezilom.<\/span><\/strong><\/p>\n","protected":false},"featured_media":92765,"comment_status":"open","ping_status":"closed","template":"","meta":[],"product_brand":[],"product_cat":[1037,851,931,847],"product_tag":[],"class_list":{"0":"post-92761","1":"product","2":"type-product","3":"status-publish","4":"has-post-thumbnail","6":"product_cat-ninjutsu-3","7":"product_cat-ninja-meci","8":"product_cat-posebni-meci","9":"product_cat-ninja-1","11":"first","12":"outofstock","13":"taxable","14":"shipping-taxable","15":"purchasable","16":"product-type-simple"},"_links":{"self":[{"href":"https:\/\/www.budoshop.si\/sl\/wp-json\/wp\/v2\/product\/92761","targetHints":{"allow":["GET"]}}],"collection":[{"href":"https:\/\/www.budoshop.si\/sl\/wp-json\/wp\/v2\/product"}],"about":[{"href":"https:\/\/www.budoshop.si\/sl\/wp-json\/wp\/v2\/types\/product"}],"replies":[{"embeddable":true,"href":"https:\/\/www.budoshop.si\/sl\/wp-json\/wp\/v2\/comments?post=92761"}],"wp:featuredmedia":[{"embeddable":true,"href":"https:\/\/www.budoshop.si\/sl\/wp-json\/wp\/v2\/media\/92765"}],"wp:attachment":[{"href":"https:\/\/www.budoshop.si\/sl\/wp-json\/wp\/v2\/media?parent=92761"}],"wp:term":[{"taxonomy":"product_brand","embeddable":true,"href":"https:\/\/www.budoshop.si\/sl\/wp-json\/wp\/v2\/product_brand?post=92761"},{"taxonomy":"product_cat","embeddable":true,"href":"https:\/\/www.budoshop.si\/sl\/wp-json\/wp\/v2\/product_cat?post=92761"},{"taxonomy":"product_tag","embeddable":true,"href":"https:\/\/www.budoshop.si\/sl\/wp-json\/wp\/v2\/product_tag?post=92761"}],"curies":[{"name":"wp","href":"https:\/\/api.w.org\/{rel}","templated":true}]}}