{"id":92617,"date":"2021-09-04T09:52:36","date_gmt":"2021-09-04T09:52:36","guid":{"rendered":"https:\/\/budoshop.si\/?product=teleskopska-palica-flexible"},"modified":"2026-03-20T08:09:02","modified_gmt":"2026-03-20T07:09:02","slug":"teleskopska-palica-flexible","status":"publish","type":"product","link":"https:\/\/www.budoshop.si\/sl\/izdelek\/teleskopska-palica-flexible\/","title":{"rendered":"Teleskopska palica &#8221;FLEXIBLE&#8221;"},"content":{"rendered":"<p><span style=\"color: #993300; font-size: 15px;\">Takti\u010dna samoobrambna teleskopska palica. Ta fleksibilen model teleskopske palice z u\u010dinkom bi\u010da je izdelan iz kaljenega nerjave\u010dega jekla, \u010drne barve, skupne dol\u017eine cca. 43 cm. Zaprta meri cca. 18 cm. Palico se razpre z naglim in energi\u010dnim sunkom zapestja, zapre pa se jo, da se vrh porine nazaj v ro\u010daj. Primerno izklju\u010dno za samoobrambo ali zbirateljstvo.<\/span><\/p>\n<p><span style=\"color: #993300; font-size: 15px;\">\u00a0<\/span><\/p>\n<p><span style=\"color: #993300; font-size: 11px;\">Opozorilo!<\/span><br \/>\n<span style=\"color: #993300; font-size: 11px;\"> \u25ba Artikel je namenjen samo dekorativni uporabi oziroma osebnemu treningu borilnih ve\u0161\u010din.<\/span><br \/>\n<span style=\"color: #993300; font-size: 11px;\"> \u25ba Po prodaji, prodajalec ni ve\u010d odgovoren za nikakr\u0161ne po\u0161kodbe, ki se lahko zgodijo zaradi napa\u010dne uporabe ali zanemarjanja teh opozoril. Novi lastnik prevzema popolno odgovornost za skrb in uporabo tega artikla.<\/span><br \/>\n<span style=\"color: #993300; font-size: 11px;\"> \u25ba Vsakr\u0161na napa\u010dna uporaba ali nepazljivost lahko vam ali drugemu povzro\u010di resne po\u0161kodbe ali celo smrt!<\/span><br \/>\n<span style=\"color: #993300; font-size: 11px;\"> \u25ba Ta artikel se v nobenem primeru ne sme uporabljati na drugi osebi!<\/span><\/p>\n","protected":false},"excerpt":{"rendered":"<p><span style=\"color: #003366;\"><strong>Fleksibilna samoobrambna teleskopska palica \u010drne barve.<\/strong><\/span><\/p>\n","protected":false},"featured_media":92621,"comment_status":"open","ping_status":"closed","template":"","meta":[],"product_brand":[],"product_cat":[1037,1107],"product_tag":[],"class_list":{"0":"post-92617","1":"product","2":"type-product","3":"status-publish","4":"has-post-thumbnail","6":"product_cat-ninjutsu-3","7":"product_cat-teleskopske-palice-1","9":"first","10":"instock","11":"taxable","12":"shipping-taxable","13":"purchasable","14":"product-type-simple"},"_links":{"self":[{"href":"https:\/\/www.budoshop.si\/sl\/wp-json\/wp\/v2\/product\/92617","targetHints":{"allow":["GET"]}}],"collection":[{"href":"https:\/\/www.budoshop.si\/sl\/wp-json\/wp\/v2\/product"}],"about":[{"href":"https:\/\/www.budoshop.si\/sl\/wp-json\/wp\/v2\/types\/product"}],"replies":[{"embeddable":true,"href":"https:\/\/www.budoshop.si\/sl\/wp-json\/wp\/v2\/comments?post=92617"}],"wp:featuredmedia":[{"embeddable":true,"href":"https:\/\/www.budoshop.si\/sl\/wp-json\/wp\/v2\/media\/92621"}],"wp:attachment":[{"href":"https:\/\/www.budoshop.si\/sl\/wp-json\/wp\/v2\/media?parent=92617"}],"wp:term":[{"taxonomy":"product_brand","embeddable":true,"href":"https:\/\/www.budoshop.si\/sl\/wp-json\/wp\/v2\/product_brand?post=92617"},{"taxonomy":"product_cat","embeddable":true,"href":"https:\/\/www.budoshop.si\/sl\/wp-json\/wp\/v2\/product_cat?post=92617"},{"taxonomy":"product_tag","embeddable":true,"href":"https:\/\/www.budoshop.si\/sl\/wp-json\/wp\/v2\/product_tag?post=92617"}],"curies":[{"name":"wp","href":"https:\/\/api.w.org\/{rel}","templated":true}]}}