{"id":92228,"date":"2021-05-10T10:52:03","date_gmt":"2021-05-10T10:52:03","guid":{"rendered":"https:\/\/budoshop.si\/?product=nagibna-samostojeca-boksarska-vrecalutka-adidas-novo"},"modified":"2026-03-20T08:28:53","modified_gmt":"2026-03-20T07:28:53","slug":"nagibna-samostojeca-boksarska-vrecalutka-adidas-novo-1","status":"publish","type":"product","link":"https:\/\/www.budoshop.si\/sl\/izdelek\/nagibna-samostojeca-boksarska-vrecalutka-adidas-novo-1\/","title":{"rendered":"Nagibna samostoje\u010da boksarska vre\u010da\/lutka &#8221;ADIDAS&#8221;"},"content":{"rendered":"<p><span style=\"font-size: 15px; color: #993300;\">Ta vrhunska nagibna samostoje\u010da boksarska vre\u010da je popolna novost na tr\u017ei\u0161\u010du. Narejena je tako, da se pri udarcu prevrne in zaradi te\u017ee podstavka, ki se lahko napolni tudi z vodo, takoj vrne nazaj v pokon\u010den polo\u017eaj. Kako globoko se bo zanihala bo odvisno od mo\u010di udarca zagotovo pa bo v pomo\u010d pri treningu va\u0161ih refleksov.<\/span><\/p>\n<p><span style=\"font-size: 15px; color: #993300;\">Poleg tega pa ta unikatna boksarska vre\u010da ni namenjena samo udarjanju z rokami in nogami, temve\u010d so jo lahko uporablja tudi kot MMA lutko za trening na parterju ali kot lutko za vadbo metanj. Na vrhu in spodnjem delu je namre\u010d opremljena s posebni ro\u010daji za dr\u017eanje in premetavanje.<\/span><\/p>\n<p><span style=\"font-size: 15px; color: #993300;\">Ta Adidas boksarska vre\u010da je izdelana iz trpe\u017enega PU materiala in pene visoke gostote. \u010crne barve.<\/span><\/p>\n<p><span style=\"font-size: 15px; color: #993300;\">\u00a0<\/span><\/p>\n<p><span style=\"font-size: 15px; color: #993300;\">Dimenzije:<\/span><br \/>\n<span style=\"font-size: 15px;\"><span style=\"color: #993300;\"> Skupna vi\u0161ina: 165 cm<br \/>\n<\/span><span style=\"color: #993300;\">Vi\u0161ina udarne povr\u0161ine: 130 cm<br \/>\n<\/span><span style=\"color: #993300;\">\u0160irina udarne povr\u0161ine: 34,5 cm<br \/>\n<\/span><span style=\"color: #993300;\">Podstavek: 54 x 45 cm<\/span><\/span><\/p>\n","protected":false},"excerpt":{"rendered":"<p><span style=\"color: #003366;\"><strong>Nagibna samostoje\u010da boksarska vre\u010da Adidas, ki se lahko uporablja tudi kot MMA lutka.<\/strong><\/span><\/p>\n","protected":false},"featured_media":92231,"comment_status":"open","ping_status":"closed","template":"","meta":[],"product_brand":[5594],"product_cat":[1043,1033,1029,1039,867,1089,951,1049],"product_tag":[],"class_list":{"0":"post-92228","1":"product","2":"type-product","3":"status-publish","4":"has-post-thumbnail","6":"product_brand-adidas","7":"product_cat-boks-kickbox-tajski-boks-mma","8":"product_cat-ju-jitsujiu-jitsu-1","9":"product_cat-karate-5","10":"product_cat-taekwondo-3","11":"product_cat-samostojece-vrece","12":"product_cat-trening-lutke","13":"product_cat-adidas-3","14":"product_cat-adidas-7","16":"first","17":"instock","18":"taxable","19":"shipping-taxable","20":"purchasable","21":"product-type-simple"},"_links":{"self":[{"href":"https:\/\/www.budoshop.si\/sl\/wp-json\/wp\/v2\/product\/92228","targetHints":{"allow":["GET"]}}],"collection":[{"href":"https:\/\/www.budoshop.si\/sl\/wp-json\/wp\/v2\/product"}],"about":[{"href":"https:\/\/www.budoshop.si\/sl\/wp-json\/wp\/v2\/types\/product"}],"replies":[{"embeddable":true,"href":"https:\/\/www.budoshop.si\/sl\/wp-json\/wp\/v2\/comments?post=92228"}],"wp:featuredmedia":[{"embeddable":true,"href":"https:\/\/www.budoshop.si\/sl\/wp-json\/wp\/v2\/media\/92231"}],"wp:attachment":[{"href":"https:\/\/www.budoshop.si\/sl\/wp-json\/wp\/v2\/media?parent=92228"}],"wp:term":[{"taxonomy":"product_brand","embeddable":true,"href":"https:\/\/www.budoshop.si\/sl\/wp-json\/wp\/v2\/product_brand?post=92228"},{"taxonomy":"product_cat","embeddable":true,"href":"https:\/\/www.budoshop.si\/sl\/wp-json\/wp\/v2\/product_cat?post=92228"},{"taxonomy":"product_tag","embeddable":true,"href":"https:\/\/www.budoshop.si\/sl\/wp-json\/wp\/v2\/product_tag?post=92228"}],"curies":[{"name":"wp","href":"https:\/\/api.w.org\/{rel}","templated":true}]}}