{"id":92176,"date":"2021-03-24T09:28:37","date_gmt":"2021-03-24T09:28:37","guid":{"rendered":"https:\/\/budoshop.si\/?product=turbo-kick-elastika-strong"},"modified":"2025-10-28T10:08:49","modified_gmt":"2025-10-28T09:08:49","slug":"turbo-kick-elastika-strong","status":"publish","type":"product","link":"https:\/\/www.budoshop.si\/sl\/izdelek\/turbo-kick-elastika-strong\/","title":{"rendered":"Turbo KICK elastika &#8211; strong &#8211; V AKCIJI!!!"},"content":{"rendered":"<p><span style=\"font-size: 15px; color: #993300;\">TURBO KICK elastika je popoln dodatek va\u0161emu treningu no\u017enih udarcev. Trening z elasti\u010dnimi vrvmi, ki omejujejo prosto gibanje noge u\u010dinkovito deluje na ve\u010d mi\u0161i\u010dnih skupin hkrati. S Turbo Kick elastiko se tako izbolj\u0161a izvedba, tehnika, hitrost in mo\u010d no\u017enih udarcev. Stopnja trdote &#8216;mo\u010dna&#8217; (strong) je idealna za kratke, intenzivne treninge z eksplozivnimi gibi. Artikel je sestavljen iz kvalitetne elasti\u010dne vrvi, ki ima na eni strani z je\u017ekom prilagodljiv trak s katerim se artikel pritrdi na nogo in zanko na nasprotni strani s katero se artikel pritrdi za oviro.<\/span><br \/>\n<span style=\"font-size: 15px; color: #993300;\"> Turbo Kick elastika je pripravljena na uporabo v vsakem trenutku, potrebna ni nikakr\u0161na monta\u017ea in so jo tako lahko vzame kamorkoli in uporablja doma, v slu\u017ebi, v telovadnici, v parku ali kjerkoli drugje. Ker ni trdnih plasti\u010dnih delov obstaja nizka mo\u017enost po\u0161kodb zato je Turbo Kick elastika primerna za za\u010detnike, izku\u0161ene \u0161portnike, profesionalce in popolne amaterje.<\/span><\/p>\n<p><span style=\"font-size: 15px; color: #993300;\">\u010crne barve.<\/span><\/p>\n<p><span style=\"font-size: 15px; color: #993300;\">Dol\u017eina: cca. 250 cm<\/span><\/p>\n","protected":false},"excerpt":{"rendered":"<p><strong><span style=\"color: #003366;\">Turbo Kick elastika za trening no\u017enih udarcev.<\/span><\/strong><\/p>\n","protected":false},"featured_media":92182,"comment_status":"open","ping_status":"closed","template":"","meta":[],"product_brand":[5608],"product_cat":[1027,1043,1085,1087,1121,1033,1029,1037,1039,1041],"product_tag":[],"class_list":{"0":"post-92176","1":"product","2":"type-product","3":"status-publish","4":"has-post-thumbnail","6":"product_brand-dax","7":"product_cat-v-akciji-2","8":"product_cat-boks-kickbox-tajski-boks-mma","9":"product_cat-dax-1","10":"product_cat-dax-3","11":"product_cat-elastike","12":"product_cat-ju-jitsujiu-jitsu-1","13":"product_cat-karate-5","14":"product_cat-ninjutsu-3","15":"product_cat-taekwondo-3","16":"product_cat-tai-chi-kunf-fu-wu-shu-1","18":"first","19":"instock","20":"sale","21":"taxable","22":"shipping-taxable","23":"purchasable","24":"product-type-simple"},"_links":{"self":[{"href":"https:\/\/www.budoshop.si\/sl\/wp-json\/wp\/v2\/product\/92176","targetHints":{"allow":["GET"]}}],"collection":[{"href":"https:\/\/www.budoshop.si\/sl\/wp-json\/wp\/v2\/product"}],"about":[{"href":"https:\/\/www.budoshop.si\/sl\/wp-json\/wp\/v2\/types\/product"}],"replies":[{"embeddable":true,"href":"https:\/\/www.budoshop.si\/sl\/wp-json\/wp\/v2\/comments?post=92176"}],"wp:featuredmedia":[{"embeddable":true,"href":"https:\/\/www.budoshop.si\/sl\/wp-json\/wp\/v2\/media\/92182"}],"wp:attachment":[{"href":"https:\/\/www.budoshop.si\/sl\/wp-json\/wp\/v2\/media?parent=92176"}],"wp:term":[{"taxonomy":"product_brand","embeddable":true,"href":"https:\/\/www.budoshop.si\/sl\/wp-json\/wp\/v2\/product_brand?post=92176"},{"taxonomy":"product_cat","embeddable":true,"href":"https:\/\/www.budoshop.si\/sl\/wp-json\/wp\/v2\/product_cat?post=92176"},{"taxonomy":"product_tag","embeddable":true,"href":"https:\/\/www.budoshop.si\/sl\/wp-json\/wp\/v2\/product_tag?post=92176"}],"curies":[{"name":"wp","href":"https:\/\/api.w.org\/{rel}","templated":true}]}}