{"id":92087,"date":"2021-03-10T10:37:22","date_gmt":"2021-03-10T10:37:22","guid":{"rendered":"https:\/\/budoshop.si\/?product=usnjene-boksarske-rokavice-zebra-performance-novo"},"modified":"2026-01-26T17:18:50","modified_gmt":"2026-01-26T16:18:50","slug":"usnjene-boksarske-rokavice-zebra-performance-novo","status":"publish","type":"product","link":"https:\/\/www.budoshop.si\/sl\/izdelek\/usnjene-boksarske-rokavice-zebra-performance-novo\/","title":{"rendered":"Usnjene boksarske rokavice &#8221;Zebra PERFORMANCE&#8221;"},"content":{"rendered":"<p><span style=\"color: #993300; font-size: 15px;\">Te boksarske rokavice so izdelane iz najbolj\u0161e kombinacije pravega kravjega usnja in &#8216;FLX PU&#8217; materiala. Pred-ukrivljena ve\u010dplastna pena iz lateksa v &#8216;Easy Fist Systemu&#8217; nudi dobro za\u0161\u010dito dlani in minimalen napor za trden udarec. Dodatna plast pene nad zapestjem nudi dodatno za\u0161\u010dito pri blokiranju udarcev ali brc, drsnik na dlani in pri\u0161it palec pa nudita dodatno udobje in varnost. \u0160irok pritrdilni &#8216;All Around&#8217; trak okrog zapestja z zapenjanjem na je\u017eka nudi stabilnost zapestja in naredi rokavico idealno za mo\u010dan boks in kickboxing sparing ter trening na fokusarjih in te\u017ekih boksarskih vre\u010dah.<\/span><\/p>\n<p><span style=\"font-size: 15px; color: #993300;\">\u010crne barve.<\/span><\/p>\n<p><span style=\"color: #993300; font-size: small;\"><span style=\"font-size: 15px;\"> Velikost: 10 OZ, 12 OZ in 14 OZ<\/span><br \/>\n<\/span><\/p>\n","protected":false},"excerpt":{"rendered":"<p><span style=\"color: #003366;\"><strong>\u010crne usnjene 10, 12 ali 14 OZ boks \/ kickboxing rokavice.<\/strong><\/span><\/p>\n","protected":false},"featured_media":107222,"comment_status":"open","ping_status":"closed","template":"","meta":[],"product_brand":[5599],"product_cat":[1043,821,1103,1105],"product_tag":[],"class_list":{"0":"post-92087","1":"product","2":"type-product","3":"status-publish","4":"has-post-thumbnail","6":"product_brand-zebra","7":"product_cat-boks-kickbox-tajski-boks-mma","8":"product_cat-kick-thai-boxing-rokavice","9":"product_cat-zebra-1","10":"product_cat-zebra-3","11":"pa_velikost-10-oz-sl-2","12":"pa_velikost-12-oz-sl","13":"pa_velikost-14-oz-sl","15":"first","16":"instock","17":"taxable","18":"shipping-taxable","19":"purchasable","20":"product-type-variable"},"_links":{"self":[{"href":"https:\/\/www.budoshop.si\/sl\/wp-json\/wp\/v2\/product\/92087","targetHints":{"allow":["GET"]}}],"collection":[{"href":"https:\/\/www.budoshop.si\/sl\/wp-json\/wp\/v2\/product"}],"about":[{"href":"https:\/\/www.budoshop.si\/sl\/wp-json\/wp\/v2\/types\/product"}],"replies":[{"embeddable":true,"href":"https:\/\/www.budoshop.si\/sl\/wp-json\/wp\/v2\/comments?post=92087"}],"wp:featuredmedia":[{"embeddable":true,"href":"https:\/\/www.budoshop.si\/sl\/wp-json\/wp\/v2\/media\/107222"}],"wp:attachment":[{"href":"https:\/\/www.budoshop.si\/sl\/wp-json\/wp\/v2\/media?parent=92087"}],"wp:term":[{"taxonomy":"product_brand","embeddable":true,"href":"https:\/\/www.budoshop.si\/sl\/wp-json\/wp\/v2\/product_brand?post=92087"},{"taxonomy":"product_cat","embeddable":true,"href":"https:\/\/www.budoshop.si\/sl\/wp-json\/wp\/v2\/product_cat?post=92087"},{"taxonomy":"product_tag","embeddable":true,"href":"https:\/\/www.budoshop.si\/sl\/wp-json\/wp\/v2\/product_tag?post=92087"}],"curies":[{"name":"wp","href":"https:\/\/api.w.org\/{rel}","templated":true}]}}