{"id":92057,"date":"2021-03-10T09:38:50","date_gmt":"2021-03-10T09:38:50","guid":{"rendered":"https:\/\/budoshop.si\/?product=boksarske-rokavice-zebra-fit"},"modified":"2026-01-12T08:39:54","modified_gmt":"2026-01-12T07:39:54","slug":"boksarske-rokavice-zebra-fit","status":"publish","type":"product","link":"https:\/\/www.budoshop.si\/sl\/izdelek\/boksarske-rokavice-zebra-fit\/","title":{"rendered":"Boksarske rokavice &#8221;Zebra FIT&#8221;"},"content":{"rendered":"<p><span style=\"font-size: 15px; color: #993300;\">Te boksarske rokavice znamke ZEBRA so izdelane iz najbolj\u0161ega &#8216;FLX PU&#8217; materiala. Pred-ukrivljena dvoslojna penasta oblo\u017eitev in &#8216;Easy Fist System&#8217; omogo\u010data dobro za\u0161\u010dito dlani a hkrati omogo\u010data minimalni napor za trden udarec. Drsnik na dlani in pri\u0161it palec nudita dodatno udobje in varnost. Notranjost rokavice je izdelana iz zra\u010dnega mre\u017eastega poliestra, ki zagotavlja dobro prezra\u010devanje in ohranja rokavico \u010dim bolj suho. Rokavice se pritrdijo s \u0161irokim &#8216;All Around&#8217; trakom okrog zapestja z zapenjanjem na je\u017eka, kar ponuja dobro stabilnost zapestja.<\/span><\/p>\n<p><span style=\"font-size: 15px; color: #993300;\">Te boksarske rokavice so idealne za doma\u010di trening boksa, kickboxinga in treninga ter rekreativne treninge na boksarski vre\u010di in fokusarjih saj nudijo odli\u010dno razmerje med ceno in kvaliteto.<\/span><\/p>\n<p><span style=\"font-size: 15px; color: #993300;\"> Velikost: 10 OZ in 12 OZ<\/span><\/p>\n","protected":false},"excerpt":{"rendered":"<p><span style=\"color: #003366;\"><strong>10 ali 12 OZ boksarske rokavice za rekreativni trening.<\/strong><\/span><\/p>\n","protected":false},"featured_media":92063,"comment_status":"open","ping_status":"closed","template":"","meta":[],"product_brand":[5599],"product_cat":[1043,821,1103,1105],"product_tag":[],"class_list":{"0":"post-92057","1":"product","2":"type-product","3":"status-publish","4":"has-post-thumbnail","6":"product_brand-zebra","7":"product_cat-boks-kickbox-tajski-boks-mma","8":"product_cat-kick-thai-boxing-rokavice","9":"product_cat-zebra-1","10":"product_cat-zebra-3","11":"pa_velikost-10-oz-sl-2","12":"pa_velikost-12-oz-sl","14":"first","15":"instock","16":"taxable","17":"shipping-taxable","18":"purchasable","19":"product-type-variable"},"_links":{"self":[{"href":"https:\/\/www.budoshop.si\/sl\/wp-json\/wp\/v2\/product\/92057","targetHints":{"allow":["GET"]}}],"collection":[{"href":"https:\/\/www.budoshop.si\/sl\/wp-json\/wp\/v2\/product"}],"about":[{"href":"https:\/\/www.budoshop.si\/sl\/wp-json\/wp\/v2\/types\/product"}],"replies":[{"embeddable":true,"href":"https:\/\/www.budoshop.si\/sl\/wp-json\/wp\/v2\/comments?post=92057"}],"wp:featuredmedia":[{"embeddable":true,"href":"https:\/\/www.budoshop.si\/sl\/wp-json\/wp\/v2\/media\/92063"}],"wp:attachment":[{"href":"https:\/\/www.budoshop.si\/sl\/wp-json\/wp\/v2\/media?parent=92057"}],"wp:term":[{"taxonomy":"product_brand","embeddable":true,"href":"https:\/\/www.budoshop.si\/sl\/wp-json\/wp\/v2\/product_brand?post=92057"},{"taxonomy":"product_cat","embeddable":true,"href":"https:\/\/www.budoshop.si\/sl\/wp-json\/wp\/v2\/product_cat?post=92057"},{"taxonomy":"product_tag","embeddable":true,"href":"https:\/\/www.budoshop.si\/sl\/wp-json\/wp\/v2\/product_tag?post=92057"}],"curies":[{"name":"wp","href":"https:\/\/api.w.org\/{rel}","templated":true}]}}