{"id":92047,"date":"2021-02-19T10:54:54","date_gmt":"2021-02-19T10:54:54","guid":{"rendered":"https:\/\/budoshop.si\/?product=obesek-tokaido-karate-rokavica-ao"},"modified":"2026-03-09T08:07:40","modified_gmt":"2026-03-09T07:07:40","slug":"obesek-tokaido-karate-rokavica-ao","status":"publish","type":"product","link":"https:\/\/www.budoshop.si\/sl\/izdelek\/obesek-tokaido-karate-rokavica-ao\/","title":{"rendered":"Obesek &#8221;Tokaido Karate rokavica AO&#8221;"},"content":{"rendered":"<div style=\"text-align: justify;\"><span style=\"color: #c00000; font-size: 15px;\"><span style=\"color: #c00000; font-size: 15px;\">Obesek za klju\u010de Karate Kumite rokavica z veri\u017eico ter rinko za obe\u0161anje znamke TOKAIDO. Obesek je lahko majhno darilo, spominek ali amulet za sre\u010do in se ga <span style=\"color: #c00000;\">lahko obesi na svoje klju\u010de, \u0161portno torbo in podobno.<\/span><br \/>\nAO modro-\u010drne barve.<\/span><\/span>&nbsp;<\/p>\n<p><span style=\"color: #c00000; font-size: 15px;\">Dimenzija: cca. 10 cm<\/span><\/div>\n","protected":false},"excerpt":{"rendered":"<p><span style=\"color: #003366;\"><strong>Obesek modra Tokaido Karate Kumite rokavica.<\/strong><\/span><\/p>\n","protected":false},"featured_media":107835,"comment_status":"open","ping_status":"closed","template":"","meta":[],"product_brand":[5598],"product_cat":[1043,1033,1029,1039,833,949,1047],"product_tag":[],"class_list":{"0":"post-92047","1":"product","2":"type-product","3":"status-publish","4":"has-post-thumbnail","6":"product_brand-tokaido","7":"product_cat-boks-kickbox-tajski-boks-mma","8":"product_cat-ju-jitsujiu-jitsu-1","9":"product_cat-karate-5","10":"product_cat-taekwondo-3","11":"product_cat-obeski","12":"product_cat-shureido-3","13":"product_cat-tokaido-1","15":"first","16":"instock","17":"taxable","18":"shipping-taxable","19":"purchasable","20":"product-type-simple"},"_links":{"self":[{"href":"https:\/\/www.budoshop.si\/sl\/wp-json\/wp\/v2\/product\/92047","targetHints":{"allow":["GET"]}}],"collection":[{"href":"https:\/\/www.budoshop.si\/sl\/wp-json\/wp\/v2\/product"}],"about":[{"href":"https:\/\/www.budoshop.si\/sl\/wp-json\/wp\/v2\/types\/product"}],"replies":[{"embeddable":true,"href":"https:\/\/www.budoshop.si\/sl\/wp-json\/wp\/v2\/comments?post=92047"}],"wp:featuredmedia":[{"embeddable":true,"href":"https:\/\/www.budoshop.si\/sl\/wp-json\/wp\/v2\/media\/107835"}],"wp:attachment":[{"href":"https:\/\/www.budoshop.si\/sl\/wp-json\/wp\/v2\/media?parent=92047"}],"wp:term":[{"taxonomy":"product_brand","embeddable":true,"href":"https:\/\/www.budoshop.si\/sl\/wp-json\/wp\/v2\/product_brand?post=92047"},{"taxonomy":"product_cat","embeddable":true,"href":"https:\/\/www.budoshop.si\/sl\/wp-json\/wp\/v2\/product_cat?post=92047"},{"taxonomy":"product_tag","embeddable":true,"href":"https:\/\/www.budoshop.si\/sl\/wp-json\/wp\/v2\/product_tag?post=92047"}],"curies":[{"name":"wp","href":"https:\/\/api.w.org\/{rel}","templated":true}]}}