{"id":92037,"date":"2021-02-19T10:40:50","date_gmt":"2021-02-19T10:40:50","guid":{"rendered":"https:\/\/budoshop.si\/?product=obesek-tokaido-karate-rokavica-aka"},"modified":"2026-03-09T08:19:07","modified_gmt":"2026-03-09T07:19:07","slug":"obesek-tokaido-karate-rokavica-aka","status":"publish","type":"product","link":"https:\/\/www.budoshop.si\/sl\/izdelek\/obesek-tokaido-karate-rokavica-aka\/","title":{"rendered":"Obesek &#8221;Tokaido Karate rokavica AKA&#8221;"},"content":{"rendered":"<div style=\"text-align: justify;\"><span style=\"color: #c00000; font-size: 15px;\">Obesek za klju\u010de Karate Kumite rokavica z veri\u017eico ter rinko za obe\u0161anje znamke TOKAIDO. Obesek je lahko majhno darilo, spominek ali amulet za sre\u010do in se ga <span style=\"color: #c00000;\">lahko obesi na svoje klju\u010de, \u0161portno torbo in podobno.<\/span><br \/>\nAKA rde\u010de-\u010drne barve.<br \/>\n<\/span><\/div>\n<p>&nbsp;<\/p>\n<p><span style=\"color: #c00000; font-size: small;\"><span style=\"font-size: 15px;\">Dimenzija: cca. 10 cm<\/span><br \/>\n<\/span><\/p>\n","protected":false},"excerpt":{"rendered":"<p><span style=\"color: #003366;\"><strong>Obesek rde\u010da Tokaido Karate Kumite rokavica.<\/strong><\/span><\/p>\n","protected":false},"featured_media":92041,"comment_status":"open","ping_status":"closed","template":"","meta":[],"product_brand":[5598],"product_cat":[1043,1033,1029,833,1047,949],"product_tag":[],"class_list":{"0":"post-92037","1":"product","2":"type-product","3":"status-publish","4":"has-post-thumbnail","6":"product_brand-tokaido","7":"product_cat-boks-kickbox-tajski-boks-mma","8":"product_cat-ju-jitsujiu-jitsu-1","9":"product_cat-karate-5","10":"product_cat-obeski","11":"product_cat-tokaido-1","12":"product_cat-shureido-3","14":"first","15":"instock","16":"taxable","17":"shipping-taxable","18":"purchasable","19":"product-type-simple"},"_links":{"self":[{"href":"https:\/\/www.budoshop.si\/sl\/wp-json\/wp\/v2\/product\/92037","targetHints":{"allow":["GET"]}}],"collection":[{"href":"https:\/\/www.budoshop.si\/sl\/wp-json\/wp\/v2\/product"}],"about":[{"href":"https:\/\/www.budoshop.si\/sl\/wp-json\/wp\/v2\/types\/product"}],"replies":[{"embeddable":true,"href":"https:\/\/www.budoshop.si\/sl\/wp-json\/wp\/v2\/comments?post=92037"}],"wp:featuredmedia":[{"embeddable":true,"href":"https:\/\/www.budoshop.si\/sl\/wp-json\/wp\/v2\/media\/92041"}],"wp:attachment":[{"href":"https:\/\/www.budoshop.si\/sl\/wp-json\/wp\/v2\/media?parent=92037"}],"wp:term":[{"taxonomy":"product_brand","embeddable":true,"href":"https:\/\/www.budoshop.si\/sl\/wp-json\/wp\/v2\/product_brand?post=92037"},{"taxonomy":"product_cat","embeddable":true,"href":"https:\/\/www.budoshop.si\/sl\/wp-json\/wp\/v2\/product_cat?post=92037"},{"taxonomy":"product_tag","embeddable":true,"href":"https:\/\/www.budoshop.si\/sl\/wp-json\/wp\/v2\/product_tag?post=92037"}],"curies":[{"name":"wp","href":"https:\/\/api.w.org\/{rel}","templated":true}]}}