{"id":91974,"date":"2021-02-18T11:32:23","date_gmt":"2021-02-18T11:32:23","guid":{"rendered":"https:\/\/budoshop.si\/?product=boksarski-povoji-za-dlani-bandaze-zebra-pink-novo"},"modified":"2026-02-13T10:52:49","modified_gmt":"2026-02-13T09:52:49","slug":"boksarski-povoji-za-dlani-bandaze-zebra-pink-novo","status":"publish","type":"product","link":"https:\/\/www.budoshop.si\/sl\/izdelek\/boksarski-povoji-za-dlani-bandaze-zebra-pink-novo\/","title":{"rendered":"Boksarski povoji za dlani &#8211; banda\u017ee &#8221;ZEBRA PINK&#8221;"},"content":{"rendered":"<p><span style=\"font-size: 15px; color: #993300;\">Ti rahlo elasti\u010dni za\u0161\u010ditni boksarski povoji za dlani-banda\u017ee, so izdelane iz 100% visokokakovostnega tkanega stretch bomba\u017ea.Povoji so opremljeni z zanko za palec, zapenjanje na je\u017eka v V-kroju pa zagotavlja \u010drvstost oprijema. Povoji ne vsebujejo \u0161kodljivih AZO barvil!<\/span><br \/>\n<span style=\"font-size: 15px; color: #993300;\">Primerne za Boks, Kick box, Tajski box (Muay Thai), MMA &#8230;<\/span><\/p>\n<p><span style=\"font-size: 15px; color: #993300;\">Boksarske banda\u017ee pomagajo za\u0161\u010dititi kosti in kite rok. Poleg tega nudijo podporo zapestju in palcu. Da bi se izognili po\u0161kodbam, pred treningom zato vedno povite dlani s povoji.<\/span><\/p>\n<p><span style=\"font-size: 15px; color: #993300;\">Roza-\u010drne barve.<\/span><\/p>\n<p><span style=\"font-size: 15px; color: #993300;\">Dol\u017eina: 350 cm. <\/span><\/p>\n<p><span style=\"font-size: 15px; color: #993300;\">Prodajajo se v paru.<\/span><\/p>\n","protected":false},"excerpt":{"rendered":"<p><span style=\"color: #003366;\"><strong>350 cm dolgi pol-elasti\u010dni boksarski za\u0161\u010ditni povoji\/banda\u017ee Zebra<\/strong><\/span>.<\/p>\n","protected":false},"featured_media":107464,"comment_status":"open","ping_status":"closed","template":"","meta":[],"product_brand":[5599],"product_cat":[1043,827,1105,1103],"product_tag":[],"class_list":{"0":"post-91974","1":"product","2":"type-product","3":"status-publish","4":"has-post-thumbnail","6":"product_brand-zebra","7":"product_cat-boks-kickbox-tajski-boks-mma","8":"product_cat-bandaze-in-podrokavice","9":"product_cat-zebra-3","10":"product_cat-zebra-1","12":"first","13":"instock","14":"taxable","15":"shipping-taxable","16":"purchasable","17":"product-type-simple"},"_links":{"self":[{"href":"https:\/\/www.budoshop.si\/sl\/wp-json\/wp\/v2\/product\/91974","targetHints":{"allow":["GET"]}}],"collection":[{"href":"https:\/\/www.budoshop.si\/sl\/wp-json\/wp\/v2\/product"}],"about":[{"href":"https:\/\/www.budoshop.si\/sl\/wp-json\/wp\/v2\/types\/product"}],"replies":[{"embeddable":true,"href":"https:\/\/www.budoshop.si\/sl\/wp-json\/wp\/v2\/comments?post=91974"}],"wp:featuredmedia":[{"embeddable":true,"href":"https:\/\/www.budoshop.si\/sl\/wp-json\/wp\/v2\/media\/107464"}],"wp:attachment":[{"href":"https:\/\/www.budoshop.si\/sl\/wp-json\/wp\/v2\/media?parent=91974"}],"wp:term":[{"taxonomy":"product_brand","embeddable":true,"href":"https:\/\/www.budoshop.si\/sl\/wp-json\/wp\/v2\/product_brand?post=91974"},{"taxonomy":"product_cat","embeddable":true,"href":"https:\/\/www.budoshop.si\/sl\/wp-json\/wp\/v2\/product_cat?post=91974"},{"taxonomy":"product_tag","embeddable":true,"href":"https:\/\/www.budoshop.si\/sl\/wp-json\/wp\/v2\/product_tag?post=91974"}],"curies":[{"name":"wp","href":"https:\/\/api.w.org\/{rel}","templated":true}]}}