{"id":91943,"date":"2021-02-18T11:13:00","date_gmt":"2021-02-18T11:13:00","guid":{"rendered":"https:\/\/budoshop.si\/?product=boksarski-povoji-za-dlani-bandaze-zebra-novo"},"modified":"2026-02-13T10:53:33","modified_gmt":"2026-02-13T09:53:33","slug":"boksarski-povoji-za-dlani-bandaze-zebra-novo","status":"publish","type":"product","link":"https:\/\/www.budoshop.si\/sl\/izdelek\/boksarski-povoji-za-dlani-bandaze-zebra-novo\/","title":{"rendered":"Boksarski povoji za dlani &#8211; banda\u017ee &#8221;ZEBRA&#8221;"},"content":{"rendered":"<p><span style=\"font-size: 15px; color: #993300;\">Ti rahlo elasti\u010dni za\u0161\u010ditni boksarski povoji za dlani-banda\u017ee, so izdelane iz 100% visokokakovostnega tkanega stretch bomba\u017ea.Povoji so opremljeni z zanko za palec, zapenjanje na je\u017eka v V-kroju pa zagotavlja \u010drvstost oprijema. Povoji ne vsebujejo \u0161kodljivih AZO barvil!<\/span><br \/>\n<span style=\"font-size: 15px; color: #993300;\">Primerne za Boks, Kick box, Tajski box (Muay Thai), MMA &#8230;<\/span><\/p>\n<p><span style=\"font-size: 15px; color: #993300;\">Boksarske banda\u017ee pomagajo za\u0161\u010dititi kosti in kite rok. Poleg tega nudijo podporo zapestju in palcu. Da bi se izognili po\u0161kodbam, pred treningom zato vedno povite dlani s povoji.<\/span><\/p>\n<p><span style=\"font-size: 15px; color: #993300;\">\u010crno-bele barve.<\/span><\/p>\n<p><span style=\"font-size: 15px; color: #993300;\">Dol\u017eina: 350 ali 450 cm. <\/span><\/p>\n<p><span style=\"font-size: 15px; color: #993300;\">Prodajajo se v paru.<\/span><\/p>\n","protected":false},"excerpt":{"rendered":"<p><span style=\"color: #003366;\"><strong>350 ali 450 cm dolgi pol-elasti\u010dni boksarski za\u0161\u010ditni povoji\/banda\u017ee Zebra.<\/strong><\/span><\/p>\n","protected":false},"featured_media":91948,"comment_status":"open","ping_status":"closed","template":"","meta":[],"product_brand":[5599],"product_cat":[827,1043,1103,1105],"product_tag":[],"class_list":{"0":"post-91943","1":"product","2":"type-product","3":"status-publish","4":"has-post-thumbnail","6":"product_brand-zebra","7":"product_cat-bandaze-in-podrokavice","8":"product_cat-boks-kickbox-tajski-boks-mma","9":"product_cat-zebra-1","10":"product_cat-zebra-3","11":"pa_dolzina-350-cm-sl","12":"pa_dolzina-450-cm-sl","14":"first","15":"instock","16":"taxable","17":"shipping-taxable","18":"purchasable","19":"product-type-variable"},"_links":{"self":[{"href":"https:\/\/www.budoshop.si\/sl\/wp-json\/wp\/v2\/product\/91943","targetHints":{"allow":["GET"]}}],"collection":[{"href":"https:\/\/www.budoshop.si\/sl\/wp-json\/wp\/v2\/product"}],"about":[{"href":"https:\/\/www.budoshop.si\/sl\/wp-json\/wp\/v2\/types\/product"}],"replies":[{"embeddable":true,"href":"https:\/\/www.budoshop.si\/sl\/wp-json\/wp\/v2\/comments?post=91943"}],"wp:featuredmedia":[{"embeddable":true,"href":"https:\/\/www.budoshop.si\/sl\/wp-json\/wp\/v2\/media\/91948"}],"wp:attachment":[{"href":"https:\/\/www.budoshop.si\/sl\/wp-json\/wp\/v2\/media?parent=91943"}],"wp:term":[{"taxonomy":"product_brand","embeddable":true,"href":"https:\/\/www.budoshop.si\/sl\/wp-json\/wp\/v2\/product_brand?post=91943"},{"taxonomy":"product_cat","embeddable":true,"href":"https:\/\/www.budoshop.si\/sl\/wp-json\/wp\/v2\/product_cat?post=91943"},{"taxonomy":"product_tag","embeddable":true,"href":"https:\/\/www.budoshop.si\/sl\/wp-json\/wp\/v2\/product_tag?post=91943"}],"curies":[{"name":"wp","href":"https:\/\/api.w.org\/{rel}","templated":true}]}}