{"id":91422,"date":"2020-11-30T12:15:00","date_gmt":"2020-11-30T12:15:00","guid":{"rendered":"https:\/\/budoshop.si\/?product=judo-kapa-adidas"},"modified":"2025-12-09T09:12:12","modified_gmt":"2025-12-09T08:12:12","slug":"judo-kapa-adidas","status":"publish","type":"product","link":"https:\/\/www.budoshop.si\/sl\/izdelek\/judo-kapa-adidas\/","title":{"rendered":"Judo Kapa &#8221;ADIDAS&#8221;"},"content":{"rendered":"<p><span style=\"font-size: 15px; color: #993300;\">Ta posebna \u0161portna Adidas kapa je namenjena vsem ljubiteljem in navdu\u0161encem Judaa. Izdelana je iz izredno kvalitetnega in zra\u010dnega Climalite<sup>\u00a9<\/sup> materiala, ki zagotavlja prijeten ob\u010dutek suhosti, poleg tega pa kapa nudi tudi UV za\u0161\u010dito (faktor 50+). Prakti\u010dni plasti\u010dni &#8216;snap-back&#8217; trak na zadnji strani omogo\u010da enostavno prilagoditev svoji velikosti. Predoblikovan \u0161ild. Na prednji strani se nahaja vezen Adidasov logotip in pod njim napis Judo.<br \/>\n<\/span><span style=\"font-size: 15px; color: #993300;\">Materiali: zgornji del: 100% bomba\u017e, trak za znoj: 100% bomba\u017e, podloga: 80% poliester, 20% bomba\u017e<\/span><\/p>\n<p><span style=\"font-size: 15px; color: #993300;\">\u010crne barve<\/span><\/p>\n<p><span style=\"font-size: 15px; color: #993300;\">Univerzalna velikost.<\/span><\/p>\n","protected":false},"excerpt":{"rendered":"<p><span style=\"color: #003366;\"><strong>\u0160portna Adidas Judo kapa \u010drne barve.<\/strong><\/span><\/p>\n","protected":false},"featured_media":112701,"comment_status":"open","ping_status":"closed","template":"","meta":[],"product_brand":[5594],"product_cat":[951,1049,1031,1011],"product_tag":[],"class_list":{"0":"post-91422","1":"product","2":"type-product","3":"status-publish","4":"has-post-thumbnail","6":"product_brand-adidas","7":"product_cat-adidas-3","8":"product_cat-adidas-7","9":"product_cat-judo-1","10":"product_cat-kape","11":"pa_barva-bele-barve-sl","12":"pa_barva-crne-barve-sl-2","14":"first","15":"instock","16":"taxable","17":"shipping-taxable","18":"purchasable","19":"product-type-simple"},"_links":{"self":[{"href":"https:\/\/www.budoshop.si\/sl\/wp-json\/wp\/v2\/product\/91422","targetHints":{"allow":["GET"]}}],"collection":[{"href":"https:\/\/www.budoshop.si\/sl\/wp-json\/wp\/v2\/product"}],"about":[{"href":"https:\/\/www.budoshop.si\/sl\/wp-json\/wp\/v2\/types\/product"}],"replies":[{"embeddable":true,"href":"https:\/\/www.budoshop.si\/sl\/wp-json\/wp\/v2\/comments?post=91422"}],"wp:featuredmedia":[{"embeddable":true,"href":"https:\/\/www.budoshop.si\/sl\/wp-json\/wp\/v2\/media\/112701"}],"wp:attachment":[{"href":"https:\/\/www.budoshop.si\/sl\/wp-json\/wp\/v2\/media?parent=91422"}],"wp:term":[{"taxonomy":"product_brand","embeddable":true,"href":"https:\/\/www.budoshop.si\/sl\/wp-json\/wp\/v2\/product_brand?post=91422"},{"taxonomy":"product_cat","embeddable":true,"href":"https:\/\/www.budoshop.si\/sl\/wp-json\/wp\/v2\/product_cat?post=91422"},{"taxonomy":"product_tag","embeddable":true,"href":"https:\/\/www.budoshop.si\/sl\/wp-json\/wp\/v2\/product_tag?post=91422"}],"curies":[{"name":"wp","href":"https:\/\/api.w.org\/{rel}","templated":true}]}}