{"id":91289,"date":"2020-10-23T09:11:46","date_gmt":"2020-10-23T09:11:46","guid":{"rendered":"https:\/\/budoshop.si\/?product=katana-takenomori-novo"},"modified":"2026-02-25T17:16:10","modified_gmt":"2026-02-25T16:16:10","slug":"katana-takenomori-novo","status":"publish","type":"product","link":"https:\/\/www.budoshop.si\/sl\/izdelek\/katana-takenomori-novo\/","title":{"rendered":"Katana &#8221;TAKENOMORI&#8221;"},"content":{"rendered":"<div style=\"text-align: justify;\">\n<p><span style=\"color: #993300; font-size: 15px;\">Ta Katana je namenjena vsem, ki za svoj Iai-do ali Kenjutsu trening \u017eelijo kvaliteten me\u010d za dolgo uporabo, vendar zanj ne bi od\u0161teli preve\u010d. Kljub nizki ceni ta me\u010d nudi odli\u010dno kvaliteto in obstojnost, saj je me\u010d (strojno) kovan in ro\u010dno poliran. Koshirae so narejeni iz jekla, medenine in aluminijske zlitine (Fuchi in Kashira), rezilo pa je izdelano iz 1045 high carbon jekla. Tsuka in Saya sta narejeni iz \u010dvrstega lesa. Tsuka Ito je narejena iz sinteti\u010dnega bomba\u017ea, ki je vezan preko pravega ribjega usnja. Me\u010d krasi tudi zanimiva rjavo-\u010drna barvna kombinacija in unikatni Tsuba (\u0161\u010ditnik) in drugi kovinski dodatki.<\/span><\/p>\n<p><span style=\"font-size: 15px; color: #993300;\">Detajli:<\/span><br \/>\n<span style=\"font-size: 15px; color: #993300;\">Jeklo: 1045 High Carbon Steel<\/span><br \/>\n<span style=\"font-size: 15px; color: #993300;\">NAGASA (dol\u017eina rezila): 72 cm, 74 cm s Habaki-jem<\/span><br \/>\n<span style=\"font-size: 15px; color: #993300;\">HAMON (motiv ostrine): Notare<\/span><br \/>\n<span style=\"font-size: 15px; color: #993300;\">SORI (ukrivljenost): 2,00 cm <\/span><br \/>\n<span style=\"font-size: 15px; color: #993300;\">TSUKA (ro\u010daj): 27 cm <\/span><br \/>\n<span style=\"font-size: 15px; color: #993300;\">TSUKA ITO (navitje ro\u010daja): rjav bomba\u017e<\/span><br \/>\n<span style=\"font-size: 15px; color: #993300;\">SAME (podloga ro\u010daja): pravo ribje usnje<\/span><br \/>\n<span style=\"font-size: 15px; color: #993300;\">TSUBA (\u0161\u010ditnik): Shin no Marugata<\/span><br \/>\n<span style=\"font-size: 15px; color: #993300;\">BOHI (\u017eleb v rezilu): DA<\/span><br \/>\n<span style=\"font-size: 15px; color: #993300;\">SAYA (no\u017enica): 78 cm \u010drno-rjave barve lakiran les<\/span><br \/>\n<span style=\"font-size: 15px; color: #993300;\">SAGEO (vrvica): \u010drno bomba\u017e<\/span><br \/>\n<span style=\"font-size: 15px; color: #993300;\">MEKUGI (zati\u010d): bambusov 2X <\/span><br \/>\n<span style=\"font-size: 15px; color: #993300;\">Te\u017ea: cca. 1.400 g (s Sayo), 1.180 g (brez Saye)<\/span><\/p>\n<p><span style=\"font-size: 15px; color: #993300;\">Darilo: bomba\u017ena prenosna torba!<\/span><\/p>\n<p><span style=\"font-size: 15px; color: #993300;\">TA ARTIKEL PRODAJAMO SAMO POLNOLETNIM OSEBAM!!!<\/span><\/p>\n<\/div>\n<div style=\"text-align: justify;\"><\/div>\n<div style=\"text-align: justify;\"><span style=\"color: #993300; font-size: 15px;\">\u00a0<\/span><\/div>\n<p><span style=\"color: #993300; font-size: 11px;\">Opozorilo!<br \/>\n\u25ba Artikel je namenjen samo dekorativni uporabi oziroma osebnemu treningu borilnih ve\u0161\u010din.<br \/>\n\u25ba Po prodaji, prodajalec ni ve\u010d odgovoren za nikakr\u0161ne po\u0161kodbe, ki se lahko zgodijo zaradi napa\u010dne uporabe ali zanemarjanja teh opozoril. Novi lastnik prevzema popolno odgovornost za skrb in uporabo tega artikla.<br \/>\n\u25ba Vsakr\u0161na napa\u010dna uporaba ali nepazljivost lahko vam ali drugemu povzro\u010di resne po\u0161kodbe ali celo smrt!<br \/>\n\u25ba Ta artikel se v nobenem primeru ne sme uporabljati na drugi osebi!<\/span><\/p>\n","protected":false},"excerpt":{"rendered":"<p><span style=\"color: #003366;\"><strong>Prakti\u010den kovinski vadbeni Katana me\u010d.<\/strong><\/span><\/p>\n","protected":false},"featured_media":91296,"comment_status":"open","ping_status":"closed","template":"","meta":[],"product_brand":[5600],"product_cat":[5383,1035,1037,977,1055],"product_tag":[],"class_list":{"0":"post-91289","1":"product","2":"type-product","3":"status-publish","4":"has-post-thumbnail","6":"product_brand-yari-no-hanzo","7":"product_cat-iaito-trening-katana-meci","8":"product_cat-aikido-kendo-iai-kobudo-1","9":"product_cat-ninjutsu-3","10":"product_cat-yari-no-hanzo-1","11":"product_cat-yari-no-hanzo-3","13":"first","14":"outofstock","15":"taxable","16":"shipping-taxable","17":"purchasable","18":"product-type-simple"},"_links":{"self":[{"href":"https:\/\/www.budoshop.si\/sl\/wp-json\/wp\/v2\/product\/91289","targetHints":{"allow":["GET"]}}],"collection":[{"href":"https:\/\/www.budoshop.si\/sl\/wp-json\/wp\/v2\/product"}],"about":[{"href":"https:\/\/www.budoshop.si\/sl\/wp-json\/wp\/v2\/types\/product"}],"replies":[{"embeddable":true,"href":"https:\/\/www.budoshop.si\/sl\/wp-json\/wp\/v2\/comments?post=91289"}],"wp:featuredmedia":[{"embeddable":true,"href":"https:\/\/www.budoshop.si\/sl\/wp-json\/wp\/v2\/media\/91296"}],"wp:attachment":[{"href":"https:\/\/www.budoshop.si\/sl\/wp-json\/wp\/v2\/media?parent=91289"}],"wp:term":[{"taxonomy":"product_brand","embeddable":true,"href":"https:\/\/www.budoshop.si\/sl\/wp-json\/wp\/v2\/product_brand?post=91289"},{"taxonomy":"product_cat","embeddable":true,"href":"https:\/\/www.budoshop.si\/sl\/wp-json\/wp\/v2\/product_cat?post=91289"},{"taxonomy":"product_tag","embeddable":true,"href":"https:\/\/www.budoshop.si\/sl\/wp-json\/wp\/v2\/product_tag?post=91289"}],"curies":[{"name":"wp","href":"https:\/\/api.w.org\/{rel}","templated":true}]}}