{"id":91221,"date":"2020-09-03T09:24:58","date_gmt":"2020-09-03T09:24:58","guid":{"rendered":"https:\/\/budoshop.si\/?product=otroska-napihljiva-samostojeca-boksarska-vreca"},"modified":"2026-01-10T11:47:44","modified_gmt":"2026-01-10T10:47:44","slug":"otroska-napihljiva-samostojeca-boksarska-vreca","status":"publish","type":"product","link":"https:\/\/www.budoshop.si\/sl\/izdelek\/otroska-napihljiva-samostojeca-boksarska-vreca\/","title":{"rendered":"Otro\u0161ka napihljiva samostoje\u010da boksarska vre\u010da"},"content":{"rendered":"<p><span style=\"color: #993300; font-size: 15px;\">S tem pripomo\u010dkom sem bo va\u0161 otrok zabaval, vadil in porabljal vi\u0161ek energije!<br \/>\nTa samostoje\u010da boksarska vre\u010da je izdelana iz PVC materiala in jo sestavlja napihljiva konstrukcija ter podstavek, ki se ga za stabilnost napolni z vodo. Ob udarcu se tako boksarska vre\u010da nagne in takoj vrne v pokon\u010den polo\u017eaj.<\/span><br \/>\n<span style=\"color: #993300; font-size: 15px;\">Napihljiva boksarska vre\u010da je primerna za otroke, ki jim starost \u0161e ne omogo\u010da vadbe na pravih boksarskih vre\u010dah, pa tudi za odrasle, ki si \u017eelijo pove\u010dati svojo telesno aktivnost s super lahkim treningom.<\/span><br \/>\n<span style=\"color: #993300; font-size: 15px;\">Prilo\u017eena enostavna no\u017ena \u010drpalka s katero se samostoje\u010do vre\u010do napihne.<\/span><br \/>\n<span style=\"color: #993300; font-size: 15px;\">Rumeno-\u010drne barve.<\/span><\/p>\n<p><span style=\"color: #993300; font-size: 15px;\">Vi\u0161ina: cca. 160 cm<\/span><\/p>\n<p>&nbsp;<\/p>\n<p><span style=\"color: #993300; font-size: x-small;\">Opomba: ta boksarska vre\u010da ni primerna mo\u010dnim udarcem, temve\u010d je namenjena lahkim treningom udarce z roko in nogo ter gib\u010dnosti in koordinaciji telesnega gibanja.<\/span><br \/>\n<span style=\"color: #993300; font-size: x-small;\"> Pri pripravi, shranjevanju in uporabi je potrebna previdnost, da se prepre\u010dijo po\u0161kodbe in ob tem preluknjanje vre\u010de!<\/span><\/p>\n","protected":false},"excerpt":{"rendered":"<p><span style=\"color: #003366;\"><strong>Otro\u0161ka napihljiva samostoje\u010da boksarska vre\u010da.<\/strong><\/span><\/p>\n","protected":false},"featured_media":91226,"comment_status":"open","ping_status":"closed","template":"","meta":[],"product_brand":[],"product_cat":[5431,1043,1033,1031,1029,1037,1039,867,1083,1075],"product_tag":[],"class_list":{"0":"post-91221","1":"product","2":"type-product","3":"status-publish","4":"has-post-thumbnail","6":"product_cat-otroske-boksarske-vrece","7":"product_cat-boks-kickbox-tajski-boks-mma","8":"product_cat-ju-jitsujiu-jitsu-1","9":"product_cat-judo-1","10":"product_cat-karate-5","11":"product_cat-ninjutsu-3","12":"product_cat-taekwondo-3","13":"product_cat-samostojece-vrece","14":"product_cat-pride-3","15":"product_cat-pride-1","17":"first","18":"instock","19":"taxable","20":"shipping-taxable","21":"purchasable","22":"product-type-simple"},"_links":{"self":[{"href":"https:\/\/www.budoshop.si\/sl\/wp-json\/wp\/v2\/product\/91221","targetHints":{"allow":["GET"]}}],"collection":[{"href":"https:\/\/www.budoshop.si\/sl\/wp-json\/wp\/v2\/product"}],"about":[{"href":"https:\/\/www.budoshop.si\/sl\/wp-json\/wp\/v2\/types\/product"}],"replies":[{"embeddable":true,"href":"https:\/\/www.budoshop.si\/sl\/wp-json\/wp\/v2\/comments?post=91221"}],"wp:featuredmedia":[{"embeddable":true,"href":"https:\/\/www.budoshop.si\/sl\/wp-json\/wp\/v2\/media\/91226"}],"wp:attachment":[{"href":"https:\/\/www.budoshop.si\/sl\/wp-json\/wp\/v2\/media?parent=91221"}],"wp:term":[{"taxonomy":"product_brand","embeddable":true,"href":"https:\/\/www.budoshop.si\/sl\/wp-json\/wp\/v2\/product_brand?post=91221"},{"taxonomy":"product_cat","embeddable":true,"href":"https:\/\/www.budoshop.si\/sl\/wp-json\/wp\/v2\/product_cat?post=91221"},{"taxonomy":"product_tag","embeddable":true,"href":"https:\/\/www.budoshop.si\/sl\/wp-json\/wp\/v2\/product_tag?post=91221"}],"curies":[{"name":"wp","href":"https:\/\/api.w.org\/{rel}","templated":true}]}}