{"id":91139,"date":"2020-07-01T11:31:17","date_gmt":"2020-07-01T11:31:17","guid":{"rendered":"https:\/\/budoshop.si\/?product=zenski-karate-scitnik-za-mednozje-suspenzor-tokaido-wkf"},"modified":"2023-09-30T06:51:40","modified_gmt":"2023-09-30T04:51:40","slug":"zenski-karate-scitnik-za-mednozje-suspenzor-tokaido-wkf","status":"publish","type":"product","link":"https:\/\/www.budoshop.si\/sl\/izdelek\/zenski-karate-scitnik-za-mednozje-suspenzor-tokaido-wkf\/","title":{"rendered":"\u017denski Karate \u0161\u010ditnik za medno\u017eje (suspenzor) &#8221;TOKAIDO WKF&#8221;"},"content":{"rendered":"<p><span style=\"color: #993300; font-size: 15px;\">Ta \u017eenski Karate \u0161\u010ditnik genitalij je izdelan iz posebne mehke pene, ki je oble\u010dena v umetno usnje. Elasti\u010den trak nudi dober oprijem telesu in hitro obla\u010denje tre sla\u010denje. Zaradi materialov izdelave je \u0161\u010ditnik izjemno higieni\u010den in udoben. \u0160\u010ditnik je anatomi\u010dno oblikovan \u017eenskemu telesu, da zagotavlja maksimalno potrebno za\u0161\u010dito medno\u017eja tako med treningom kot na tekmovanju.<\/span><\/p>\n<p><span style=\"font-size: 15px; color: #993300;\">\u0160\u010ditnik maksimalno \u0161\u010diti genitalije in je zato primeren tudi za druge vrste \u0161portov in ve\u0161\u010din.<\/span><\/p>\n<p><span style=\"color: #993300; font-size: 15px;\"><strong>Kvaliteta, ki jo lahko zagotavlja samo japonska TOKAIDO znamka!<\/strong><\/span><\/p>\n<p><span id=\"dnn_ctr448_ProductPage_lblItemHtmlHolder\" style=\"font-size: 15px; color: #993300;\"><strong>Ta artikel je odobren iz strani WKF<\/strong>-a (World Karate Federation).<br \/>\n<\/span><\/p>\n<p><span style=\"font-size: 15px; color: #993300;\">Velikosti: S &#8211; M &#8211; L &#8211; XL<\/span><\/p>\n","protected":false},"excerpt":{"rendered":"<p><span style=\"color: #002060;\"><strong>WKF verificiran Tokaido \u017eenski Karate \u0161\u010ditnik medno\u017eja.<\/strong><\/span><\/p>\n","protected":false},"featured_media":91144,"comment_status":"open","ping_status":"closed","template":"","meta":[],"product_brand":[5598],"product_cat":[1029,1117,765,1047,949],"product_tag":[],"class_list":{"0":"post-91139","1":"product","2":"type-product","3":"status-publish","4":"has-post-thumbnail","6":"product_brand-tokaido","7":"product_cat-karate-5","8":"product_cat-scitniki-za-zenske","9":"product_cat-suspenzorji","10":"product_cat-tokaido-1","11":"product_cat-shureido-3","12":"pa_velikost-l-sl-2","13":"pa_velikost-m-sl-2","14":"pa_velikost-s-sl-2","15":"pa_velikost-xl-sl","17":"first","18":"instock","19":"taxable","20":"shipping-taxable","21":"purchasable","22":"product-type-variable"},"_links":{"self":[{"href":"https:\/\/www.budoshop.si\/sl\/wp-json\/wp\/v2\/product\/91139","targetHints":{"allow":["GET"]}}],"collection":[{"href":"https:\/\/www.budoshop.si\/sl\/wp-json\/wp\/v2\/product"}],"about":[{"href":"https:\/\/www.budoshop.si\/sl\/wp-json\/wp\/v2\/types\/product"}],"replies":[{"embeddable":true,"href":"https:\/\/www.budoshop.si\/sl\/wp-json\/wp\/v2\/comments?post=91139"}],"wp:featuredmedia":[{"embeddable":true,"href":"https:\/\/www.budoshop.si\/sl\/wp-json\/wp\/v2\/media\/91144"}],"wp:attachment":[{"href":"https:\/\/www.budoshop.si\/sl\/wp-json\/wp\/v2\/media?parent=91139"}],"wp:term":[{"taxonomy":"product_brand","embeddable":true,"href":"https:\/\/www.budoshop.si\/sl\/wp-json\/wp\/v2\/product_brand?post=91139"},{"taxonomy":"product_cat","embeddable":true,"href":"https:\/\/www.budoshop.si\/sl\/wp-json\/wp\/v2\/product_cat?post=91139"},{"taxonomy":"product_tag","embeddable":true,"href":"https:\/\/www.budoshop.si\/sl\/wp-json\/wp\/v2\/product_tag?post=91139"}],"curies":[{"name":"wp","href":"https:\/\/api.w.org\/{rel}","templated":true}]}}