{"id":91087,"date":"2020-06-09T13:00:32","date_gmt":"2020-06-09T13:00:32","guid":{"rendered":"https:\/\/budoshop.si\/?product=sportna-torba-judo"},"modified":"2026-01-12T15:52:30","modified_gmt":"2026-01-12T14:52:30","slug":"sportna-torba-judo","status":"publish","type":"product","link":"https:\/\/www.budoshop.si\/sl\/izdelek\/sportna-torba-judo\/","title":{"rendered":"\u0160portna torba &#8221;JUDO&#8221;"},"content":{"rendered":"<p style=\"text-align: justify;\"><span style=\"font-size: 15px; color: #993300;\">Ta \u0161portna Judo torba je resni\u010dno vsestranska. Je hkrati kompaktna in prostorna in zato idealna za treninge in tekmovanja ali kot potovalna torba. Izdelana je iz kombinacije trpe\u017enega poliestra in umetnega usnja. <span style=\"color: #993300;\">Torbo sestavlja velik in dva stranska prostora z zapiranjem na zadrgo. Vklju\u010duje tudi poseben predel za prenos ra\u010dunalnika<\/span> Ve\u010d \u0161irokih gumiranih ro\u010dev omogo\u010da vertikalno ali horizontalno prena\u0161anje. Po potrebi pa se lahko torba z nekaj enostavnimi koraki spremeni v prakti\u010den nahrbtnik. \u010crne barve z belim Judo napisom.<br \/>\n<\/span><\/p>\n<p><span style=\"font-size: 15px; color: #993300;\">Mere: cca.: 70 x 30 x 25 cm<\/span><\/p>\n","protected":false},"excerpt":{"rendered":"<p><span style=\"color: #003366;\"><strong>Ve\u010dnamenska Judo \u0161portna torba \/ nahrbtnik.<\/strong><\/span><\/p>\n","protected":false},"featured_media":110006,"comment_status":"open","ping_status":"closed","template":"","meta":[],"product_brand":[5608],"product_cat":[1085,1087,1033,1031,971],"product_tag":[],"class_list":{"0":"post-91087","1":"product","2":"type-product","3":"status-publish","4":"has-post-thumbnail","6":"product_brand-dax","7":"product_cat-dax-1","8":"product_cat-dax-3","9":"product_cat-ju-jitsujiu-jitsu-1","10":"product_cat-judo-1","11":"product_cat-sportne-torbe","13":"first","14":"instock","15":"taxable","16":"shipping-taxable","17":"purchasable","18":"product-type-simple"},"_links":{"self":[{"href":"https:\/\/www.budoshop.si\/sl\/wp-json\/wp\/v2\/product\/91087","targetHints":{"allow":["GET"]}}],"collection":[{"href":"https:\/\/www.budoshop.si\/sl\/wp-json\/wp\/v2\/product"}],"about":[{"href":"https:\/\/www.budoshop.si\/sl\/wp-json\/wp\/v2\/types\/product"}],"replies":[{"embeddable":true,"href":"https:\/\/www.budoshop.si\/sl\/wp-json\/wp\/v2\/comments?post=91087"}],"wp:featuredmedia":[{"embeddable":true,"href":"https:\/\/www.budoshop.si\/sl\/wp-json\/wp\/v2\/media\/110006"}],"wp:attachment":[{"href":"https:\/\/www.budoshop.si\/sl\/wp-json\/wp\/v2\/media?parent=91087"}],"wp:term":[{"taxonomy":"product_brand","embeddable":true,"href":"https:\/\/www.budoshop.si\/sl\/wp-json\/wp\/v2\/product_brand?post=91087"},{"taxonomy":"product_cat","embeddable":true,"href":"https:\/\/www.budoshop.si\/sl\/wp-json\/wp\/v2\/product_cat?post=91087"},{"taxonomy":"product_tag","embeddable":true,"href":"https:\/\/www.budoshop.si\/sl\/wp-json\/wp\/v2\/product_tag?post=91087"}],"curies":[{"name":"wp","href":"https:\/\/api.w.org\/{rel}","templated":true}]}}