{"id":90897,"date":"2020-05-19T09:08:43","date_gmt":"2020-05-19T09:08:43","guid":{"rendered":"https:\/\/budoshop.si\/?product=moski-karate-scitnik-za-mednozje-suspenzor-tokaido-wkf"},"modified":"2026-02-20T09:40:42","modified_gmt":"2026-02-20T08:40:42","slug":"moski-karate-scitnik-za-mednozje-suspenzor-tokaido-wkf","status":"publish","type":"product","link":"https:\/\/www.budoshop.si\/sl\/izdelek\/moski-karate-scitnik-za-mednozje-suspenzor-tokaido-wkf\/","title":{"rendered":"Mo\u0161ki Karate \u0161\u010ditnik za medno\u017eje (suspenzor) &#8221;TOKAIDO WKF&#8221;"},"content":{"rendered":"<p><span style=\"color: #993300; font-size: 15px;\">Ta Karate \u0161\u010ditnik genitalij sestavlja odstranljiv, \u010dvrst, anatomsko oblikovan plasti\u010dni vlo\u017eek, ki zagotavlja vso potrebno za\u0161\u010dito medno\u017eja in \u0161irok elasti\u010den trak, ki nudi dober oprijem telesu ter hitro obla\u010denje in sla\u010denje. Odstranljiv vlo\u017eek zagotavlja dobro higieni\u010dnost saj se ga enostavno obri\u0161e z vla\u017eno krpo, ostalo pa opere v pralnem stroju.<\/span><\/p>\n<p><span style=\"font-size: 15px; color: #993300;\">\u0160\u010ditnik maksimalno \u0161\u010diti genitalije in je zato primeren tudi za druge vrste \u0161portov in ve\u0161\u010din.<\/span><\/p>\n<p><span style=\"color: #993300; font-size: 15px;\"><strong>Kvaliteta, ki jo lahko zagotavlja samo japonska TOKAIDO znamka!<\/strong><\/span><\/p>\n<p><span id=\"dnn_ctr448_ProductPage_lblItemHtmlHolder\" style=\"font-size: 15px; color: #993300;\"><strong>Ta artikel je odobren iz strani WKF<\/strong>-a (World Karate Federation).<br \/>\n<\/span><br \/>\n<span style=\"font-size: 15px; color: #993300;\">Ustreza CE standardom!<\/span><\/p>\n<p><span style=\"font-size: 15px; color: #993300;\">Velikosti: XS &#8211; S &#8211; M &#8211; L &#8211; XL<\/span><\/p>\n","protected":false},"excerpt":{"rendered":"<p><span style=\"color: #002060;\"><strong>WKF verificiran Tokaido mo\u0161ki Karate \u0161\u010ditnik genitalij.<\/strong><\/span><\/p>\n","protected":false},"featured_media":90902,"comment_status":"open","ping_status":"closed","template":"","meta":[],"product_brand":[5598],"product_cat":[1033,1029,765,1047,949],"product_tag":[],"class_list":{"0":"post-90897","1":"product","2":"type-product","3":"status-publish","4":"has-post-thumbnail","6":"product_brand-tokaido","7":"product_cat-ju-jitsujiu-jitsu-1","8":"product_cat-karate-5","9":"product_cat-suspenzorji","10":"product_cat-tokaido-1","11":"product_cat-shureido-3","12":"pa_velikost-l-sl-2","13":"pa_velikost-m-sl-2","14":"pa_velikost-s-sl-2","15":"pa_velikost-xl-sl","16":"pa_velikost-xs-sl","18":"first","19":"instock","20":"taxable","21":"shipping-taxable","22":"purchasable","23":"product-type-variable"},"_links":{"self":[{"href":"https:\/\/www.budoshop.si\/sl\/wp-json\/wp\/v2\/product\/90897","targetHints":{"allow":["GET"]}}],"collection":[{"href":"https:\/\/www.budoshop.si\/sl\/wp-json\/wp\/v2\/product"}],"about":[{"href":"https:\/\/www.budoshop.si\/sl\/wp-json\/wp\/v2\/types\/product"}],"replies":[{"embeddable":true,"href":"https:\/\/www.budoshop.si\/sl\/wp-json\/wp\/v2\/comments?post=90897"}],"wp:featuredmedia":[{"embeddable":true,"href":"https:\/\/www.budoshop.si\/sl\/wp-json\/wp\/v2\/media\/90902"}],"wp:attachment":[{"href":"https:\/\/www.budoshop.si\/sl\/wp-json\/wp\/v2\/media?parent=90897"}],"wp:term":[{"taxonomy":"product_brand","embeddable":true,"href":"https:\/\/www.budoshop.si\/sl\/wp-json\/wp\/v2\/product_brand?post=90897"},{"taxonomy":"product_cat","embeddable":true,"href":"https:\/\/www.budoshop.si\/sl\/wp-json\/wp\/v2\/product_cat?post=90897"},{"taxonomy":"product_tag","embeddable":true,"href":"https:\/\/www.budoshop.si\/sl\/wp-json\/wp\/v2\/product_tag?post=90897"}],"curies":[{"name":"wp","href":"https:\/\/api.w.org\/{rel}","templated":true}]}}