{"id":90853,"date":"2020-05-14T12:54:38","date_gmt":"2020-05-14T12:54:38","guid":{"rendered":"https:\/\/budoshop.si\/?product=speed-pulling-elastika-medium"},"modified":"2023-10-12T08:45:21","modified_gmt":"2023-10-12T06:45:21","slug":"speed-pulling-elastika-medium-1","status":"publish","type":"product","link":"https:\/\/www.budoshop.si\/sl\/izdelek\/speed-pulling-elastika-medium-1\/","title":{"rendered":"Speed pulling elastika &#8221;MEDIUM&#8221;"},"content":{"rendered":"<p><span style=\"font-size: 15px; color: #993300;\">Speed pulling rope je izredno u\u010dinkovit pripomo\u010dek s katerim se, poleg splo\u0161ne kondicije, razgibavanja in kurjenja kalorij, trenira eksplozivnost in hitrost v borilnih ve\u0161\u010dinah. Z njim se lahko dela mnogo razli\u010dnih variacij vadb, ki targetirajo celotno telo ali pa posamezne mi\u0161ice in izbolj\u0161a borbena tehni\u010dna spretnost. Uporaben je tudi pri rehabilitacijah tistih, ki so imeli po\u0161kodbe z nogami, koleni ali hrbtom.<\/span><\/p>\n<p><span style=\"font-size: 15px; color: #993300;\"><span style=\"color: #993300;\">Pripomo\u010dek je primeren tako za za\u010detnike, izku\u0161ene \u0161portnike in profesionalce, pa tudi popolne amaterje. Speed pulling rope se lahko vzame kamorkoli in uporablja doma, v slu\u017ebi, v telovadnici, v parku, na pla\u017ei ali kjerkoli drugje.<\/span><\/span><\/p>\n<p><span style=\"font-size: 15px; color: #993300;\">Pripomo\u010dek sestavlja profesionalna elasti\u010dna vle\u010dna vrv z oblo\u017eenima ro\u010dkama za varen in udoben prijem na vsakem koncu. Uporablja se ga lahko z rokami ali nogami in v kombinaciji z drugimi pripomo\u010dki.<\/span><\/p>\n<p><span style=\"font-size: 15px; color: #993300;\">Zelene barve.<\/span><\/p>\n<p><span style=\"color: #993300; font-size: 15px;\">Dol\u017eina: cca. 350cm<\/span><\/p>\n<p><span style=\"color: #993300; font-size: 15px;\">Mo\u010d: lahka (cca. 30kg)<\/span><\/p>\n","protected":false},"excerpt":{"rendered":"<p><span style=\"color: #003366;\"><strong>Profesionalna elasti\u010dna vrv za fitnes in trening borilnih ve\u0161\u010din &#8211; 30kg<\/strong>.<\/span><\/p>\n","protected":false},"featured_media":90856,"comment_status":"open","ping_status":"closed","template":"","meta":[],"product_brand":[],"product_cat":[1043,1085,1087,1121,1033,1031,1029,1039,1041],"product_tag":[],"class_list":{"0":"post-90853","1":"product","2":"type-product","3":"status-publish","4":"has-post-thumbnail","6":"product_cat-boks-kickbox-tajski-boks-mma","7":"product_cat-dax-1","8":"product_cat-dax-3","9":"product_cat-elastike","10":"product_cat-ju-jitsujiu-jitsu-1","11":"product_cat-judo-1","12":"product_cat-karate-5","13":"product_cat-taekwondo-3","14":"product_cat-tai-chi-kunf-fu-wu-shu-1","16":"first","17":"instock","18":"taxable","19":"shipping-taxable","20":"purchasable","21":"product-type-simple"},"_links":{"self":[{"href":"https:\/\/www.budoshop.si\/sl\/wp-json\/wp\/v2\/product\/90853","targetHints":{"allow":["GET"]}}],"collection":[{"href":"https:\/\/www.budoshop.si\/sl\/wp-json\/wp\/v2\/product"}],"about":[{"href":"https:\/\/www.budoshop.si\/sl\/wp-json\/wp\/v2\/types\/product"}],"replies":[{"embeddable":true,"href":"https:\/\/www.budoshop.si\/sl\/wp-json\/wp\/v2\/comments?post=90853"}],"wp:featuredmedia":[{"embeddable":true,"href":"https:\/\/www.budoshop.si\/sl\/wp-json\/wp\/v2\/media\/90856"}],"wp:attachment":[{"href":"https:\/\/www.budoshop.si\/sl\/wp-json\/wp\/v2\/media?parent=90853"}],"wp:term":[{"taxonomy":"product_brand","embeddable":true,"href":"https:\/\/www.budoshop.si\/sl\/wp-json\/wp\/v2\/product_brand?post=90853"},{"taxonomy":"product_cat","embeddable":true,"href":"https:\/\/www.budoshop.si\/sl\/wp-json\/wp\/v2\/product_cat?post=90853"},{"taxonomy":"product_tag","embeddable":true,"href":"https:\/\/www.budoshop.si\/sl\/wp-json\/wp\/v2\/product_tag?post=90853"}],"curies":[{"name":"wp","href":"https:\/\/api.w.org\/{rel}","templated":true}]}}