{"id":90654,"date":"2020-04-29T11:41:07","date_gmt":"2020-04-29T11:41:07","guid":{"rendered":"https:\/\/budoshop.si\/?product=vodna-boksarska-vreca-hydropro-15kg"},"modified":"2026-01-19T08:31:06","modified_gmt":"2026-01-19T07:31:06","slug":"vodna-boksarska-vreca-hydropro-15kg","status":"publish","type":"product","link":"https:\/\/www.budoshop.si\/sl\/izdelek\/vodna-boksarska-vreca-hydropro-15kg\/","title":{"rendered":"Vodna boksarska vre\u010da &#8221;HYDROPRO 15 kg&#8221;"},"content":{"rendered":"<p><span style=\"font-size: 15px; color: #993300;\">Vodna boksarska vre\u010da je revolucionarna novost v vadbi borilnih ve\u0161\u010din. Izdelana je iz super trpe\u017enega gumiranega PVC vinila, da je vre\u010da vzdr\u017eljiva in mo\u010dna. Idealna je za trening boksa, MMA-ja, Karate-ja in drugih kontaktnih \u0161portov. Vodno polnjenje pomaga ohranjati vre\u010do med treningom bolj stabilno, zmanj\u0161uje nihanje in odve\u010dno gibanje med treningom. Prednost vodne vre\u010de je tudi v tem, da se jo lahko napolni z vodo po lastni volji in tako trenira s spremenljivo te\u017eo po \u017eelji. Glede na koli\u010dino vode, ki se jo vstavi v to posebno boksarsko vre\u010do, je u\u010dinek udarcev te\u017eji ali mehkej\u0161i. Oblika vodne kaplje je idealna za trening vseh vrst udarcev roko in nogo.<\/span><br \/>\n<span style=\"font-size: 15px; color: #993300;\">Primerno za rekreativno in profesionalno rabo.<\/span><br \/>\n<span style=\"font-size: 15px; color: #993300;\">Z vodo se enostavno napolni ali izprazni v nekaj minutah.<\/span><br \/>\n<span style=\"font-size: 15px; color: #993300;\">Modre barve.<\/span><br \/>\n<span style=\"font-size: 15px; color: #993300;\">Vre\u010da se dostavlja prazna.<\/span><\/p>\n<p><span style=\"font-size: 15px; color: #993300;\">Velikost:<\/span><br \/>\n<span style=\"font-size: 15px; color: #993300;\">&#8211; 30 x 40 cm \u2013 maksimalna te\u017ea: 15 kg<\/span><\/p>\n","protected":false},"excerpt":{"rendered":"<p><span style=\"color: #003366;\"><strong>Inovativna 15 kg vodna boksarska vre\u010da.<\/strong><\/span><\/p>\n","protected":false},"featured_media":90659,"comment_status":"open","ping_status":"closed","template":"","meta":[],"product_brand":[],"product_cat":[1043,1029,1039,865,1083,1075],"product_tag":[],"class_list":{"0":"post-90654","1":"product","2":"type-product","3":"status-publish","4":"has-post-thumbnail","6":"product_cat-boks-kickbox-tajski-boks-mma","7":"product_cat-karate-5","8":"product_cat-taekwondo-3","9":"product_cat-visece-vrece","10":"product_cat-pride-3","11":"product_cat-pride-1","13":"first","14":"instock","15":"taxable","16":"shipping-taxable","17":"purchasable","18":"product-type-simple"},"_links":{"self":[{"href":"https:\/\/www.budoshop.si\/sl\/wp-json\/wp\/v2\/product\/90654","targetHints":{"allow":["GET"]}}],"collection":[{"href":"https:\/\/www.budoshop.si\/sl\/wp-json\/wp\/v2\/product"}],"about":[{"href":"https:\/\/www.budoshop.si\/sl\/wp-json\/wp\/v2\/types\/product"}],"replies":[{"embeddable":true,"href":"https:\/\/www.budoshop.si\/sl\/wp-json\/wp\/v2\/comments?post=90654"}],"wp:featuredmedia":[{"embeddable":true,"href":"https:\/\/www.budoshop.si\/sl\/wp-json\/wp\/v2\/media\/90659"}],"wp:attachment":[{"href":"https:\/\/www.budoshop.si\/sl\/wp-json\/wp\/v2\/media?parent=90654"}],"wp:term":[{"taxonomy":"product_brand","embeddable":true,"href":"https:\/\/www.budoshop.si\/sl\/wp-json\/wp\/v2\/product_brand?post=90654"},{"taxonomy":"product_cat","embeddable":true,"href":"https:\/\/www.budoshop.si\/sl\/wp-json\/wp\/v2\/product_cat?post=90654"},{"taxonomy":"product_tag","embeddable":true,"href":"https:\/\/www.budoshop.si\/sl\/wp-json\/wp\/v2\/product_tag?post=90654"}],"curies":[{"name":"wp","href":"https:\/\/api.w.org\/{rel}","templated":true}]}}