{"id":90621,"date":"2020-04-16T12:26:22","date_gmt":"2020-04-16T10:26:22","guid":{"rendered":"https:\/\/budoshop.si\/?product=buff-stop-virus-v-akciji"},"modified":"2024-02-15T10:00:11","modified_gmt":"2024-02-15T09:00:11","slug":"buff-stop-virus-v-akciji","status":"publish","type":"product","link":"https:\/\/www.budoshop.si\/sl\/izdelek\/buff-stop-virus-v-akciji\/","title":{"rendered":"Buff &#8221;STOP VIRUS&#8221; &#8211; V AKCIJI!!!"},"content":{"rendered":"<p><span style=\"font-size: small; color: #993300;\">Buff STOP VIRUS je ve\u010dnamenska cevasta ruta, ki se jo povezne preko glave in lahko uporablja kot masko za obraz, kapo ali ovratni \u0161al. Nudi lahko za\u0161\u010dito pred prahom, za\u0161\u010dito pred razli\u010dnimi vremenskimi vplivi in ovira kaplji\u010dni prenos, zato je primerna za uporabo pri razli\u010dnih zunanjih aktivnostih, tudi \u0161portnih. <br \/>Ruta ima ploske \u0161ive in ne dra\u017ei ko\u017ee. Izdelana je iz raztegljivega poliestra. Material odvaja znoj in vlago od telesa in ohranja ko\u017eo suho.<\/span><br \/><span style=\"font-size: small; color: #993300;\">\u010crne barve z aktualnim motivom virusa in napisom STOP in primerno za mo\u0161ke in \u017eenske.<\/span><\/p>\n<p><span style=\"font-size: small; color: #993300;\">Unisex.<\/span><\/p>\n","protected":false},"excerpt":{"rendered":"<p><span style=\"color: #003366;\"><strong>Cevasta ovratna ruta Buff STOP VIRUS.<\/strong><\/span><\/p>\n","protected":false},"featured_media":90626,"comment_status":"open","ping_status":"closed","template":"","meta":[],"product_brand":[],"product_cat":[1035,1027,927,1043,941,1033,1031,1011,1029,1037,841,1039,1041,1101],"product_tag":[],"class_list":{"0":"post-90621","1":"product","2":"type-product","3":"status-publish","4":"has-post-thumbnail","6":"product_cat-aikido-kendo-iai-kobudo-1","7":"product_cat-v-akciji-2","8":"product_cat-v-akciji","9":"product_cat-boks-kickbox-tajski-boks-mma","10":"product_cat-budo-lekarna","11":"product_cat-ju-jitsujiu-jitsu-1","12":"product_cat-judo-1","13":"product_cat-kape","14":"product_cat-karate-5","15":"product_cat-ninjutsu-3","16":"product_cat-ostalo-4","17":"product_cat-taekwondo-3","18":"product_cat-tai-chi-kunf-fu-wu-shu-1","19":"product_cat-zascitne-obrazne-maske","20":"pa_sw_featured-yes-sl","22":"first","23":"instock","24":"sale","25":"taxable","26":"shipping-taxable","27":"purchasable","28":"product-type-simple"},"_links":{"self":[{"href":"https:\/\/www.budoshop.si\/sl\/wp-json\/wp\/v2\/product\/90621","targetHints":{"allow":["GET"]}}],"collection":[{"href":"https:\/\/www.budoshop.si\/sl\/wp-json\/wp\/v2\/product"}],"about":[{"href":"https:\/\/www.budoshop.si\/sl\/wp-json\/wp\/v2\/types\/product"}],"replies":[{"embeddable":true,"href":"https:\/\/www.budoshop.si\/sl\/wp-json\/wp\/v2\/comments?post=90621"}],"wp:featuredmedia":[{"embeddable":true,"href":"https:\/\/www.budoshop.si\/sl\/wp-json\/wp\/v2\/media\/90626"}],"wp:attachment":[{"href":"https:\/\/www.budoshop.si\/sl\/wp-json\/wp\/v2\/media?parent=90621"}],"wp:term":[{"taxonomy":"product_brand","embeddable":true,"href":"https:\/\/www.budoshop.si\/sl\/wp-json\/wp\/v2\/product_brand?post=90621"},{"taxonomy":"product_cat","embeddable":true,"href":"https:\/\/www.budoshop.si\/sl\/wp-json\/wp\/v2\/product_cat?post=90621"},{"taxonomy":"product_tag","embeddable":true,"href":"https:\/\/www.budoshop.si\/sl\/wp-json\/wp\/v2\/product_tag?post=90621"}],"curies":[{"name":"wp","href":"https:\/\/api.w.org\/{rel}","templated":true}]}}