{"id":90491,"date":"2020-04-01T10:31:26","date_gmt":"2020-04-01T10:31:26","guid":{"rendered":"https:\/\/budoshop.si\/?product=aikido-poster-ueshiba"},"modified":"2026-03-06T08:22:37","modified_gmt":"2026-03-06T07:22:37","slug":"aikido-poster-ueshiba-4","status":"publish","type":"product","link":"https:\/\/www.budoshop.si\/sl\/izdelek\/aikido-poster-ueshiba-4\/","title":{"rendered":"Aikido poster &#8221;UESHIBA&#8221;"},"content":{"rendered":"<p><span style=\"font-size: 15px; color: #993300;\"> \u010crno-bel poster velikana borilnih ve\u0161\u010din in kreatorja AIKIDO-ja, mojstra MORIHEI UESHIBA. <\/span><\/p>\n<p><span style=\"font-size: 15px; color: #993300;\">Mere: 44 x 61 cm<\/span><\/p>\n<p><span style=\"font-size: 15px; color: #993300;\">Obvezna dekoracija vsakega Aikido Dojo-ja!<\/span><\/p>\n","protected":false},"excerpt":{"rendered":"<p><span style=\"color: #003366;\"><strong>\u010crno-beli poster velikana borilnih ve\u0161\u010din &#8211; MORIHEI UESHIBA.<\/strong><\/span><\/p>\n","protected":false},"featured_media":116388,"comment_status":"open","ping_status":"closed","template":"","meta":[],"product_brand":[5595],"product_cat":[1035,837],"product_tag":[],"class_list":{"0":"post-90491","1":"product","2":"type-product","3":"status-publish","4":"has-post-thumbnail","6":"product_brand-ju-sports","7":"product_cat-aikido-kendo-iai-kobudo-1","8":"product_cat-plakati-zastave","10":"first","11":"instock","12":"taxable","13":"shipping-taxable","14":"purchasable","15":"product-type-simple"},"_links":{"self":[{"href":"https:\/\/www.budoshop.si\/sl\/wp-json\/wp\/v2\/product\/90491","targetHints":{"allow":["GET"]}}],"collection":[{"href":"https:\/\/www.budoshop.si\/sl\/wp-json\/wp\/v2\/product"}],"about":[{"href":"https:\/\/www.budoshop.si\/sl\/wp-json\/wp\/v2\/types\/product"}],"replies":[{"embeddable":true,"href":"https:\/\/www.budoshop.si\/sl\/wp-json\/wp\/v2\/comments?post=90491"}],"wp:featuredmedia":[{"embeddable":true,"href":"https:\/\/www.budoshop.si\/sl\/wp-json\/wp\/v2\/media\/116388"}],"wp:attachment":[{"href":"https:\/\/www.budoshop.si\/sl\/wp-json\/wp\/v2\/media?parent=90491"}],"wp:term":[{"taxonomy":"product_brand","embeddable":true,"href":"https:\/\/www.budoshop.si\/sl\/wp-json\/wp\/v2\/product_brand?post=90491"},{"taxonomy":"product_cat","embeddable":true,"href":"https:\/\/www.budoshop.si\/sl\/wp-json\/wp\/v2\/product_cat?post=90491"},{"taxonomy":"product_tag","embeddable":true,"href":"https:\/\/www.budoshop.si\/sl\/wp-json\/wp\/v2\/product_tag?post=90491"}],"curies":[{"name":"wp","href":"https:\/\/api.w.org\/{rel}","templated":true}]}}