{"id":90483,"date":"2020-04-01T10:21:19","date_gmt":"2020-04-01T10:21:19","guid":{"rendered":"https:\/\/budoshop.si\/?product=judo-poster-jigoro-kano"},"modified":"2026-03-06T08:23:00","modified_gmt":"2026-03-06T07:23:00","slug":"judo-poster-jigoro-kano-5","status":"publish","type":"product","link":"https:\/\/www.budoshop.si\/sl\/izdelek\/judo-poster-jigoro-kano-5\/","title":{"rendered":"Judo poster &#8221;JIGORO KANO&#8221;"},"content":{"rendered":"<p><span style=\"font-size: 15px; color: #993300;\"> \u010crno-bel poster velikana borilnih ve\u0161\u010din in JUDO-ja, mojstra JIGORO KANO-ja. <\/span><\/p>\n<p><span style=\"font-size: 15px; color: #993300;\">Mere: 44 x 61 cm<\/span><\/p>\n<p><span style=\"font-size: 15px; color: #993300;\">Obvezna dekoracija vsakega Judo Dojo-ja!<\/span><\/p>\n","protected":false},"excerpt":{"rendered":"<p><span style=\"color: #003366;\"><strong>\u010crno-beli poster velikana borilnih ve\u0161\u010din &#8211; JIGORO KANO.<\/strong><\/span><\/p>\n","protected":false},"featured_media":116390,"comment_status":"open","ping_status":"closed","template":"","meta":[],"product_brand":[5595],"product_cat":[1033,1031,837],"product_tag":[],"class_list":{"0":"post-90483","1":"product","2":"type-product","3":"status-publish","4":"has-post-thumbnail","6":"product_brand-ju-sports","7":"product_cat-ju-jitsujiu-jitsu-1","8":"product_cat-judo-1","9":"product_cat-plakati-zastave","11":"first","12":"instock","13":"taxable","14":"shipping-taxable","15":"purchasable","16":"product-type-simple"},"_links":{"self":[{"href":"https:\/\/www.budoshop.si\/sl\/wp-json\/wp\/v2\/product\/90483","targetHints":{"allow":["GET"]}}],"collection":[{"href":"https:\/\/www.budoshop.si\/sl\/wp-json\/wp\/v2\/product"}],"about":[{"href":"https:\/\/www.budoshop.si\/sl\/wp-json\/wp\/v2\/types\/product"}],"replies":[{"embeddable":true,"href":"https:\/\/www.budoshop.si\/sl\/wp-json\/wp\/v2\/comments?post=90483"}],"wp:featuredmedia":[{"embeddable":true,"href":"https:\/\/www.budoshop.si\/sl\/wp-json\/wp\/v2\/media\/116390"}],"wp:attachment":[{"href":"https:\/\/www.budoshop.si\/sl\/wp-json\/wp\/v2\/media?parent=90483"}],"wp:term":[{"taxonomy":"product_brand","embeddable":true,"href":"https:\/\/www.budoshop.si\/sl\/wp-json\/wp\/v2\/product_brand?post=90483"},{"taxonomy":"product_cat","embeddable":true,"href":"https:\/\/www.budoshop.si\/sl\/wp-json\/wp\/v2\/product_cat?post=90483"},{"taxonomy":"product_tag","embeddable":true,"href":"https:\/\/www.budoshop.si\/sl\/wp-json\/wp\/v2\/product_tag?post=90483"}],"curies":[{"name":"wp","href":"https:\/\/api.w.org\/{rel}","templated":true}]}}