{"id":90415,"date":"2020-03-29T14:20:38","date_gmt":"2020-03-29T12:20:38","guid":{"rendered":"https:\/\/budoshop.si\/?product=znacka-taekwondo"},"modified":"2024-01-18T10:55:59","modified_gmt":"2024-01-18T09:55:59","slug":"znacka-taekwondo","status":"publish","type":"product","link":"https:\/\/www.budoshop.si\/sl\/izdelek\/znacka-taekwondo\/","title":{"rendered":"Zna\u010dka &#8221;TAEKWONDO&#8221;"},"content":{"rendered":"<p><span style=\"font-size: 15px; color: #993300;\">Kovinska zna\u010dka z barvnim TAEKWONDO motivom. Zna\u010dka se pripenja z iglico na katero se zatakne poseben zati\u010d, ki zagotavlja, da se zna\u010dka ne odpenja.<\/span><\/p>\n","protected":false},"excerpt":{"rendered":"<p><span style=\"color: #002060;\"><strong>Kovinska TAEKWONDO zna\u010dka.<\/strong><\/span><\/p>\n","protected":false},"featured_media":90419,"comment_status":"open","ping_status":"closed","template":"","meta":[],"product_brand":[],"product_cat":[1039,1099],"product_tag":[],"class_list":{"0":"post-90415","1":"product","2":"type-product","3":"status-publish","4":"has-post-thumbnail","6":"product_cat-taekwondo-3","7":"product_cat-znacke","9":"first","10":"instock","11":"taxable","12":"shipping-taxable","13":"purchasable","14":"product-type-simple"},"_links":{"self":[{"href":"https:\/\/www.budoshop.si\/sl\/wp-json\/wp\/v2\/product\/90415","targetHints":{"allow":["GET"]}}],"collection":[{"href":"https:\/\/www.budoshop.si\/sl\/wp-json\/wp\/v2\/product"}],"about":[{"href":"https:\/\/www.budoshop.si\/sl\/wp-json\/wp\/v2\/types\/product"}],"replies":[{"embeddable":true,"href":"https:\/\/www.budoshop.si\/sl\/wp-json\/wp\/v2\/comments?post=90415"}],"wp:featuredmedia":[{"embeddable":true,"href":"https:\/\/www.budoshop.si\/sl\/wp-json\/wp\/v2\/media\/90419"}],"wp:attachment":[{"href":"https:\/\/www.budoshop.si\/sl\/wp-json\/wp\/v2\/media?parent=90415"}],"wp:term":[{"taxonomy":"product_brand","embeddable":true,"href":"https:\/\/www.budoshop.si\/sl\/wp-json\/wp\/v2\/product_brand?post=90415"},{"taxonomy":"product_cat","embeddable":true,"href":"https:\/\/www.budoshop.si\/sl\/wp-json\/wp\/v2\/product_cat?post=90415"},{"taxonomy":"product_tag","embeddable":true,"href":"https:\/\/www.budoshop.si\/sl\/wp-json\/wp\/v2\/product_tag?post=90415"}],"curies":[{"name":"wp","href":"https:\/\/api.w.org\/{rel}","templated":true}]}}