{"id":90393,"date":"2020-03-29T14:09:21","date_gmt":"2020-03-29T14:09:21","guid":{"rendered":"https:\/\/budoshop.si\/?product=znacka-nin"},"modified":"2024-01-18T10:59:00","modified_gmt":"2024-01-18T09:59:00","slug":"znacka-nin","status":"publish","type":"product","link":"https:\/\/www.budoshop.si\/sl\/izdelek\/znacka-nin\/","title":{"rendered":"Zna\u010dka &#8221;NIN&#8221;"},"content":{"rendered":"<p><span style=\"font-size: small; color: #993300;\"><span style=\"font-size: 15px;\">Kovinska zna\u010dka z NIN motivom. Zna\u010dka se pripenja z iglico na katero se zatakne poseben zati\u010d, ki zagotavlja, da se zna\u010dka ne odpenja.<\/span> <\/span><\/p>\n","protected":false},"excerpt":{"rendered":"<p><span style=\"color: #002060;\"><strong>Kovinska NIN zna\u010dka.<\/strong><\/span><\/p>\n","protected":false},"featured_media":90399,"comment_status":"open","ping_status":"closed","template":"","meta":[],"product_brand":[],"product_cat":[1037,1099],"product_tag":[],"class_list":{"0":"post-90393","1":"product","2":"type-product","3":"status-publish","4":"has-post-thumbnail","6":"product_cat-ninjutsu-3","7":"product_cat-znacke","9":"first","10":"instock","11":"taxable","12":"shipping-taxable","13":"purchasable","14":"product-type-simple"},"_links":{"self":[{"href":"https:\/\/www.budoshop.si\/sl\/wp-json\/wp\/v2\/product\/90393","targetHints":{"allow":["GET"]}}],"collection":[{"href":"https:\/\/www.budoshop.si\/sl\/wp-json\/wp\/v2\/product"}],"about":[{"href":"https:\/\/www.budoshop.si\/sl\/wp-json\/wp\/v2\/types\/product"}],"replies":[{"embeddable":true,"href":"https:\/\/www.budoshop.si\/sl\/wp-json\/wp\/v2\/comments?post=90393"}],"wp:featuredmedia":[{"embeddable":true,"href":"https:\/\/www.budoshop.si\/sl\/wp-json\/wp\/v2\/media\/90399"}],"wp:attachment":[{"href":"https:\/\/www.budoshop.si\/sl\/wp-json\/wp\/v2\/media?parent=90393"}],"wp:term":[{"taxonomy":"product_brand","embeddable":true,"href":"https:\/\/www.budoshop.si\/sl\/wp-json\/wp\/v2\/product_brand?post=90393"},{"taxonomy":"product_cat","embeddable":true,"href":"https:\/\/www.budoshop.si\/sl\/wp-json\/wp\/v2\/product_cat?post=90393"},{"taxonomy":"product_tag","embeddable":true,"href":"https:\/\/www.budoshop.si\/sl\/wp-json\/wp\/v2\/product_tag?post=90393"}],"curies":[{"name":"wp","href":"https:\/\/api.w.org\/{rel}","templated":true}]}}