{"id":90351,"date":"2020-03-29T12:53:12","date_gmt":"2020-03-29T10:53:12","guid":{"rendered":"https:\/\/budoshop.si\/?product=znacka-karateka"},"modified":"2024-01-18T11:06:12","modified_gmt":"2024-01-18T10:06:12","slug":"znacka-karateka","status":"publish","type":"product","link":"https:\/\/www.budoshop.si\/sl\/izdelek\/znacka-karateka\/","title":{"rendered":"Zna\u010dka &#8221;KARATEKA&#8221;"},"content":{"rendered":"<p><span style=\"font-size: small; color: #993300;\"><span style=\"font-size: 15px;\">Kovinska zna\u010dka z barvnim KARATE motivom. Zna\u010dka se pripenja z iglico na katero se zatakne poseben zati\u010d, ki zagotavlja, da se zna\u010dka ne odpenja.<\/span> <\/span><\/p>\n","protected":false},"excerpt":{"rendered":"<p><span style=\"color: #002060;\"><strong>Kovinska KARATE zna\u010dka.<\/strong><\/span><\/p>\n","protected":false},"featured_media":109492,"comment_status":"open","ping_status":"closed","template":"","meta":[],"product_brand":[],"product_cat":[1033,1029,1099],"product_tag":[],"class_list":{"0":"post-90351","1":"product","2":"type-product","3":"status-publish","4":"has-post-thumbnail","6":"product_cat-ju-jitsujiu-jitsu-1","7":"product_cat-karate-5","8":"product_cat-znacke","10":"first","11":"instock","12":"taxable","13":"shipping-taxable","14":"purchasable","15":"product-type-simple"},"_links":{"self":[{"href":"https:\/\/www.budoshop.si\/sl\/wp-json\/wp\/v2\/product\/90351","targetHints":{"allow":["GET"]}}],"collection":[{"href":"https:\/\/www.budoshop.si\/sl\/wp-json\/wp\/v2\/product"}],"about":[{"href":"https:\/\/www.budoshop.si\/sl\/wp-json\/wp\/v2\/types\/product"}],"replies":[{"embeddable":true,"href":"https:\/\/www.budoshop.si\/sl\/wp-json\/wp\/v2\/comments?post=90351"}],"wp:featuredmedia":[{"embeddable":true,"href":"https:\/\/www.budoshop.si\/sl\/wp-json\/wp\/v2\/media\/109492"}],"wp:attachment":[{"href":"https:\/\/www.budoshop.si\/sl\/wp-json\/wp\/v2\/media?parent=90351"}],"wp:term":[{"taxonomy":"product_brand","embeddable":true,"href":"https:\/\/www.budoshop.si\/sl\/wp-json\/wp\/v2\/product_brand?post=90351"},{"taxonomy":"product_cat","embeddable":true,"href":"https:\/\/www.budoshop.si\/sl\/wp-json\/wp\/v2\/product_cat?post=90351"},{"taxonomy":"product_tag","embeddable":true,"href":"https:\/\/www.budoshop.si\/sl\/wp-json\/wp\/v2\/product_tag?post=90351"}],"curies":[{"name":"wp","href":"https:\/\/api.w.org\/{rel}","templated":true}]}}