{"id":90314,"date":"2020-03-28T14:30:48","date_gmt":"2020-03-28T13:30:48","guid":{"rendered":"https:\/\/budoshop.si\/?product=nasitek-goju-ryu-pest"},"modified":"2023-11-22T11:49:41","modified_gmt":"2023-11-22T10:49:41","slug":"nasitek-goju-ryu-pest","status":"publish","type":"product","link":"https:\/\/www.budoshop.si\/sl\/izdelek\/nasitek-goju-ryu-pest\/","title":{"rendered":"Na\u0161itek &#8221;GOJU RYU PEST&#8221;"},"content":{"rendered":"<p><span style=\"font-size: 15px; color: #993300;\">Kvalitetno vezeni bomba\u017eni na\u0161itek za borilne ve\u0161\u010dine GOJU RYU PEST. Primeren za na trening uniformo, trenirko, jakno, kapo, torbo &#8230; <\/span><\/p>\n<p><span style=\"font-size: 15px; color: #993300;\">Mere: cca. 12 x 8,5 cm<\/span><\/p>\n","protected":false},"excerpt":{"rendered":"<p><span style=\"color: #003366;\"><strong>Bomba\u017eni vezen na\u0161itek GOJU RYU.<\/strong><\/span><\/p>\n","protected":false},"featured_media":90319,"comment_status":"open","ping_status":"closed","template":"","meta":[],"product_brand":[],"product_cat":[1029,835],"product_tag":[],"class_list":{"0":"post-90314","1":"product","2":"type-product","3":"status-publish","4":"has-post-thumbnail","6":"product_cat-karate-5","7":"product_cat-znacke-nasitki","9":"first","10":"instock","11":"taxable","12":"shipping-taxable","13":"purchasable","14":"product-type-simple"},"_links":{"self":[{"href":"https:\/\/www.budoshop.si\/sl\/wp-json\/wp\/v2\/product\/90314","targetHints":{"allow":["GET"]}}],"collection":[{"href":"https:\/\/www.budoshop.si\/sl\/wp-json\/wp\/v2\/product"}],"about":[{"href":"https:\/\/www.budoshop.si\/sl\/wp-json\/wp\/v2\/types\/product"}],"replies":[{"embeddable":true,"href":"https:\/\/www.budoshop.si\/sl\/wp-json\/wp\/v2\/comments?post=90314"}],"wp:featuredmedia":[{"embeddable":true,"href":"https:\/\/www.budoshop.si\/sl\/wp-json\/wp\/v2\/media\/90319"}],"wp:attachment":[{"href":"https:\/\/www.budoshop.si\/sl\/wp-json\/wp\/v2\/media?parent=90314"}],"wp:term":[{"taxonomy":"product_brand","embeddable":true,"href":"https:\/\/www.budoshop.si\/sl\/wp-json\/wp\/v2\/product_brand?post=90314"},{"taxonomy":"product_cat","embeddable":true,"href":"https:\/\/www.budoshop.si\/sl\/wp-json\/wp\/v2\/product_cat?post=90314"},{"taxonomy":"product_tag","embeddable":true,"href":"https:\/\/www.budoshop.si\/sl\/wp-json\/wp\/v2\/product_tag?post=90314"}],"curies":[{"name":"wp","href":"https:\/\/api.w.org\/{rel}","templated":true}]}}