{"id":90181,"date":"2020-03-26T12:37:52","date_gmt":"2020-03-26T12:37:52","guid":{"rendered":"https:\/\/budoshop.si\/?product=nasitek-jka-karate"},"modified":"2023-11-22T15:07:54","modified_gmt":"2023-11-22T14:07:54","slug":"nasitek-jka-karate","status":"publish","type":"product","link":"https:\/\/www.budoshop.si\/sl\/izdelek\/nasitek-jka-karate\/","title":{"rendered":"Na\u0161itek &#8221;JKA KARATE&#8221;"},"content":{"rendered":"<p><span style=\"font-size: 15px; color: #993300;\">Kvalitetno vezeni bomba\u017eni na\u0161itek za borilne ve\u0161\u010dine JKA KARATE. Primeren za na trening uniformo, trenirko, jakno, kapo, torbo &#8230; <\/span><\/p>\n<p><span style=\"font-size: 15px; color: #993300;\">Mere: cca. 7,5 cm<\/span><\/p>\n","protected":false},"excerpt":{"rendered":"<p><span style=\"color: #003366;\"><strong>Bomba\u017eni vezen na\u0161itek<\/strong> <strong>JKA Karate.<\/strong><\/span><\/p>\n","protected":false},"featured_media":108984,"comment_status":"open","ping_status":"closed","template":"","meta":[],"product_brand":[],"product_cat":[1029,835],"product_tag":[],"class_list":{"0":"post-90181","1":"product","2":"type-product","3":"status-publish","4":"has-post-thumbnail","6":"product_cat-karate-5","7":"product_cat-znacke-nasitki","9":"first","10":"instock","11":"taxable","12":"shipping-taxable","13":"purchasable","14":"product-type-simple"},"_links":{"self":[{"href":"https:\/\/www.budoshop.si\/sl\/wp-json\/wp\/v2\/product\/90181","targetHints":{"allow":["GET"]}}],"collection":[{"href":"https:\/\/www.budoshop.si\/sl\/wp-json\/wp\/v2\/product"}],"about":[{"href":"https:\/\/www.budoshop.si\/sl\/wp-json\/wp\/v2\/types\/product"}],"replies":[{"embeddable":true,"href":"https:\/\/www.budoshop.si\/sl\/wp-json\/wp\/v2\/comments?post=90181"}],"wp:featuredmedia":[{"embeddable":true,"href":"https:\/\/www.budoshop.si\/sl\/wp-json\/wp\/v2\/media\/108984"}],"wp:attachment":[{"href":"https:\/\/www.budoshop.si\/sl\/wp-json\/wp\/v2\/media?parent=90181"}],"wp:term":[{"taxonomy":"product_brand","embeddable":true,"href":"https:\/\/www.budoshop.si\/sl\/wp-json\/wp\/v2\/product_brand?post=90181"},{"taxonomy":"product_cat","embeddable":true,"href":"https:\/\/www.budoshop.si\/sl\/wp-json\/wp\/v2\/product_cat?post=90181"},{"taxonomy":"product_tag","embeddable":true,"href":"https:\/\/www.budoshop.si\/sl\/wp-json\/wp\/v2\/product_tag?post=90181"}],"curies":[{"name":"wp","href":"https:\/\/api.w.org\/{rel}","templated":true}]}}