{"id":90146,"date":"2020-03-13T17:31:52","date_gmt":"2020-03-13T16:31:52","guid":{"rendered":"https:\/\/budoshop.si\/?product=scitnik-za-zobe-tokaido-gel-white"},"modified":"2023-09-29T12:11:54","modified_gmt":"2023-09-29T10:11:54","slug":"scitnik-za-zobe-tokaido-gel-white-2","status":"publish","type":"product","link":"https:\/\/www.budoshop.si\/sl\/izdelek\/scitnik-za-zobe-tokaido-gel-white-2\/","title":{"rendered":"\u0160\u010ditnik za zobe &#8221;Tokaido GEL white&#8221;"},"content":{"rendered":"<div style=\"text-align: justify;\"><span style=\"color: #c00000; font-size: 15px;\">\u0160\u010ditnik za zobe za Karate in druge borilne \u0161porte znamke Tokaido narejen iz gumijastega antialergi\u010dnega gela visoke kvalitete. Oblikovan je tako, da \u0161\u010diti prednji in stranski del zobovja in hkrati omogo\u010da maksimalno svobodo dihanja. Gel, ki se vsakemu posamezniku prilagodi s segretjem v vro\u010di vodi, garantira perfektno &#8216;oblogo&#8217; zob. Prilo\u017eena \u0161katlica z zapriranjem na zati\u010d zagotavlja higiensko shranjevanje <\/span><\/div>\n<div style=\"text-align: justify;\"><span style=\"color: #c00000; font-size: 15px;\">\u00a0<\/span><\/div>\n<div style=\"text-align: justify;\"><span style=\"color: #c00000; font-size: 15px;\"><span style=\"color: #c00000;\"><strong><span style=\"color: #c00000;\">Kvaliteta, ki jo lahko zagotavlja samo japonska TOKAIDO znamka!<\/span><\/strong><\/span><\/span><\/div>\n<div style=\"text-align: justify;\"><span style=\"color: #c00000; font-size: 15px;\"><br \/>\nBarva: bela<br \/>\n<\/span><\/div>\n<p><span style=\"color: #c00000; font-size: 15px;\">Velikost: SR<\/span><\/p>\n","protected":false},"excerpt":{"rendered":"<p><span style=\"color: #003366;\"><strong>Tokaido Karate \u0161\u010ditnik za zobe z gelom s higiensko \u0161katlico.<\/strong><\/span><\/p>\n","protected":false},"featured_media":90147,"comment_status":"open","ping_status":"closed","template":"","meta":[],"product_brand":[],"product_cat":[1033,1029,1039,1041,903,949,1047],"product_tag":[],"class_list":{"0":"post-90146","1":"product","2":"type-product","3":"status-publish","4":"has-post-thumbnail","6":"product_cat-ju-jitsujiu-jitsu-1","7":"product_cat-karate-5","8":"product_cat-taekwondo-3","9":"product_cat-tai-chi-kunf-fu-wu-shu-1","10":"product_cat-scitniki-za-zobe","11":"product_cat-shureido-3","12":"product_cat-tokaido-1","14":"first","15":"instock","16":"taxable","17":"shipping-taxable","18":"purchasable","19":"product-type-simple"},"_links":{"self":[{"href":"https:\/\/www.budoshop.si\/sl\/wp-json\/wp\/v2\/product\/90146","targetHints":{"allow":["GET"]}}],"collection":[{"href":"https:\/\/www.budoshop.si\/sl\/wp-json\/wp\/v2\/product"}],"about":[{"href":"https:\/\/www.budoshop.si\/sl\/wp-json\/wp\/v2\/types\/product"}],"replies":[{"embeddable":true,"href":"https:\/\/www.budoshop.si\/sl\/wp-json\/wp\/v2\/comments?post=90146"}],"wp:featuredmedia":[{"embeddable":true,"href":"https:\/\/www.budoshop.si\/sl\/wp-json\/wp\/v2\/media\/90147"}],"wp:attachment":[{"href":"https:\/\/www.budoshop.si\/sl\/wp-json\/wp\/v2\/media?parent=90146"}],"wp:term":[{"taxonomy":"product_brand","embeddable":true,"href":"https:\/\/www.budoshop.si\/sl\/wp-json\/wp\/v2\/product_brand?post=90146"},{"taxonomy":"product_cat","embeddable":true,"href":"https:\/\/www.budoshop.si\/sl\/wp-json\/wp\/v2\/product_cat?post=90146"},{"taxonomy":"product_tag","embeddable":true,"href":"https:\/\/www.budoshop.si\/sl\/wp-json\/wp\/v2\/product_tag?post=90146"}],"curies":[{"name":"wp","href":"https:\/\/api.w.org\/{rel}","templated":true}]}}