{"id":90133,"date":"2020-03-12T11:10:54","date_gmt":"2020-03-12T11:10:54","guid":{"rendered":"https:\/\/budoshop.si\/?product=obesek-tokaido-kata-man"},"modified":"2023-09-29T09:10:18","modified_gmt":"2023-09-29T07:10:18","slug":"obesek-tokaido-kata-man","status":"publish","type":"product","link":"https:\/\/www.budoshop.si\/sl\/izdelek\/obesek-tokaido-kata-man\/","title":{"rendered":"Obesek &#8221;Tokaido KATA MAN&#8221;"},"content":{"rendered":"<div style=\"text-align: justify;\"><span style=\"color: #c00000; font-size: 15px;\">Atraktiven Karate obesek za klju\u010de izdelan prijetno mehkega gumiranega materiala s 3D efektom in veri\u017eico ter rinko za obe\u0161anje znamke TOKAIDO. Obesek je lahko majhno darilo ali spominek in se ga <span style=\"color: #c00000;\">lahko obesi na svoja klju\u010de, \u0161portno torbo in podobno.<\/span><br \/>\nRazli\u010dni prednja iz zadnja stran.<\/span><\/div>\n<div><\/div>\n<div style=\"text-align: justify;\"><span style=\"color: #c00000; font-size: small;\"><span style=\"font-size: 15px;\">Mere: cca. 6 x 4 cm (brez veri\u017eice in rinke)<\/span><br \/>\n<\/span><\/div>\n<div style=\"text-align: justify;\"><span style=\"color: #c00000;\">\u00a0<\/span><\/div>\n","protected":false},"excerpt":{"rendered":"<p><span style=\"color: #003366;\"><strong>Atraktiven gumiran Tokaido Karate obesek za klju\u010de.<\/strong><\/span><\/p>\n","protected":false},"featured_media":90137,"comment_status":"open","ping_status":"closed","template":"","meta":[],"product_brand":[5598],"product_cat":[1035,1033,1031,1029,1039,741,833,949,1047],"product_tag":[],"class_list":{"0":"post-90133","1":"product","2":"type-product","3":"status-publish","4":"has-post-thumbnail","6":"product_brand-tokaido","7":"product_cat-aikido-kendo-iai-kobudo-1","8":"product_cat-ju-jitsujiu-jitsu-1","9":"product_cat-judo-1","10":"product_cat-karate-5","11":"product_cat-taekwondo-3","12":"product_cat-novosti","13":"product_cat-obeski","14":"product_cat-shureido-3","15":"product_cat-tokaido-1","17":"first","18":"instock","19":"taxable","20":"shipping-taxable","21":"purchasable","22":"product-type-simple"},"_links":{"self":[{"href":"https:\/\/www.budoshop.si\/sl\/wp-json\/wp\/v2\/product\/90133","targetHints":{"allow":["GET"]}}],"collection":[{"href":"https:\/\/www.budoshop.si\/sl\/wp-json\/wp\/v2\/product"}],"about":[{"href":"https:\/\/www.budoshop.si\/sl\/wp-json\/wp\/v2\/types\/product"}],"replies":[{"embeddable":true,"href":"https:\/\/www.budoshop.si\/sl\/wp-json\/wp\/v2\/comments?post=90133"}],"wp:featuredmedia":[{"embeddable":true,"href":"https:\/\/www.budoshop.si\/sl\/wp-json\/wp\/v2\/media\/90137"}],"wp:attachment":[{"href":"https:\/\/www.budoshop.si\/sl\/wp-json\/wp\/v2\/media?parent=90133"}],"wp:term":[{"taxonomy":"product_brand","embeddable":true,"href":"https:\/\/www.budoshop.si\/sl\/wp-json\/wp\/v2\/product_brand?post=90133"},{"taxonomy":"product_cat","embeddable":true,"href":"https:\/\/www.budoshop.si\/sl\/wp-json\/wp\/v2\/product_cat?post=90133"},{"taxonomy":"product_tag","embeddable":true,"href":"https:\/\/www.budoshop.si\/sl\/wp-json\/wp\/v2\/product_tag?post=90133"}],"curies":[{"name":"wp","href":"https:\/\/api.w.org\/{rel}","templated":true}]}}