{"id":90057,"date":"2020-02-13T09:30:55","date_gmt":"2020-02-13T09:30:55","guid":{"rendered":"https:\/\/budoshop.si\/?product=plasticna-saya-noznica-za-kratek-wakizashi-bokken-mec"},"modified":"2026-02-19T09:46:44","modified_gmt":"2026-02-19T08:46:44","slug":"plasticna-saya-noznica-za-kratek-wakizashi-bokken-mec","status":"publish","type":"product","link":"https:\/\/www.budoshop.si\/sl\/izdelek\/plasticna-saya-noznica-za-kratek-wakizashi-bokken-mec\/","title":{"rendered":"Plasti\u010dna Saya no\u017enica za kratek Wakizashi Bokken me\u010d"},"content":{"rendered":"<p style=\"text-align: justify;\"><span style=\"color: #993300; font-size: 15px;\">Kratek Wakizashi Bokken trening me\u010d s Sayo (no\u017enico) ni lahko dobiti, zato smo pripravili ponudbo nakupa posamezne no\u017enice, ki ustreza vsakemu lesenemu Bokken-u klasi\u010dne oblike in dol\u017eine. <\/span><\/p>\n<p><span style=\"font-size: 15px; color: #993300;\">Ta Saya je narejena iz kvalitetne plastike, dol\u017eine cca. 43 cm, dodana pa je tudi sinteti\u010dna Sageo vrvica.<\/span><\/p>\n<p><span style=\"color: #993300; font-size: 15px;\">Te\u017ea: cca. 60 g.<\/span><\/p>\n","protected":false},"excerpt":{"rendered":"<p><strong><span style=\"color: #002060;\">Plasti\u010dna Saya no\u017enica za kratek Wakizashi Bokken trening me\u010d.<\/span><\/strong><\/p>\n","protected":false},"featured_media":108302,"comment_status":"open","ping_status":"closed","template":"","meta":[],"product_brand":[5600],"product_cat":[1035,757,1037,923,731,1055,977],"product_tag":[],"class_list":{"0":"post-90057","1":"product","2":"type-product","3":"status-publish","4":"has-post-thumbnail","6":"product_brand-yari-no-hanzo","7":"product_cat-aikido-kendo-iai-kobudo-1","8":"product_cat-leseni","9":"product_cat-ninjutsu-3","10":"product_cat-ostalo-5","11":"product_cat-ostalo-2","12":"product_cat-yari-no-hanzo-3","13":"product_cat-yari-no-hanzo-1","15":"first","16":"instock","17":"taxable","18":"shipping-taxable","19":"purchasable","20":"product-type-simple"},"_links":{"self":[{"href":"https:\/\/www.budoshop.si\/sl\/wp-json\/wp\/v2\/product\/90057","targetHints":{"allow":["GET"]}}],"collection":[{"href":"https:\/\/www.budoshop.si\/sl\/wp-json\/wp\/v2\/product"}],"about":[{"href":"https:\/\/www.budoshop.si\/sl\/wp-json\/wp\/v2\/types\/product"}],"replies":[{"embeddable":true,"href":"https:\/\/www.budoshop.si\/sl\/wp-json\/wp\/v2\/comments?post=90057"}],"wp:featuredmedia":[{"embeddable":true,"href":"https:\/\/www.budoshop.si\/sl\/wp-json\/wp\/v2\/media\/108302"}],"wp:attachment":[{"href":"https:\/\/www.budoshop.si\/sl\/wp-json\/wp\/v2\/media?parent=90057"}],"wp:term":[{"taxonomy":"product_brand","embeddable":true,"href":"https:\/\/www.budoshop.si\/sl\/wp-json\/wp\/v2\/product_brand?post=90057"},{"taxonomy":"product_cat","embeddable":true,"href":"https:\/\/www.budoshop.si\/sl\/wp-json\/wp\/v2\/product_cat?post=90057"},{"taxonomy":"product_tag","embeddable":true,"href":"https:\/\/www.budoshop.si\/sl\/wp-json\/wp\/v2\/product_tag?post=90057"}],"curies":[{"name":"wp","href":"https:\/\/api.w.org\/{rel}","templated":true}]}}