{"id":90025,"date":"2019-12-24T11:27:14","date_gmt":"2019-12-24T10:27:14","guid":{"rendered":"https:\/\/budoshop.si\/?product=iwama-takemusu-aikido-tehnicni-program"},"modified":"2024-02-13T13:08:12","modified_gmt":"2024-02-13T12:08:12","slug":"iwama-takemusu-aikido-tehnicni-program-5","status":"publish","type":"product","link":"https:\/\/www.budoshop.si\/sl\/izdelek\/iwama-takemusu-aikido-tehnicni-program-5\/","title":{"rendered":"IWAMA TAKEMUSU AIKIDO &#8211; Tehni\u010dni program"},"content":{"rendered":"<p><span style=\"font-size: 15px; color: #993300;\">Iz\u0161la je prva Aikido knjiga v slovenskem jeziku na ve\u010d kot 300 straneh in skoraj 500 slikami z naslovom Iwama Takemusu Aikido &#8211; Tehni\u010dni program.<\/span><\/p>\n<p><span style=\"font-size: 15px; color: #993300;\">V knjigi je opisana zgodovina Aikida ter podrobna razlaga tehnik od 5. Kyu-ja do 1. Dan-a.<\/span><\/p>\n<p><span style=\"font-size: 15px; color: #993300;\">\u02ddPri Aikidu se posku\u0161a \u017eiveti s senzibilnostjo in pozornostjo na konfliktih ali potencialnem nasilju v razli\u010dnih okoli\u0161\u010dinah, tako v osebnih odnosih, kot tudi v dru\u017ebi, s ciljem izbolj\u0161ati svet, v katerem \u017eivimo, in dajati zgled drugim.\u02dd (izsek iz knjige)<\/span><\/p>\n","protected":false},"excerpt":{"rendered":"<p><span style=\"color: #003366;\">Avtor: <strong>Paolo Nicola CAROLLINI<\/strong><\/span><\/p>\n","protected":false},"featured_media":90024,"comment_status":"open","ping_status":"closed","template":"","meta":[],"product_brand":[],"product_cat":[1035,777],"product_tag":[],"class_list":{"0":"post-90025","1":"product","2":"type-product","3":"status-publish","4":"has-post-thumbnail","6":"product_cat-aikido-kendo-iai-kobudo-1","7":"product_cat-knjige-v-slovenscini","9":"first","10":"outofstock","11":"taxable","12":"shipping-taxable","13":"purchasable","14":"product-type-simple"},"_links":{"self":[{"href":"https:\/\/www.budoshop.si\/sl\/wp-json\/wp\/v2\/product\/90025","targetHints":{"allow":["GET"]}}],"collection":[{"href":"https:\/\/www.budoshop.si\/sl\/wp-json\/wp\/v2\/product"}],"about":[{"href":"https:\/\/www.budoshop.si\/sl\/wp-json\/wp\/v2\/types\/product"}],"replies":[{"embeddable":true,"href":"https:\/\/www.budoshop.si\/sl\/wp-json\/wp\/v2\/comments?post=90025"}],"wp:featuredmedia":[{"embeddable":true,"href":"https:\/\/www.budoshop.si\/sl\/wp-json\/wp\/v2\/media\/90024"}],"wp:attachment":[{"href":"https:\/\/www.budoshop.si\/sl\/wp-json\/wp\/v2\/media?parent=90025"}],"wp:term":[{"taxonomy":"product_brand","embeddable":true,"href":"https:\/\/www.budoshop.si\/sl\/wp-json\/wp\/v2\/product_brand?post=90025"},{"taxonomy":"product_cat","embeddable":true,"href":"https:\/\/www.budoshop.si\/sl\/wp-json\/wp\/v2\/product_cat?post=90025"},{"taxonomy":"product_tag","embeddable":true,"href":"https:\/\/www.budoshop.si\/sl\/wp-json\/wp\/v2\/product_tag?post=90025"}],"curies":[{"name":"wp","href":"https:\/\/api.w.org\/{rel}","templated":true}]}}