{"id":89535,"date":"2019-11-14T12:19:10","date_gmt":"2019-11-14T12:19:10","guid":{"rendered":"https:\/\/budoshop.si\/?product=hoodie-tokaido"},"modified":"2025-10-24T19:59:04","modified_gmt":"2025-10-24T17:59:04","slug":"hoodie-tokaido","status":"publish","type":"product","link":"https:\/\/www.budoshop.si\/sl\/izdelek\/hoodie-tokaido\/","title":{"rendered":"Karate Hoodie &#8221;TOKAIDO&#8221; &#8211; OUTLET!!!"},"content":{"rendered":"<div align=\"justify\"><span style=\"color: #c00000; font-size: 15px;\">Ta \u0161portni Tokaido Karate kapucar je izdelan iz kvalitetnega in zra\u010dnega poli-bomba\u017ea (65% bomba\u017e, 35% poliester) ter kombinira prepri\u010dljiv izgled in udobnost no\u0161nje. Klasi\u010den kroj z elastiko v rokavih in pasu, vrvico v kapuci ter kenguru \u017eepom na prednji strani. Na prednji strani se nahaja velik Tokaido logotip in Karate print. Primeren za \u0161portne aktivnosti, turnirje, prosti \u010das in ostale aktivnosti. Unisex.<\/span><\/div>\n<div align=\"justify\"><span style=\"color: #c00000; font-size: 15px;\">\u00a0<\/span><\/div>\n<div align=\"justify\"><span style=\"font-size: 15px;\"><span style=\"color: #c00000;\">Barva: siva<\/span><\/span><\/div>\n<p><span style=\"color: #c00000; font-size: 15px;\">Velikosti: S<\/span><\/p>\n","protected":false},"excerpt":{"rendered":"<p><span style=\"color: #003366;\"><strong>Karate Hoodie kapucar znamke Tokaido.<\/strong><\/span><\/p>\n","protected":false},"featured_media":119715,"comment_status":"open","ping_status":"closed","template":"","meta":[],"product_brand":[5598],"product_cat":[],"product_tag":[],"class_list":{"0":"post-89535","1":"product","2":"type-product","3":"status-publish","4":"has-post-thumbnail","6":"product_brand-tokaido","7":"pa_velikost-l-sl-2","8":"pa_velikost-m-sl-2","9":"pa_velikost-s-sl-2","10":"pa_velikost-xl-sl","11":"pa_velikost-xs-sl","13":"first","14":"outofstock","15":"sale","16":"taxable","17":"shipping-taxable","18":"purchasable","19":"product-type-simple"},"_links":{"self":[{"href":"https:\/\/www.budoshop.si\/sl\/wp-json\/wp\/v2\/product\/89535","targetHints":{"allow":["GET"]}}],"collection":[{"href":"https:\/\/www.budoshop.si\/sl\/wp-json\/wp\/v2\/product"}],"about":[{"href":"https:\/\/www.budoshop.si\/sl\/wp-json\/wp\/v2\/types\/product"}],"replies":[{"embeddable":true,"href":"https:\/\/www.budoshop.si\/sl\/wp-json\/wp\/v2\/comments?post=89535"}],"wp:featuredmedia":[{"embeddable":true,"href":"https:\/\/www.budoshop.si\/sl\/wp-json\/wp\/v2\/media\/119715"}],"wp:attachment":[{"href":"https:\/\/www.budoshop.si\/sl\/wp-json\/wp\/v2\/media?parent=89535"}],"wp:term":[{"taxonomy":"product_brand","embeddable":true,"href":"https:\/\/www.budoshop.si\/sl\/wp-json\/wp\/v2\/product_brand?post=89535"},{"taxonomy":"product_cat","embeddable":true,"href":"https:\/\/www.budoshop.si\/sl\/wp-json\/wp\/v2\/product_cat?post=89535"},{"taxonomy":"product_tag","embeddable":true,"href":"https:\/\/www.budoshop.si\/sl\/wp-json\/wp\/v2\/product_tag?post=89535"}],"curies":[{"name":"wp","href":"https:\/\/api.w.org\/{rel}","templated":true}]}}