{"id":89311,"date":"2019-10-08T09:13:15","date_gmt":"2019-10-08T09:13:15","guid":{"rendered":"https:\/\/budoshop.si\/?product=obesek-tokaido-kickman"},"modified":"2026-02-20T12:16:32","modified_gmt":"2026-02-20T11:16:32","slug":"obesek-tokaido-kickman","status":"publish","type":"product","link":"https:\/\/www.budoshop.si\/sl\/izdelek\/obesek-tokaido-kickman\/","title":{"rendered":"Obesek &#8221;Tokaido KICKMAN&#8221;"},"content":{"rendered":"<p style=\"text-align: justify;\"><span style=\"font-size: small; color: #993300;\">Kvaliteten kovinski Tokaido Karate obesek z motivom borilnih ve\u0161\u010din. Srebrne barve z motivom v \u010drni barvi. Z rinko za obe\u0161anje se obesek enostavno pritrdi na va\u0161e klju\u010de, \u0161portno torbo itd.<\/span><\/p>\n<p style=\"text-align: justify;\"><span style=\"font-size: small; color: #993300;\">Skupna dol\u017eina: cca. 9 cm<\/span><\/p>\n","protected":false},"excerpt":{"rendered":"<p><span style=\"color: #003366;\"><strong>Kvaliteten kovinski Tokaido Karate obesek za klju\u010de.<\/strong><\/span><\/p>\n","protected":false},"featured_media":109219,"comment_status":"open","ping_status":"closed","template":"","meta":[],"product_brand":[5598],"product_cat":[1035,1043,1033,1031,1029,1037,1039,1041,833,949,1047],"product_tag":[],"class_list":{"0":"post-89311","1":"product","2":"type-product","3":"status-publish","4":"has-post-thumbnail","6":"product_brand-tokaido","7":"product_cat-aikido-kendo-iai-kobudo-1","8":"product_cat-boks-kickbox-tajski-boks-mma","9":"product_cat-ju-jitsujiu-jitsu-1","10":"product_cat-judo-1","11":"product_cat-karate-5","12":"product_cat-ninjutsu-3","13":"product_cat-taekwondo-3","14":"product_cat-tai-chi-kunf-fu-wu-shu-1","15":"product_cat-obeski","16":"product_cat-shureido-3","17":"product_cat-tokaido-1","19":"first","20":"instock","21":"taxable","22":"shipping-taxable","23":"purchasable","24":"product-type-simple"},"_links":{"self":[{"href":"https:\/\/www.budoshop.si\/sl\/wp-json\/wp\/v2\/product\/89311","targetHints":{"allow":["GET"]}}],"collection":[{"href":"https:\/\/www.budoshop.si\/sl\/wp-json\/wp\/v2\/product"}],"about":[{"href":"https:\/\/www.budoshop.si\/sl\/wp-json\/wp\/v2\/types\/product"}],"replies":[{"embeddable":true,"href":"https:\/\/www.budoshop.si\/sl\/wp-json\/wp\/v2\/comments?post=89311"}],"wp:featuredmedia":[{"embeddable":true,"href":"https:\/\/www.budoshop.si\/sl\/wp-json\/wp\/v2\/media\/109219"}],"wp:attachment":[{"href":"https:\/\/www.budoshop.si\/sl\/wp-json\/wp\/v2\/media?parent=89311"}],"wp:term":[{"taxonomy":"product_brand","embeddable":true,"href":"https:\/\/www.budoshop.si\/sl\/wp-json\/wp\/v2\/product_brand?post=89311"},{"taxonomy":"product_cat","embeddable":true,"href":"https:\/\/www.budoshop.si\/sl\/wp-json\/wp\/v2\/product_cat?post=89311"},{"taxonomy":"product_tag","embeddable":true,"href":"https:\/\/www.budoshop.si\/sl\/wp-json\/wp\/v2\/product_tag?post=89311"}],"curies":[{"name":"wp","href":"https:\/\/api.w.org\/{rel}","templated":true}]}}