{"id":89261,"date":"2019-10-07T12:11:36","date_gmt":"2019-10-07T12:11:36","guid":{"rendered":"https:\/\/budoshop.si\/?product=sportna-karate-torba-tokaido-monster"},"modified":"2026-01-12T15:51:23","modified_gmt":"2026-01-12T14:51:23","slug":"sportna-karate-torba-tokaido-monster","status":"publish","type":"product","link":"https:\/\/www.budoshop.si\/sl\/izdelek\/sportna-karate-torba-tokaido-monster\/","title":{"rendered":"\u0160portna Karate torba &#8221;Tokaido MONSTER&#8221;"},"content":{"rendered":"<p style=\"text-align: justify;\"><span style=\"font-size: 15px; color: #993300;\">Ta prostorna Karate \u0161portna torba nudi obilo prostora za va\u0161o kompletno borilno opremo kot so Kimono, \u0161\u010ditniki, rokavice, obutev itd. S \u0161iroko paleta razli\u010dnih oddelkov bo ta \u0161portna torba va\u0161 idaelni partner za trening in tekmovanja.Vklju\u010duje namre\u010d velik glavni oddelek z zapenjanjem z zadrgo, notranji \u017eep z zadrgo, dva stranska \u017eepa z zadrgo in podal\u0161ljiv spodnji del. Mre\u017east zra\u010den predel spredaj in poseben termo \u017eep, ki pija\u010do ohranja hladno ali toplo. Ker se torba lahko nosi kot nahrbtnik ali preko ramena je opremljena tudi oblazinjenimi nahrbtnicami in pritrdljivim ramenskim trakom. Torba je izdelana iz mo\u010dnega materiala in izredno kvalitetne izdelave.<\/span><\/p>\n<p style=\"text-align: justify;\"><span style=\"font-size: 15px; color: #993300;\">Mere:<\/span><\/p>\n<p style=\"text-align: justify;\"><span style=\"font-size: 15px; color: #993300;\">&#8211; kot nahrbtnik: cca. 52 x 20 x 20 cm<\/span><\/p>\n<p style=\"text-align: justify;\"><span style=\"font-size: 15px; color: #993300;\">&#8211; kot ramenska torba: cca. 76 x 48 x 20cm<\/span><\/p>\n<p style=\"text-align: justify;\"><span style=\"font-size: 15px; color: #993300;\">Te\u017ea: cca. 1.800 g<\/span><\/p>\n<p style=\"text-align: justify;\"><span style=\"font-size: 15px; color: #993300;\"><b>Kvaliteta, ki jo zagotavlja samo japonska TOKAIDO znamka!<\/b><\/span><\/p>\n<p style=\"text-align: justify;\"><span style=\"font-size: small; color: #993300;\">\u00a0<\/span><\/p>\n","protected":false},"excerpt":{"rendered":"<p><span style=\"color: #003366;\"><strong>WKF Karate torba japonske znamke Tokaido.<\/strong><\/span><\/p>\n","protected":false},"featured_media":89265,"comment_status":"open","ping_status":"closed","template":"","meta":[],"product_brand":[5598],"product_cat":[1029,971,1047,949],"product_tag":[],"class_list":{"0":"post-89261","1":"product","2":"type-product","3":"status-publish","4":"has-post-thumbnail","6":"product_brand-tokaido","7":"product_cat-karate-5","8":"product_cat-sportne-torbe","9":"product_cat-tokaido-1","10":"product_cat-shureido-3","12":"first","13":"instock","14":"taxable","15":"shipping-taxable","16":"purchasable","17":"product-type-simple"},"_links":{"self":[{"href":"https:\/\/www.budoshop.si\/sl\/wp-json\/wp\/v2\/product\/89261","targetHints":{"allow":["GET"]}}],"collection":[{"href":"https:\/\/www.budoshop.si\/sl\/wp-json\/wp\/v2\/product"}],"about":[{"href":"https:\/\/www.budoshop.si\/sl\/wp-json\/wp\/v2\/types\/product"}],"replies":[{"embeddable":true,"href":"https:\/\/www.budoshop.si\/sl\/wp-json\/wp\/v2\/comments?post=89261"}],"wp:featuredmedia":[{"embeddable":true,"href":"https:\/\/www.budoshop.si\/sl\/wp-json\/wp\/v2\/media\/89265"}],"wp:attachment":[{"href":"https:\/\/www.budoshop.si\/sl\/wp-json\/wp\/v2\/media?parent=89261"}],"wp:term":[{"taxonomy":"product_brand","embeddable":true,"href":"https:\/\/www.budoshop.si\/sl\/wp-json\/wp\/v2\/product_brand?post=89261"},{"taxonomy":"product_cat","embeddable":true,"href":"https:\/\/www.budoshop.si\/sl\/wp-json\/wp\/v2\/product_cat?post=89261"},{"taxonomy":"product_tag","embeddable":true,"href":"https:\/\/www.budoshop.si\/sl\/wp-json\/wp\/v2\/product_tag?post=89261"}],"curies":[{"name":"wp","href":"https:\/\/api.w.org\/{rel}","templated":true}]}}