{"id":88835,"date":"2019-09-20T11:09:15","date_gmt":"2019-09-20T11:09:15","guid":{"rendered":"https:\/\/budoshop.si\/?product=dvostanske-judo-ju-jitsu-tatami-blazine-100x100x4-double"},"modified":"2026-03-17T09:50:36","modified_gmt":"2026-03-17T08:50:36","slug":"dvostanske-judo-ju-jitsu-tatami-blazine-100x100x4-double","status":"publish","type":"product","link":"https:\/\/www.budoshop.si\/sl\/izdelek\/dvostanske-judo-ju-jitsu-tatami-blazine-100x100x4-double\/","title":{"rendered":"Dvostanske Judo \/ Ju-jitsu Tatami blazine 100x100x4 &#8221;DOUBLE&#8221;"},"content":{"rendered":"<div style=\"text-align: justify;\">\n<p><span style=\"font-size: 15px; color: #993300;\">Sestavljive JUDO in\/ali JU-JITSU Tatami blazine so narejene iz izjemno kvalitetnega inovativnega penasto-gumijastega materiala zaradi \u010desar so te Tatami blazine izredno pro\u017ene in prijetne za vadbo. Material omogo\u010da, da se blazine ne zbijajo in zagotavlja konstantno enakomernost in trdnost po celotni blazini, s tem pa tudi obstojnost in dolgo \u017eivljenjsko dobo. Poleg tega je ta material tudi pralen. Vzorec ri\u017eevega zrnja na povr\u0161ini zagotavlja da med vadbo na blazinah ne drsi in <span class=\"HwtZe\" lang=\"sl\"><span class=\"jCAhz ChMk0b\"><span class=\"ryNqvb\">je \u0161e posebej primerna za Judo, Ju-jitsu in Aikido.<br \/>\nDebeline 4 cm zagotavlja odli\u010dno bla\u017eenje udarcev in zagotavlja primerno varnost med meti, padci, prevali in udarci.<br \/>\n<\/span><\/span><\/span><\/span><\/p>\n<p><span style=\"font-size: 15px; color: #993300;\">Blazine so dvostanske s tem, da so na vsaki strani svoje barve. Zato jih lahko poljubno sestavljamo in ustvarjamo barvne kombinacije po \u017eelji. Sestavljajo se na PUZZLE sistem, ki zagotavlja, da blazine ne lezejo narazen in se ne razdirajo. Te Tatami blazine <span class=\"HwtZe\" lang=\"sl\"><span class=\"jCAhz ChMk0b\"><span class=\"ryNqvb\">niso primerna za tla s talninm ogrevanjem.<\/span><\/span><\/span><\/span><\/p>\n<p><span style=\"font-size: 15px; color: #993300;\">Namenjene so predvsem klubom, ki nimajo lastne telovadnice in morajo za vsak trening na novo postavljati Tatami ali pa za doma\u010do uporabo, saj njihova te\u017ea (pribl. 4 kg\/kos) dopu\u0161\u010da lahkotno prena\u0161anje in premikanje.<\/span><\/p>\n<p><span style=\"font-size: 15px; color: #993300;\">Dimenzije: 100cm X 100cm X 4cm<\/span><\/p>\n<p><span style=\"font-size: 15px; color: #993300;\">Te\u017ea ene blazine: cca. 4 kg<\/span><\/p>\n<p><span style=\"font-size: 15px; color: #993300;\">Barva: rde\u010da-modra ali zelena-rumena<\/span><\/p>\n<p><span style=\"font-size: 15px; color: #993300;\"><strong>Artikel je dobavljiv po naro\u010dilu! <\/strong><\/span><\/p>\n<p><span style=\"color: #993300; font-size: 15px;\">Opomba! Dostava se zara\u010dunava posebej, po ceniku dostavne slu\u017ebe!<\/span><\/p>\n<\/div>\n","protected":false},"excerpt":{"rendered":"<p><span style=\"color: #002060;\"><strong>Dvostanske Judo in\/ali Ju-Jitsu Tatami blazine Puzzle 100x100x4 cm.<\/strong><\/span><\/p>\n","protected":false},"featured_media":88839,"comment_status":"open","ping_status":"closed","template":"","meta":[],"product_brand":[5596],"product_cat":[1035,1033,1031,1061,983,743],"product_tag":[],"class_list":{"0":"post-88835","1":"product","2":"type-product","3":"status-publish","4":"has-post-thumbnail","6":"product_brand-kwon","7":"product_cat-aikido-kendo-iai-kobudo-1","8":"product_cat-ju-jitsujiu-jitsu-1","9":"product_cat-judo-1","10":"product_cat-kwon-5","11":"product_cat-kwon-3","12":"product_cat-tatami-blazine","13":"pa_barva-rdece-moder-sl","14":"pa_barva-zelena-rumena-sl","16":"first","17":"instock","18":"taxable","19":"shipping-taxable","20":"purchasable","21":"product-type-variable"},"_links":{"self":[{"href":"https:\/\/www.budoshop.si\/sl\/wp-json\/wp\/v2\/product\/88835","targetHints":{"allow":["GET"]}}],"collection":[{"href":"https:\/\/www.budoshop.si\/sl\/wp-json\/wp\/v2\/product"}],"about":[{"href":"https:\/\/www.budoshop.si\/sl\/wp-json\/wp\/v2\/types\/product"}],"replies":[{"embeddable":true,"href":"https:\/\/www.budoshop.si\/sl\/wp-json\/wp\/v2\/comments?post=88835"}],"wp:featuredmedia":[{"embeddable":true,"href":"https:\/\/www.budoshop.si\/sl\/wp-json\/wp\/v2\/media\/88839"}],"wp:attachment":[{"href":"https:\/\/www.budoshop.si\/sl\/wp-json\/wp\/v2\/media?parent=88835"}],"wp:term":[{"taxonomy":"product_brand","embeddable":true,"href":"https:\/\/www.budoshop.si\/sl\/wp-json\/wp\/v2\/product_brand?post=88835"},{"taxonomy":"product_cat","embeddable":true,"href":"https:\/\/www.budoshop.si\/sl\/wp-json\/wp\/v2\/product_cat?post=88835"},{"taxonomy":"product_tag","embeddable":true,"href":"https:\/\/www.budoshop.si\/sl\/wp-json\/wp\/v2\/product_tag?post=88835"}],"curies":[{"name":"wp","href":"https:\/\/api.w.org\/{rel}","templated":true}]}}