{"id":88776,"date":"2019-09-19T12:26:07","date_gmt":"2019-09-19T12:26:07","guid":{"rendered":"https:\/\/budoshop.si\/?product=karate-svilen-crn-pas-obi-kamikaze-silk"},"modified":"2026-01-16T10:54:54","modified_gmt":"2026-01-16T09:54:54","slug":"karate-svilen-crn-pas-obi-kamikaze-silk","status":"publish","type":"product","link":"https:\/\/www.budoshop.si\/sl\/izdelek\/karate-svilen-crn-pas-obi-kamikaze-silk\/","title":{"rendered":"Karate svilen \u010drn pas &#8221;Obi KAMIKAZE SILK&#8221;"},"content":{"rendered":"<p style=\"text-align: justify;\"><span style=\"font-size: 15px; color: #993300;\">Vrhunski Karate \u010drn pas znamke Kamikaze \u0161irine 4cm. Pas je narejene iz me\u0161anice prave in umetne svile najbolj\u0161e kvalitete in obstojne \u010drne barve. Na pasu se nahaja Kamikaze-JKA etiketa.<\/span><\/p>\n<p><span style=\"font-size: 15px; color: #993300;\">Po naro\u010dilu tudi mo\u017ene etikete: Shotokan Karate Inetrnational (SKI), Shotokan ryu Kase-ha, Shito ryu ali Kykushinkai.<\/span><\/p>\n<p style=\"text-align: justify;\"><span style=\"font-size: 15px; color: #993300;\">Velikosti: 260 &#8211; 280 &#8211; 300 &#8211; 320 &#8211; 340 cm<\/span><\/p>\n<p style=\"text-align: justify;\"><span style=\"font-size: 15px; color: #993300;\">Mo\u017enost obi\u010dajnega vezenja ali posebnega Kamikaze vezenja (vidno samo na eni strani pasu).<\/span><\/p>\n","protected":false},"excerpt":{"rendered":"<p><span style=\"color: #002060;\"><strong>Prvovrstni svilen Karate \u010drn pas znamke Kamikaze.<\/strong><\/span><\/p>\n","protected":false},"featured_media":88781,"comment_status":"open","ping_status":"closed","template":"","meta":[],"product_brand":[5612],"product_cat":[1029,861,947,1045],"product_tag":[],"class_list":{"0":"post-88776","1":"product","2":"type-product","3":"status-publish","4":"has-post-thumbnail","6":"product_brand-kamikaze","7":"product_cat-karate-5","8":"product_cat-mojstrski-pasovi","9":"product_cat-kamikaze-3","10":"product_cat-kamikaze-5","11":"pa_dolzina-260-cm-sl","12":"pa_dolzina-280-cm-sl","13":"pa_dolzina-300-cm-sl","14":"pa_dolzina-320-cm-sl","15":"pa_dolzina-340-cm","17":"first","18":"instock","19":"taxable","20":"shipping-taxable","21":"purchasable","22":"product-type-variable"},"_links":{"self":[{"href":"https:\/\/www.budoshop.si\/sl\/wp-json\/wp\/v2\/product\/88776","targetHints":{"allow":["GET"]}}],"collection":[{"href":"https:\/\/www.budoshop.si\/sl\/wp-json\/wp\/v2\/product"}],"about":[{"href":"https:\/\/www.budoshop.si\/sl\/wp-json\/wp\/v2\/types\/product"}],"replies":[{"embeddable":true,"href":"https:\/\/www.budoshop.si\/sl\/wp-json\/wp\/v2\/comments?post=88776"}],"wp:featuredmedia":[{"embeddable":true,"href":"https:\/\/www.budoshop.si\/sl\/wp-json\/wp\/v2\/media\/88781"}],"wp:attachment":[{"href":"https:\/\/www.budoshop.si\/sl\/wp-json\/wp\/v2\/media?parent=88776"}],"wp:term":[{"taxonomy":"product_brand","embeddable":true,"href":"https:\/\/www.budoshop.si\/sl\/wp-json\/wp\/v2\/product_brand?post=88776"},{"taxonomy":"product_cat","embeddable":true,"href":"https:\/\/www.budoshop.si\/sl\/wp-json\/wp\/v2\/product_cat?post=88776"},{"taxonomy":"product_tag","embeddable":true,"href":"https:\/\/www.budoshop.si\/sl\/wp-json\/wp\/v2\/product_tag?post=88776"}],"curies":[{"name":"wp","href":"https:\/\/api.w.org\/{rel}","templated":true}]}}