{"id":88559,"date":"2019-09-18T09:30:37","date_gmt":"2019-09-18T09:30:37","guid":{"rendered":"https:\/\/budoshop.si\/?product=judo-gi-kimono-mizuno-keiko"},"modified":"2026-01-16T08:18:46","modified_gmt":"2026-01-16T07:18:46","slug":"judo-gi-kimono-mizuno-keiko-2","status":"publish","type":"product","link":"https:\/\/www.budoshop.si\/sl\/izdelek\/judo-gi-kimono-mizuno-keiko-2\/","title":{"rendered":"Judo Gi (Kimono) &#8221;Mizuno KEIKO&#8221;"},"content":{"rendered":"<p style=\"margin: 0cm 0cm 0pt; line-height: normal; text-align: justify;\"><span style=\"font-size: 15px;\"><span style=\"font-family: tahoma; color: #c00000;\">Ta srednje te\u017eak Mizuno Judo Kimono je namenjen vsakdanji vadbi in la\u017ejim tekmovanjem. Izdelan jeiz kvalitetnega 100% bomba\u017ea (650g\/m<sup>2<\/sup>). Jakna iz rebrastega materiala je oja\u010dana na predelu ramen, prsi in seveda reverju. Hla\u010de s tradicionalno vrvico v pasu imajo dvojno ob\u0161it predel kolen. Kimono je primerno tudi za Aikido in Ju-jitsu vadbo.<\/span><\/span><\/p>\n<p><span style=\"font-family: tahoma; color: #c00000; font-size: 15px;\"><strong>Kvaliteta, ki jo zagotavlja samo japonska MIZUNO Judo znamka!<\/strong><\/span><\/p>\n<p style=\"margin: 0cm 0cm 0pt; line-height: normal; text-align: justify;\"><span style=\"font-size: 15px; font-family: tahoma; color: #c00000;\">V kompletu se nahajajo hla\u010de z vrvico v pasu in jakna.<\/span><\/p>\n<p style=\"margin: 0cm 0cm 0pt; line-height: normal; text-align: justify;\"><span style=\"font-size: 15px; font-family: tahoma; color: #c00000;\">Velikosti: 150 \u2013 190 cm (na 10cm).<\/span><\/p>\n<p>&nbsp;<\/p>\n<p style=\"margin: 0cm 0cm 0pt; line-height: normal; text-align: justify;\"><span style=\"font-size: 11px; font-family: tahoma; color: #c00000;\">Pozor! Kimono ni predprano in se pri prvem pranju lahko\u00a0skr\u010di za cca. 3%.<\/span><\/p>\n","protected":false},"excerpt":{"rendered":"<p><span style=\"color: #003366;\"><strong>650g Judo Kimono japonske znamke Mizuno.<\/strong><\/span><\/p>\n","protected":false},"featured_media":112715,"comment_status":"open","ping_status":"closed","template":"","meta":[],"product_brand":[5597],"product_cat":[1033,1031,919,1019,1081,1051],"product_tag":[],"class_list":{"0":"post-88559","1":"product","2":"type-product","3":"status-publish","4":"has-post-thumbnail","6":"product_brand-mizuno","7":"product_cat-ju-jitsujiu-jitsu-1","8":"product_cat-judo-1","9":"product_cat-ju-jitsu-kimona","10":"product_cat-mizuno-1","11":"product_cat-mizuno-5","12":"product_cat-mizuno-3","13":"pa_velikost-150-cm-sl","14":"pa_velikost-160-cm-sl","15":"pa_velikost-170-cm-sl","16":"pa_velikost-180-cm-sl","17":"pa_velikost-190-cm-sl","19":"first","20":"instock","21":"taxable","22":"shipping-taxable","23":"purchasable","24":"product-type-variable"},"_links":{"self":[{"href":"https:\/\/www.budoshop.si\/sl\/wp-json\/wp\/v2\/product\/88559","targetHints":{"allow":["GET"]}}],"collection":[{"href":"https:\/\/www.budoshop.si\/sl\/wp-json\/wp\/v2\/product"}],"about":[{"href":"https:\/\/www.budoshop.si\/sl\/wp-json\/wp\/v2\/types\/product"}],"replies":[{"embeddable":true,"href":"https:\/\/www.budoshop.si\/sl\/wp-json\/wp\/v2\/comments?post=88559"}],"wp:featuredmedia":[{"embeddable":true,"href":"https:\/\/www.budoshop.si\/sl\/wp-json\/wp\/v2\/media\/112715"}],"wp:attachment":[{"href":"https:\/\/www.budoshop.si\/sl\/wp-json\/wp\/v2\/media?parent=88559"}],"wp:term":[{"taxonomy":"product_brand","embeddable":true,"href":"https:\/\/www.budoshop.si\/sl\/wp-json\/wp\/v2\/product_brand?post=88559"},{"taxonomy":"product_cat","embeddable":true,"href":"https:\/\/www.budoshop.si\/sl\/wp-json\/wp\/v2\/product_cat?post=88559"},{"taxonomy":"product_tag","embeddable":true,"href":"https:\/\/www.budoshop.si\/sl\/wp-json\/wp\/v2\/product_tag?post=88559"}],"curies":[{"name":"wp","href":"https:\/\/api.w.org\/{rel}","templated":true}]}}