{"id":88497,"date":"2019-09-10T11:39:20","date_gmt":"2019-09-10T09:39:20","guid":{"rendered":"https:\/\/budoshop.si\/?product=boks-celada-z-zascito-za-nos-novo"},"modified":"2025-03-04T08:09:40","modified_gmt":"2025-03-04T07:09:40","slug":"boks-celada-z-zascito-za-nos-novo","status":"publish","type":"product","link":"https:\/\/www.budoshop.si\/sl\/izdelek\/boks-celada-z-zascito-za-nos-novo\/","title":{"rendered":"Boks \u010delada z za\u0161\u010dito za nos"},"content":{"rendered":"<div style=\"text-align: justify;\"><span style=\"color: #c00000; font-size: 15px;\">Ta trening boks \u010delada z dodatno za\u0161\u010dito za brado je izdelana iz najkvalitetnej\u0161ega govejega usnja. Izjemno u\u010dinkovito ve\u010dslojno EVA oblazinjenje dobro \u0161\u010diti vse predele glave in se zelo dobro prilagodi obliki glave. Posebna \u010dvrsta oblazinjena za\u0161\u010dita spredaj pa dodatno pripomore k za\u0161\u010diti brade, ust in nosu<span style=\"color: #c00000;\">. <\/span>Odprtine na predelu u\u0161es ne omejujejo sluha. S posebnim \u0161irokim dvojnim trakom na zadnji strani in z vrvicami prilagodljivim zgornjim delom se to boksarsko \u010delado lahko hitro in enostavno prilagaja svojim potrebam in tako pripomore k njeni udobnosti na glavi. Zapenja se s \u010dvrstim trakom, ki se preko brade zapenja z dvojnim je\u017ekom kar daje dober oprijem tako, da \u010delada trdno stoji na glavi in ne omejuje uporabnika. Namenjena je vsem kontaktnim ve\u0161\u010dinam in \u0161portom (Boks, Muay Thai &#8230;).<\/span><\/div>\n<div style=\"text-align: justify;\"><span style=\"color: #c00000; font-size: 15px;\"><br \/>\n\u010crne barve.<\/span><\/div>\n<p><span style=\"color: #c00000; font-size: small;\"><span style=\"font-size: 15px;\">Univerzalna velikost.<\/span> <\/span><\/p>\n","protected":false},"excerpt":{"rendered":"<p><span style=\"color: #003366;\"><strong>Profesionalna usnjena trening boks \u010delada z za\u0161\u010dito za brado.<\/strong><\/span><\/p>\n","protected":false},"featured_media":107312,"comment_status":"open","ping_status":"closed","template":"","meta":[],"product_brand":[],"product_cat":[1043,983,1061,769],"product_tag":[],"class_list":{"0":"post-88497","1":"product","2":"type-product","3":"status-publish","4":"has-post-thumbnail","6":"product_cat-boks-kickbox-tajski-boks-mma","7":"product_cat-kwon-3","8":"product_cat-kwon-5","9":"product_cat-scitniki-za-glavo","11":"first","12":"instock","13":"taxable","14":"shipping-taxable","15":"purchasable","16":"product-type-simple"},"_links":{"self":[{"href":"https:\/\/www.budoshop.si\/sl\/wp-json\/wp\/v2\/product\/88497","targetHints":{"allow":["GET"]}}],"collection":[{"href":"https:\/\/www.budoshop.si\/sl\/wp-json\/wp\/v2\/product"}],"about":[{"href":"https:\/\/www.budoshop.si\/sl\/wp-json\/wp\/v2\/types\/product"}],"replies":[{"embeddable":true,"href":"https:\/\/www.budoshop.si\/sl\/wp-json\/wp\/v2\/comments?post=88497"}],"wp:featuredmedia":[{"embeddable":true,"href":"https:\/\/www.budoshop.si\/sl\/wp-json\/wp\/v2\/media\/107312"}],"wp:attachment":[{"href":"https:\/\/www.budoshop.si\/sl\/wp-json\/wp\/v2\/media?parent=88497"}],"wp:term":[{"taxonomy":"product_brand","embeddable":true,"href":"https:\/\/www.budoshop.si\/sl\/wp-json\/wp\/v2\/product_brand?post=88497"},{"taxonomy":"product_cat","embeddable":true,"href":"https:\/\/www.budoshop.si\/sl\/wp-json\/wp\/v2\/product_cat?post=88497"},{"taxonomy":"product_tag","embeddable":true,"href":"https:\/\/www.budoshop.si\/sl\/wp-json\/wp\/v2\/product_tag?post=88497"}],"curies":[{"name":"wp","href":"https:\/\/api.w.org\/{rel}","templated":true}]}}