{"id":88331,"date":"2019-09-04T09:10:24","date_gmt":"2019-09-04T09:10:24","guid":{"rendered":"https:\/\/budoshop.si\/?product=zenski-scitnik-prsi-sport-black-ce"},"modified":"2026-02-16T09:10:00","modified_gmt":"2026-02-16T08:10:00","slug":"zenski-scitnik-prsi-sport-black-ce","status":"publish","type":"product","link":"https:\/\/www.budoshop.si\/sl\/izdelek\/zenski-scitnik-prsi-sport-black-ce\/","title":{"rendered":"\u017denski \u0161\u010ditnik prsi &#8221;SPORT BLACK&#8221;"},"content":{"rendered":"<div style=\"text-align: justify;\"><span style=\"color: #993300; font-size: 15px;\">Ta \u010drn \u0161\u010ditnik \u017eenskih prsi je sestavljen iz zra\u010dne elasti\u010dne majice \u010drne barve brez rokavov (88% poliester, 5% spandeks, 7% elasten) in dveh oblikovanih za\u0161\u010ditnih vlo\u017ekov narejenih iz posebne EVA plastike, ki sta oblo\u017eena iz notranje strani in katera omogo\u010data dobro za\u0161\u010dito prsi.<br \/>\nVlo\u017eka sta odstranljiva kar zagotavlja dobro higieni\u010dnost saj se vlo\u017eka enostavno obri\u0161eta z vla\u017eno krpo, majico pa opere v pralnem stroju. Majico se lahko nosi neodvisno od vlo\u017ekov. Primerno za vse \u017eenske \u0161porte.<br \/>\n<\/span><\/div>\n<p><span style=\"color: #993300; font-size: 15px;\">\u010crne barve.<\/span><\/p>\n<p><span style=\"font-size: 15px; color: #993300;\">Velikosti: XS &#8211; S &#8211; M &#8211; L.<\/span><\/p>\n","protected":false},"excerpt":{"rendered":"<p><span style=\"color: #002060;\"><strong>\u017denski \u0161\u010ditnik prsi \u010drne barve z izmenljivima vlo\u017ekoma.<\/strong><\/span><\/p>\n","protected":false},"featured_media":88336,"comment_status":"open","ping_status":"closed","template":"","meta":[],"product_brand":[],"product_cat":[1043,1033,1029,775,1117,1039,953,1053],"product_tag":[],"class_list":{"0":"post-88331","1":"product","2":"type-product","3":"status-publish","4":"has-post-thumbnail","6":"product_cat-boks-kickbox-tajski-boks-mma","7":"product_cat-ju-jitsujiu-jitsu-1","8":"product_cat-karate-5","9":"product_cat-scitniki-prsi-in-trupa","10":"product_cat-scitniki-za-zenske","11":"product_cat-taekwondo-3","12":"product_cat-vandal-1","13":"product_cat-vandal-3","14":"pa_velikost-l-sl-2","15":"pa_velikost-m-sl-2","16":"pa_velikost-s-sl-2","17":"pa_velikost-xs-sl","19":"first","20":"instock","21":"taxable","22":"shipping-taxable","23":"purchasable","24":"product-type-variable"},"_links":{"self":[{"href":"https:\/\/www.budoshop.si\/sl\/wp-json\/wp\/v2\/product\/88331","targetHints":{"allow":["GET"]}}],"collection":[{"href":"https:\/\/www.budoshop.si\/sl\/wp-json\/wp\/v2\/product"}],"about":[{"href":"https:\/\/www.budoshop.si\/sl\/wp-json\/wp\/v2\/types\/product"}],"replies":[{"embeddable":true,"href":"https:\/\/www.budoshop.si\/sl\/wp-json\/wp\/v2\/comments?post=88331"}],"wp:featuredmedia":[{"embeddable":true,"href":"https:\/\/www.budoshop.si\/sl\/wp-json\/wp\/v2\/media\/88336"}],"wp:attachment":[{"href":"https:\/\/www.budoshop.si\/sl\/wp-json\/wp\/v2\/media?parent=88331"}],"wp:term":[{"taxonomy":"product_brand","embeddable":true,"href":"https:\/\/www.budoshop.si\/sl\/wp-json\/wp\/v2\/product_brand?post=88331"},{"taxonomy":"product_cat","embeddable":true,"href":"https:\/\/www.budoshop.si\/sl\/wp-json\/wp\/v2\/product_cat?post=88331"},{"taxonomy":"product_tag","embeddable":true,"href":"https:\/\/www.budoshop.si\/sl\/wp-json\/wp\/v2\/product_tag?post=88331"}],"curies":[{"name":"wp","href":"https:\/\/api.w.org\/{rel}","templated":true}]}}