{"id":88107,"date":"2019-01-22T11:12:05","date_gmt":"2019-01-22T11:12:05","guid":{"rendered":"https:\/\/budoshop.si\/?product=katana-kotaro"},"modified":"2025-12-21T08:16:36","modified_gmt":"2025-12-21T07:16:36","slug":"katana-kotaro-2","status":"publish","type":"product","link":"https:\/\/www.budoshop.si\/sl\/izdelek\/katana-kotaro-2\/","title":{"rendered":"Katana &#8221;KOTARO&#8221;"},"content":{"rendered":"<div align=\"justify\">\n<div style=\"text-align: justify;\"><span style=\"color: #993300; font-size: 15px;\">Tradicionalni Samuraiski Katana me\u010d z dolgim, ne-nabru\u0161enim kovinskim rezilom, masivno Tsubo (\u0161\u010ditnik) z motivom, lesenim ro\u010dajem in leseno Sayo (no\u017enica). Ta me\u010d je natan\u010dna kopija pravega kovanega me\u010da, narejen iz zelo kvalitetnega jekla in zagotavlja dober in varen trenig Iai-do izvleka me\u010da kot tudi tehnike Ken-jutsu me\u010devanja. Dodatno oja\u010dan predel no\u017enice, ki se zatakne v pas.<\/span><\/div>\n<div style=\"text-align: justify;\">\n<p><span style=\"color: #993300; font-size: 15px;\"> Detajli:<br \/>\nKovina: High Carbon Steel<br \/>\nNAGASA (dol\u017eina rezila): 70 cm (73 cm s Habaki-em)<br \/>\nHAMON (motiv ostrine): Da<br \/>\nSORI (ukrivljenost): 2,00 cm<br \/>\nTSUKA (ro\u010daj): 26,5 cm<br \/>\nTSUKA ITO (navitje ro\u010daja): \u010drna<br \/>\nSAME (podloga ro\u010daja): sinteti\u010dno<br \/>\nTSUBA (\u0161\u010ditnik): Maru Gata<br \/>\nBOHI (\u017eleb v rezilo): Da<br \/>\nSAYA (no\u017enica): 75 cm rde\u010de lakiran les<br \/>\nSAGEO (vrvica): Ne<br \/>\nMEKUGI (zati\u010d): Da 2x<br \/>\nTe\u017ea: cca 1.000 g (skupaj s Sayo) &#8211; 850 g brez Saye<\/span><\/p>\n<p><span style=\"font-size: 15px; color: #993300;\">Darilo: prenosna torba!<\/span><\/p>\n<p><span style=\"font-size: 15px; color: #993300;\"> TA ARTIKEL PRODAJAMO SAMO POLNOLETNIM OSEBAM.<\/span><\/p>\n<\/div>\n<div style=\"text-align: justify;\"><\/div>\n<div style=\"text-align: justify;\"><span style=\"color: #993300; font-size: 11px;\">Opozorilo!<br \/>\n\u25ba Artikel je namenjen samo dekorativni uporabi oziroma osebnemu treningu borilnih ve\u0161\u010din.<br \/>\n\u25ba Po prodaji, prodajalec ni ve\u010d odgovoren za nikakr\u0161ne po\u0161kodbe, ki se lahko zgodijo zaradi napa\u010dne uporabe ali zanemarjanja teh opozoril. Novi lastnik prevzema popolno odgovornost za skrb in uporabo tega artikla.<br \/>\n\u25ba Vsakr\u0161na napa\u010dna uporaba ali nepazljivost lahko vam ali drugemu povzro\u010di resne po\u0161kodbe ali celo smrt!<br \/>\n\u25ba Ta artikel se v nobenem primeru ne sme uporabljati na drugi osebi!<\/span><\/div>\n<\/div>\n","protected":false},"excerpt":{"rendered":"<p><span style=\"color: #003366;\"><strong>Prakti\u010den ne-nabru\u0161en Katana vadbeni me\u010d.<\/strong><\/span><\/p>\n","protected":false},"featured_media":88112,"comment_status":"open","ping_status":"closed","template":"","meta":[],"product_brand":[],"product_cat":[5382,1035,1037],"product_tag":[],"class_list":{"0":"post-88107","1":"product","2":"type-product","3":"status-publish","4":"has-post-thumbnail","6":"product_cat-dekorativni-katana-meci","7":"product_cat-aikido-kendo-iai-kobudo-1","8":"product_cat-ninjutsu-3","10":"first","11":"outofstock","12":"taxable","13":"shipping-taxable","14":"purchasable","15":"product-type-simple"},"_links":{"self":[{"href":"https:\/\/www.budoshop.si\/sl\/wp-json\/wp\/v2\/product\/88107","targetHints":{"allow":["GET"]}}],"collection":[{"href":"https:\/\/www.budoshop.si\/sl\/wp-json\/wp\/v2\/product"}],"about":[{"href":"https:\/\/www.budoshop.si\/sl\/wp-json\/wp\/v2\/types\/product"}],"replies":[{"embeddable":true,"href":"https:\/\/www.budoshop.si\/sl\/wp-json\/wp\/v2\/comments?post=88107"}],"wp:featuredmedia":[{"embeddable":true,"href":"https:\/\/www.budoshop.si\/sl\/wp-json\/wp\/v2\/media\/88112"}],"wp:attachment":[{"href":"https:\/\/www.budoshop.si\/sl\/wp-json\/wp\/v2\/media?parent=88107"}],"wp:term":[{"taxonomy":"product_brand","embeddable":true,"href":"https:\/\/www.budoshop.si\/sl\/wp-json\/wp\/v2\/product_brand?post=88107"},{"taxonomy":"product_cat","embeddable":true,"href":"https:\/\/www.budoshop.si\/sl\/wp-json\/wp\/v2\/product_cat?post=88107"},{"taxonomy":"product_tag","embeddable":true,"href":"https:\/\/www.budoshop.si\/sl\/wp-json\/wp\/v2\/product_tag?post=88107"}],"curies":[{"name":"wp","href":"https:\/\/api.w.org\/{rel}","templated":true}]}}