{"id":87966,"date":"2018-11-26T11:09:14","date_gmt":"2018-11-26T10:09:14","guid":{"rendered":"https:\/\/budoshop.si\/?product=medalja-judo"},"modified":"2023-12-21T09:19:25","modified_gmt":"2023-12-21T08:19:25","slug":"medalja-judo","status":"publish","type":"product","link":"https:\/\/www.budoshop.si\/sl\/izdelek\/medalja-judo\/","title":{"rendered":"Medalja &#8221;JUDO&#8221;"},"content":{"rendered":"<div align=\"justify\"><span style=\"color: #c00000; font-size: 15px;\">Judo \/ Jujitsu medalja z motivom atraktivnega meta v zlati, srebrni ali bronasti barvi.<\/span><\/div>\n<div align=\"justify\"><span style=\"color: #c00000; font-size: 15px;\">\u00a0<\/span><\/div>\n<div align=\"justify\"><span style=\"color: #c00000; font-size: 15px;\">Premer: 50 mm<br \/>\n<\/span><\/div>\n<div align=\"justify\"><span style=\"color: #c00000; font-size: 15px;\">\u00a0<\/span><\/div>\n<p><span style=\"color: #c00000; font-size: 15px;\">Ne vklju\u010duje traka za obe\u0161anje in spominske \u0161katlice.<\/span><\/p>\n","protected":false},"excerpt":{"rendered":"<p><span style=\"color: #002060;\"><b>Medalja z motivom atraktivnega Judo meta.<\/b><\/span><\/p>\n","protected":false},"featured_media":87971,"comment_status":"open","ping_status":"closed","template":"","meta":[],"product_brand":[],"product_cat":[1085,1087,1033,1031,1091],"product_tag":[],"class_list":{"0":"post-87966","1":"product","2":"type-product","3":"status-publish","4":"has-post-thumbnail","6":"product_cat-dax-1","7":"product_cat-dax-3","8":"product_cat-ju-jitsujiu-jitsu-1","9":"product_cat-judo-1","10":"product_cat-medalje","11":"pa_model-bronaste-barve-sl","12":"pa_model-srebrne-barve-sl","13":"pa_model-zlate-barve-sl","15":"first","16":"instock","17":"taxable","18":"shipping-taxable","19":"purchasable","20":"product-type-variable"},"_links":{"self":[{"href":"https:\/\/www.budoshop.si\/sl\/wp-json\/wp\/v2\/product\/87966","targetHints":{"allow":["GET"]}}],"collection":[{"href":"https:\/\/www.budoshop.si\/sl\/wp-json\/wp\/v2\/product"}],"about":[{"href":"https:\/\/www.budoshop.si\/sl\/wp-json\/wp\/v2\/types\/product"}],"replies":[{"embeddable":true,"href":"https:\/\/www.budoshop.si\/sl\/wp-json\/wp\/v2\/comments?post=87966"}],"wp:featuredmedia":[{"embeddable":true,"href":"https:\/\/www.budoshop.si\/sl\/wp-json\/wp\/v2\/media\/87971"}],"wp:attachment":[{"href":"https:\/\/www.budoshop.si\/sl\/wp-json\/wp\/v2\/media?parent=87966"}],"wp:term":[{"taxonomy":"product_brand","embeddable":true,"href":"https:\/\/www.budoshop.si\/sl\/wp-json\/wp\/v2\/product_brand?post=87966"},{"taxonomy":"product_cat","embeddable":true,"href":"https:\/\/www.budoshop.si\/sl\/wp-json\/wp\/v2\/product_cat?post=87966"},{"taxonomy":"product_tag","embeddable":true,"href":"https:\/\/www.budoshop.si\/sl\/wp-json\/wp\/v2\/product_tag?post=87966"}],"curies":[{"name":"wp","href":"https:\/\/api.w.org\/{rel}","templated":true}]}}