{"id":87809,"date":"2018-11-21T12:58:00","date_gmt":"2018-11-21T12:58:00","guid":{"rendered":"https:\/\/budoshop.si\/?product=oblazinjen-fokuser-scit-tokaido-pro"},"modified":"2026-02-25T09:15:14","modified_gmt":"2026-02-25T08:15:14","slug":"oblazinjen-fokuser-scit-tokaido-pro","status":"publish","type":"product","link":"https:\/\/www.budoshop.si\/sl\/izdelek\/oblazinjen-fokuser-scit-tokaido-pro\/","title":{"rendered":"Oblazinjen fokuser \u0161\u010dit &#8221;TOKAIDO PRO&#8221;"},"content":{"rendered":"<div align=\"justify\"><span style=\"color: #c00000; font-size: 15px;\">Ukrivljen oblazinjen fokuser \u0161\u010dit za borilne ve\u0161\u010dine, japonske znamke TOKAIDO. Izdelan je kvalitetnega usnja z izredno oja\u010danimi zaklju\u010dki. Zaradi materialov se \u0161\u010dit enostavno \u010disti. \u0160tiri ro\u010di na zadnji strani zagotavljajo varno vodoravno ali pokon\u010dno dr\u017eanje. Zaradi ukrivljenosti udarci z nogo ne zdrsijo mimo. Posebna izdelava tega velikega \u0161\u010dita zagotavlja odli\u010dno absorbacijo udarcev in varuje trening partnerja pred po\u0161kodbami. Primeren tako za udarce u nogami kot rokami. Atraktiven \u010drno-bel dizajn.<\/span><\/div>\n<div align=\"justify\"><span style=\"color: #c00000; font-size: 15px;\">\u00a0<\/span><\/div>\n<div align=\"justify\"><span style=\"color: #c00000; font-size: 15px;\"><b>Kvaliteta, ki jo zagotavlja samo japonski TOKAIDO!<\/b><br \/>\n<\/span><\/div>\n<div align=\"justify\"><span style=\"color: #c00000; font-size: 15px;\">\u00a0<\/span><\/div>\n<p><span style=\"color: #c00000; font-size: 15px;\">Dimenzije: cca. 65 x 35 x 15 cm<\/span><\/p>\n","protected":false},"excerpt":{"rendered":"<p><span style=\"color: #002060;\"><b>Usnjen oblazinjen trenerski fokuser \u0161\u010dit dimenzij 65 x 35 x 15 cm.<\/b><\/span><\/p>\n","protected":false},"featured_media":87813,"comment_status":"open","ping_status":"closed","template":"","meta":[],"product_brand":[5598],"product_cat":[1043,755,1029,1039,1041,949,1047],"product_tag":[],"class_list":{"0":"post-87809","1":"product","2":"type-product","3":"status-publish","4":"has-post-thumbnail","6":"product_brand-tokaido","7":"product_cat-boks-kickbox-tajski-boks-mma","8":"product_cat-fokuserji-in-oblazinjeni-scit","9":"product_cat-karate-5","10":"product_cat-taekwondo-3","11":"product_cat-tai-chi-kunf-fu-wu-shu-1","12":"product_cat-shureido-3","13":"product_cat-tokaido-1","15":"first","16":"instock","17":"taxable","18":"shipping-taxable","19":"purchasable","20":"product-type-simple"},"_links":{"self":[{"href":"https:\/\/www.budoshop.si\/sl\/wp-json\/wp\/v2\/product\/87809","targetHints":{"allow":["GET"]}}],"collection":[{"href":"https:\/\/www.budoshop.si\/sl\/wp-json\/wp\/v2\/product"}],"about":[{"href":"https:\/\/www.budoshop.si\/sl\/wp-json\/wp\/v2\/types\/product"}],"replies":[{"embeddable":true,"href":"https:\/\/www.budoshop.si\/sl\/wp-json\/wp\/v2\/comments?post=87809"}],"wp:featuredmedia":[{"embeddable":true,"href":"https:\/\/www.budoshop.si\/sl\/wp-json\/wp\/v2\/media\/87813"}],"wp:attachment":[{"href":"https:\/\/www.budoshop.si\/sl\/wp-json\/wp\/v2\/media?parent=87809"}],"wp:term":[{"taxonomy":"product_brand","embeddable":true,"href":"https:\/\/www.budoshop.si\/sl\/wp-json\/wp\/v2\/product_brand?post=87809"},{"taxonomy":"product_cat","embeddable":true,"href":"https:\/\/www.budoshop.si\/sl\/wp-json\/wp\/v2\/product_cat?post=87809"},{"taxonomy":"product_tag","embeddable":true,"href":"https:\/\/www.budoshop.si\/sl\/wp-json\/wp\/v2\/product_tag?post=87809"}],"curies":[{"name":"wp","href":"https:\/\/api.w.org\/{rel}","templated":true}]}}