{"id":87651,"date":"2018-11-21T09:33:00","date_gmt":"2018-11-21T09:33:00","guid":{"rendered":"https:\/\/budoshop.si\/?product=karate-pas-obi-tokaido-kumite-wkf"},"modified":"2026-01-12T08:31:39","modified_gmt":"2026-01-12T07:31:39","slug":"karate-pas-obi-tokaido-kumite-wkf","status":"publish","type":"product","link":"https:\/\/www.budoshop.si\/sl\/izdelek\/karate-pas-obi-tokaido-kumite-wkf\/","title":{"rendered":"Karate pas &#8221;Obi Tokaido KUMITE WKF&#8221;"},"content":{"rendered":"<div align=\"justify\"><span style=\"color: #c00000; font-size: 15px;\">Tekmovalni Karate pas modre ali rde\u010de barve japonske Karate znamke TOKAIDO. Pas je izdelan iz kvalitetnega in obstojnega 100% bomba\u017ea, razlo\u010dnih japonskih barvnih odtenkov. Pas je \u0161irok cca. 4,5 cm in kar 11x pre\u0161it, kar zagotavlja \u010dvrstino a ga je klub temu enostavno in hitro zavezati. Na pasu se nahaja Tokaido logotip in uradni WKF simbol. Primeren za vsa doma\u010da in mednarodna Kata in Kumite tekmovanja.<\/span><\/div>\n<div align=\"justify\"><span style=\"color: #c00000; font-size: 15px;\">\u00a0<\/span><\/div>\n<div align=\"justify\"><span style=\"font-size: 15px;\"><strong><span style=\"color: #c00000;\">Kvaliteta, ki jo lahko zagotavlja samo japonska TOKAIDO znamka!<\/span><\/strong><\/span><\/div>\n<div align=\"justify\"><span style=\"color: #c00000; font-size: 15px;\">\u00a0<\/span><\/div>\n<div align=\"justify\"><span style=\"color: #c00000; font-size: 15px;\"><b>Ta Artikel je odobren s strani WKF<\/b>-a (World Karate Federation)!<\/span><\/div>\n<div align=\"justify\"><span style=\"color: #c00000; font-size: 15px;\">\u00a0<\/span><\/div>\n<div align=\"justify\"><span style=\"font-size: 15px;\"><span style=\"color: #c00000;\">Barve: modra ali rde\u010da<\/span><\/span><\/div>\n<p><span style=\"color: #c00000; font-size: 15px;\">Dol\u017eine: 245 &#8211; 255 &#8211; 265 &#8211; 275 &#8211; 285 &#8211; 295 &#8211; 305 &#8211; 325 cm<\/span><\/p>\n","protected":false},"excerpt":{"rendered":"<p><span style=\"color: #002060;\"><b>Tokaido WKF tekmovalni moder in rde\u010d Karate pas.<\/b><\/span><\/p>\n","protected":false},"featured_media":87655,"comment_status":"open","ping_status":"closed","template":"","meta":[],"product_brand":[5598],"product_cat":[1029,859,949,1047],"product_tag":[],"class_list":{"0":"post-87651","1":"product","2":"type-product","3":"status-publish","4":"has-post-thumbnail","6":"product_brand-tokaido","7":"product_cat-karate-5","8":"product_cat-barvni-pasovi","9":"product_cat-shureido-3","10":"product_cat-tokaido-1","11":"pa_barva-rdeca-barva-sl-2","12":"pa_barva-modre-barve-sl","13":"pa_dolzina-pasu-245-cm","14":"pa_dolzina-pasu-255-cm-2","15":"pa_dolzina-pasu-265-cm-2","16":"pa_dolzina-pasu-275-cm-2","17":"pa_dolzina-pasu-285-cm-2","18":"pa_dolzina-pasu-295-cm-2","19":"pa_dolzina-pasu-305-cm-2","20":"pa_dolzina-pasu-325-cm-sl","22":"first","23":"instock","24":"taxable","25":"shipping-taxable","26":"purchasable","27":"product-type-variable"},"_links":{"self":[{"href":"https:\/\/www.budoshop.si\/sl\/wp-json\/wp\/v2\/product\/87651","targetHints":{"allow":["GET"]}}],"collection":[{"href":"https:\/\/www.budoshop.si\/sl\/wp-json\/wp\/v2\/product"}],"about":[{"href":"https:\/\/www.budoshop.si\/sl\/wp-json\/wp\/v2\/types\/product"}],"replies":[{"embeddable":true,"href":"https:\/\/www.budoshop.si\/sl\/wp-json\/wp\/v2\/comments?post=87651"}],"wp:featuredmedia":[{"embeddable":true,"href":"https:\/\/www.budoshop.si\/sl\/wp-json\/wp\/v2\/media\/87655"}],"wp:attachment":[{"href":"https:\/\/www.budoshop.si\/sl\/wp-json\/wp\/v2\/media?parent=87651"}],"wp:term":[{"taxonomy":"product_brand","embeddable":true,"href":"https:\/\/www.budoshop.si\/sl\/wp-json\/wp\/v2\/product_brand?post=87651"},{"taxonomy":"product_cat","embeddable":true,"href":"https:\/\/www.budoshop.si\/sl\/wp-json\/wp\/v2\/product_cat?post=87651"},{"taxonomy":"product_tag","embeddable":true,"href":"https:\/\/www.budoshop.si\/sl\/wp-json\/wp\/v2\/product_tag?post=87651"}],"curies":[{"name":"wp","href":"https:\/\/api.w.org\/{rel}","templated":true}]}}