{"id":87507,"date":"2018-11-09T10:17:54","date_gmt":"2018-11-09T10:17:54","guid":{"rendered":"https:\/\/budoshop.si\/?product=kickboxing-scitnik-za-golenpiscal-adidas-wako"},"modified":"2026-02-12T08:11:19","modified_gmt":"2026-02-12T07:11:19","slug":"kickboxing-scitnik-za-golenpiscal-adidas-wako","status":"publish","type":"product","link":"https:\/\/www.budoshop.si\/sl\/izdelek\/kickboxing-scitnik-za-golenpiscal-adidas-wako\/","title":{"rendered":"Kickboxing \u0161\u010ditnik za golen\/pi\u0161\u010dal &#8221;Adidas WAKO&#8221;"},"content":{"rendered":"<p><span style=\"color: #993300; font-size: 15px;\">Ta profesionalni Kickboxing \u0161\u010ditnik za pi\u0161\u010dal je odobren za vsa Kickbox tekmovanja!<\/span><\/p>\n<p><span style=\"color: #993300; font-size: 15px;\">Izdelan je iz najbolj\u0161ih materialov in oblazinjen z anti\u0161ok EVA peno, da zagotavlja najve\u010djo mo\u017eno za\u0161\u010dito. \u0160\u010ditnik se zapenja s tremi elasti\u010dnimi trakovi s prakti\u010dnim je\u017ekom, ki omogo\u010data trdno in stabilno prileganje ter hkrati hitro natikanje in snemanje. Oblika in lahkotnost \u0161\u010ditnika pa sta tak\u0161na, da omogo\u010data popolno svobodo gibanja nog.<\/span><\/p>\n<p><span style=\"font-size: 15px; color: #993300;\">Ustreza CE standardom!<\/span><\/p>\n<p><span style=\"color: #993300; font-size: 15px;\">Barve: rde\u010da in modra<\/span><\/p>\n<p><span style=\"font-size: 15px; color: #993300;\">Velikosti: S \u2013 M \u2013 L \u2013 XL.<\/span><\/p>\n<p><span style=\"color: #993300; font-size: 15px;\">Prodaja se v paru.<\/span><\/p>\n<p><span id=\"dnn_ctr448_ProductPage_lblItemHtmlHolder\" style=\"color: #993300; font-size: 15px;\"><strong>Ta artikel je odobren s strani WAKO<\/strong>-ja (World Association of Kickboxing Organizations).<\/span><\/p>\n<p>&nbsp;<\/p>\n","protected":false},"excerpt":{"rendered":"<p><span style=\"color: #003366;\"><strong>Adidas WAKO verificiran Kickboxing \u0161\u010ditnik za golen\/pi\u0161\u010dal (par).<\/strong><\/span><\/p>\n","protected":false},"featured_media":87511,"comment_status":"open","ping_status":"closed","template":"","meta":[],"product_brand":[5594],"product_cat":[1049,951,1043,899],"product_tag":[],"class_list":{"0":"post-87507","1":"product","2":"type-product","3":"status-publish","4":"has-post-thumbnail","6":"product_brand-adidas","7":"product_cat-adidas-7","8":"product_cat-adidas-3","9":"product_cat-boks-kickbox-tajski-boks-mma","10":"product_cat-scitniki-za-piscali","11":"pa_barva-modre-barve-sl","12":"pa_barva-rdeca-barva-sl-2","13":"pa_velikost-l-sl-2","14":"pa_velikost-m-sl-2","15":"pa_velikost-s-sl-2","17":"first","18":"instock","19":"taxable","20":"shipping-taxable","21":"purchasable","22":"product-type-variable"},"_links":{"self":[{"href":"https:\/\/www.budoshop.si\/sl\/wp-json\/wp\/v2\/product\/87507","targetHints":{"allow":["GET"]}}],"collection":[{"href":"https:\/\/www.budoshop.si\/sl\/wp-json\/wp\/v2\/product"}],"about":[{"href":"https:\/\/www.budoshop.si\/sl\/wp-json\/wp\/v2\/types\/product"}],"replies":[{"embeddable":true,"href":"https:\/\/www.budoshop.si\/sl\/wp-json\/wp\/v2\/comments?post=87507"}],"wp:featuredmedia":[{"embeddable":true,"href":"https:\/\/www.budoshop.si\/sl\/wp-json\/wp\/v2\/media\/87511"}],"wp:attachment":[{"href":"https:\/\/www.budoshop.si\/sl\/wp-json\/wp\/v2\/media?parent=87507"}],"wp:term":[{"taxonomy":"product_brand","embeddable":true,"href":"https:\/\/www.budoshop.si\/sl\/wp-json\/wp\/v2\/product_brand?post=87507"},{"taxonomy":"product_cat","embeddable":true,"href":"https:\/\/www.budoshop.si\/sl\/wp-json\/wp\/v2\/product_cat?post=87507"},{"taxonomy":"product_tag","embeddable":true,"href":"https:\/\/www.budoshop.si\/sl\/wp-json\/wp\/v2\/product_tag?post=87507"}],"curies":[{"name":"wp","href":"https:\/\/api.w.org\/{rel}","templated":true}]}}