{"id":87043,"date":"2018-10-22T12:42:56","date_gmt":"2018-10-22T10:42:56","guid":{"rendered":"https:\/\/budoshop.si\/?product=oblozena-trening-palica-soft-medium"},"modified":"2023-10-15T13:46:42","modified_gmt":"2023-10-15T11:46:42","slug":"oblozena-trening-palica-soft-medium","status":"publish","type":"product","link":"https:\/\/www.budoshop.si\/sl\/izdelek\/oblozena-trening-palica-soft-medium\/","title":{"rendered":"Oblo\u017eena trening palica &#8221;SOFT MEDIUM&#8221;"},"content":{"rendered":"<p style=\"margin: 0cm 0cm 0pt; line-height: normal; text-align: justify;\"><span style=\"color: #993300; font-size: 15px;\">Trening palica je izdelana iz \u010dvrstega plasti\u010dnega jedra, ki je oble\u010deno v trpe\u017eno peno. Odli\u010dna za trening samoobrambe brez po\u0161kodb ali kot pripravljalni trening borbe s palico. Modre barve s \u010drnimi zaklju\u010dki.<\/span><br \/>\n<span style=\"font-size: 15px; color: #993300;\"><br \/>\nDol\u017eina cca. 60 cm (43cm modre barve, 17cm \u010drne barve)<br \/>\n<\/span><span style=\"font-size: 15px; color: #993300;\">Debelina cca. 3,5 cm<\/span><\/p>\n","protected":false},"excerpt":{"rendered":"<p><span id=\"dnn_ctr448_ProductPage_lstProducts_lbllistDescription_0\"><span style=\"color: #002060;\"><strong>Oblo\u017eena trening palica dol\u017eine cca. 60cm.<\/strong><\/span><\/span><\/p>\n","protected":false},"featured_media":87047,"comment_status":"open","ping_status":"closed","template":"","meta":[],"product_brand":[],"product_cat":[5405,5406,1033,725],"product_tag":[],"class_list":{"0":"post-87043","1":"product","2":"type-product","3":"status-publish","4":"has-post-thumbnail","6":"product_cat-ju-sports","7":"product_cat-ju-sports-2","8":"product_cat-ju-jitsujiu-jitsu-1","9":"product_cat-palice","11":"first","12":"instock","13":"taxable","14":"shipping-taxable","15":"purchasable","16":"product-type-simple"},"_links":{"self":[{"href":"https:\/\/www.budoshop.si\/sl\/wp-json\/wp\/v2\/product\/87043","targetHints":{"allow":["GET"]}}],"collection":[{"href":"https:\/\/www.budoshop.si\/sl\/wp-json\/wp\/v2\/product"}],"about":[{"href":"https:\/\/www.budoshop.si\/sl\/wp-json\/wp\/v2\/types\/product"}],"replies":[{"embeddable":true,"href":"https:\/\/www.budoshop.si\/sl\/wp-json\/wp\/v2\/comments?post=87043"}],"wp:featuredmedia":[{"embeddable":true,"href":"https:\/\/www.budoshop.si\/sl\/wp-json\/wp\/v2\/media\/87047"}],"wp:attachment":[{"href":"https:\/\/www.budoshop.si\/sl\/wp-json\/wp\/v2\/media?parent=87043"}],"wp:term":[{"taxonomy":"product_brand","embeddable":true,"href":"https:\/\/www.budoshop.si\/sl\/wp-json\/wp\/v2\/product_brand?post=87043"},{"taxonomy":"product_cat","embeddable":true,"href":"https:\/\/www.budoshop.si\/sl\/wp-json\/wp\/v2\/product_cat?post=87043"},{"taxonomy":"product_tag","embeddable":true,"href":"https:\/\/www.budoshop.si\/sl\/wp-json\/wp\/v2\/product_tag?post=87043"}],"curies":[{"name":"wp","href":"https:\/\/api.w.org\/{rel}","templated":true}]}}