{"id":87009,"date":"2018-10-22T12:30:09","date_gmt":"2018-10-22T12:30:09","guid":{"rendered":"https:\/\/budoshop.si\/?product=katana-set-daisho"},"modified":"2026-03-27T09:30:17","modified_gmt":"2026-03-27T08:30:17","slug":"katana-set-daisho-2","status":"publish","type":"product","link":"https:\/\/www.budoshop.si\/sl\/izdelek\/katana-set-daisho-2\/","title":{"rendered":"Katana set &#8221;DAISHO&#8221;"},"content":{"rendered":"<div style=\"text-align: justify;\"><span style=\"color: #993300; font-size: 15px;\">Ta klasi\u010dni\u010dni Katana set je sestavljen iz Wakizashi kratkega me\u010da in Katana dolgega me\u010da. Rezila so izdelana iz kvalitetnega nerjave\u010dega jekla. Kljub nizki ceni ta me\u010da nudita odli\u010dno kvaliteto in obstojnost, ki jo i\u0161\u010de vsak praktikant me\u010devanja. Koshirae so narejeni iz jekla, medenine in aluminijske zlitine (Fuchi in Kashira), rezilo pa je izdelano iz 1045 high carbon jekla, nenabru\u0161eno. Tsuka in Saya sta narejeni iz \u010dvrstega lesa. Tsuka Ito je narejena iz sinteti\u010dnega bomba\u017ea, ki je vezan preko pravega ribjega usnja.<br \/>\n<\/span><\/div>\n<p><span style=\"font-size: 15px; color: #993300;\">Mere:<br \/>\n&#8211; Katana: dol\u017eina rezila 73 cm (s Habaki-jem), skupna dol\u017eina 98 cm<br \/>\n&#8211; Wakizashi: dol\u017eina rezila 44 cm (s Habaki-jem), skupna dol\u017eina 61 cm <\/span><\/p>\n<p><span style=\"color: #993300; font-size: 15px;\">Darilo: NAMIZNO STOJALO<\/span><\/p>\n<p><span style=\"color: #993300; font-size: 15px;\">TA ARTIKEL PRODAJAMO SAMO POLNOLETNIM OSEBAM!!!<\/span><\/p>\n<div style=\"text-align: justify;\"><span style=\"color: #993300; font-size: 15px;\">\u00a0<\/span><\/div>\n<div style=\"text-align: justify;\"><span style=\"color: #993300; font-size: 11px;\">Opozorilo!<br \/>\n\u25ba Artikel je namenjen samo dekorativni uporabi oziroma osebnemu treningu borilnih ve\u0161\u010din.<br \/>\n\u25ba Po prodaji, prodajalec ni ve\u010d odgovoren za nikakr\u0161ne po\u0161kodbe, ki se lahko zgodijo zaradi napa\u010dne uporabe ali zanemarjanja teh opozoril. Novi lastnik prevzema popolno odgovornost za skrb in uporabo tega artikla.<br \/>\n\u25ba Vsakr\u0161na napa\u010dna uporaba ali nepazljivost lahko vam ali drugemu povzro\u010di resne po\u0161kodbe ali celo smrt!<br \/>\n\u25ba Ta artikel se v nobenem primeru ne sme uporabljati na drugi osebi!<\/span><\/div>\n","protected":false},"excerpt":{"rendered":"<p><span id=\"dnn_ctr448_ProductPage_lstProducts_lbllistDescription_1\"><span style=\"color: #002060;\"><strong>Katana set dveh me\u010dev z namiznim stojalom.<\/strong><\/span><\/span><\/p>\n","protected":false},"featured_media":121687,"comment_status":"open","ping_status":"closed","template":"","meta":[],"product_brand":[5608],"product_cat":[1035,761,853,1037],"product_tag":[],"class_list":{"0":"post-87009","1":"product","2":"type-product","3":"status-publish","4":"has-post-thumbnail","6":"product_brand-dax","7":"product_cat-aikido-kendo-iai-kobudo-1","8":"product_cat-kompleti","9":"product_cat-kovinski-katana","10":"product_cat-ninjutsu-3","12":"first","13":"instock","14":"taxable","15":"shipping-taxable","16":"purchasable","17":"product-type-simple"},"_links":{"self":[{"href":"https:\/\/www.budoshop.si\/sl\/wp-json\/wp\/v2\/product\/87009","targetHints":{"allow":["GET"]}}],"collection":[{"href":"https:\/\/www.budoshop.si\/sl\/wp-json\/wp\/v2\/product"}],"about":[{"href":"https:\/\/www.budoshop.si\/sl\/wp-json\/wp\/v2\/types\/product"}],"replies":[{"embeddable":true,"href":"https:\/\/www.budoshop.si\/sl\/wp-json\/wp\/v2\/comments?post=87009"}],"wp:featuredmedia":[{"embeddable":true,"href":"https:\/\/www.budoshop.si\/sl\/wp-json\/wp\/v2\/media\/121687"}],"wp:attachment":[{"href":"https:\/\/www.budoshop.si\/sl\/wp-json\/wp\/v2\/media?parent=87009"}],"wp:term":[{"taxonomy":"product_brand","embeddable":true,"href":"https:\/\/www.budoshop.si\/sl\/wp-json\/wp\/v2\/product_brand?post=87009"},{"taxonomy":"product_cat","embeddable":true,"href":"https:\/\/www.budoshop.si\/sl\/wp-json\/wp\/v2\/product_cat?post=87009"},{"taxonomy":"product_tag","embeddable":true,"href":"https:\/\/www.budoshop.si\/sl\/wp-json\/wp\/v2\/product_tag?post=87009"}],"curies":[{"name":"wp","href":"https:\/\/api.w.org\/{rel}","templated":true}]}}