{"id":86935,"date":"2018-10-21T17:39:27","date_gmt":"2018-10-21T17:39:27","guid":{"rendered":"https:\/\/budoshop.si\/?product=obesek-tokaido-karate-gi"},"modified":"2023-12-04T20:06:45","modified_gmt":"2023-12-04T19:06:45","slug":"obesek-tokaido-karate-gi","status":"publish","type":"product","link":"https:\/\/www.budoshop.si\/sl\/izdelek\/obesek-tokaido-karate-gi\/","title":{"rendered":"Obesek &#8221;Tokaido KARATE-GI&#8221;"},"content":{"rendered":"<div style=\"text-align: justify;\"><span style=\"color: #c00000; font-size: 15px;\">Atraktiven Karate obesek za klju\u010de izdelan prijetno mehkega gumiranega materiala s 3D efektom in veri\u017eico ter rinko za obe\u0161anje znamke TOKAIDO. Obesek je lahko majhno darilo ali spominek in se ga <span style=\"color: #c00000;\">lahko obesi na svoja klju\u010de, \u0161portno torbo in podobno.<\/span><br \/>\nRazli\u010dni prednja iz zadnja stran.<\/p>\n<p><\/span><span style=\"color: #c00000; font-size: 15px;\">Mere: cca. 6 x 4 cm (brez veri\u017eice in rinke)<\/span><\/div>\n<p>&nbsp;<\/p>\n","protected":false},"excerpt":{"rendered":"<p><span id=\"dnn_ctr448_ProductPage_lstProducts_lbllistDescription_7\"><span style=\"color: #002060;\"><strong>Tokaido Karate gumiran obesek za klju\u010de.<\/strong><\/span><\/span><\/p>\n","protected":false},"featured_media":109117,"comment_status":"open","ping_status":"closed","template":"","meta":[],"product_brand":[],"product_cat":[1035,1043,1033,1031,1029,1037,833,1039,1041,1047,949],"product_tag":[],"class_list":{"0":"post-86935","1":"product","2":"type-product","3":"status-publish","4":"has-post-thumbnail","6":"product_cat-aikido-kendo-iai-kobudo-1","7":"product_cat-boks-kickbox-tajski-boks-mma","8":"product_cat-ju-jitsujiu-jitsu-1","9":"product_cat-judo-1","10":"product_cat-karate-5","11":"product_cat-ninjutsu-3","12":"product_cat-obeski","13":"product_cat-taekwondo-3","14":"product_cat-tai-chi-kunf-fu-wu-shu-1","15":"product_cat-tokaido-1","16":"product_cat-shureido-3","18":"first","19":"instock","20":"taxable","21":"shipping-taxable","22":"purchasable","23":"product-type-simple"},"_links":{"self":[{"href":"https:\/\/www.budoshop.si\/sl\/wp-json\/wp\/v2\/product\/86935","targetHints":{"allow":["GET"]}}],"collection":[{"href":"https:\/\/www.budoshop.si\/sl\/wp-json\/wp\/v2\/product"}],"about":[{"href":"https:\/\/www.budoshop.si\/sl\/wp-json\/wp\/v2\/types\/product"}],"replies":[{"embeddable":true,"href":"https:\/\/www.budoshop.si\/sl\/wp-json\/wp\/v2\/comments?post=86935"}],"wp:featuredmedia":[{"embeddable":true,"href":"https:\/\/www.budoshop.si\/sl\/wp-json\/wp\/v2\/media\/109117"}],"wp:attachment":[{"href":"https:\/\/www.budoshop.si\/sl\/wp-json\/wp\/v2\/media?parent=86935"}],"wp:term":[{"taxonomy":"product_brand","embeddable":true,"href":"https:\/\/www.budoshop.si\/sl\/wp-json\/wp\/v2\/product_brand?post=86935"},{"taxonomy":"product_cat","embeddable":true,"href":"https:\/\/www.budoshop.si\/sl\/wp-json\/wp\/v2\/product_cat?post=86935"},{"taxonomy":"product_tag","embeddable":true,"href":"https:\/\/www.budoshop.si\/sl\/wp-json\/wp\/v2\/product_tag?post=86935"}],"curies":[{"name":"wp","href":"https:\/\/api.w.org\/{rel}","templated":true}]}}