{"id":86925,"date":"2018-10-20T19:00:54","date_gmt":"2018-10-20T19:00:54","guid":{"rendered":"https:\/\/budoshop.si\/?product=obesek-japanese-boy"},"modified":"2025-09-17T12:16:03","modified_gmt":"2025-09-17T10:16:03","slug":"obesek-japanese-boy","status":"publish","type":"product","link":"https:\/\/www.budoshop.si\/sl\/izdelek\/obesek-japanese-boy\/","title":{"rendered":"Obesek &#8221;JAPANESE BOY&#8221;"},"content":{"rendered":"<div style=\"text-align: justify;\"><span style=\"color: #c00000; font-size: small;\">Atraktiven Karate obesek japonskega Karate mojstra izdela iz plasti\u010dnega materiala in opremljen z veri\u017eico ter rinko za obe\u0161anje <span style=\"color: #c00000; font-size: small;\">s katero obesek lahko obesite na svoje klju\u010de, \u0161portno torbo in podobno.<\/span><br \/><\/span><\/div>\n<div><span style=\"color: #c00000; font-size: small;\"><br \/> <\/span><\/div>\n<div><span style=\"color: #c00000; font-size: small;\">Dol\u017eina: cca. 8 cm<\/span><\/div>\n","protected":false},"excerpt":{"rendered":"<p><span id=\"dnn_ctr448_ProductPage_lstProducts_lbllistDescription_9\"><span style=\"color: #002060;\"><strong>Karate obesek japonskega mojstra.<\/strong><\/span><\/span><\/p>\n","protected":false},"featured_media":86930,"comment_status":"open","ping_status":"closed","template":"","meta":[],"product_brand":[],"product_cat":[],"product_tag":[],"class_list":{"0":"post-86925","1":"product","2":"type-product","3":"status-publish","4":"has-post-thumbnail","7":"first","8":"outofstock","9":"taxable","10":"shipping-taxable","11":"purchasable","12":"product-type-simple"},"_links":{"self":[{"href":"https:\/\/www.budoshop.si\/sl\/wp-json\/wp\/v2\/product\/86925","targetHints":{"allow":["GET"]}}],"collection":[{"href":"https:\/\/www.budoshop.si\/sl\/wp-json\/wp\/v2\/product"}],"about":[{"href":"https:\/\/www.budoshop.si\/sl\/wp-json\/wp\/v2\/types\/product"}],"replies":[{"embeddable":true,"href":"https:\/\/www.budoshop.si\/sl\/wp-json\/wp\/v2\/comments?post=86925"}],"wp:featuredmedia":[{"embeddable":true,"href":"https:\/\/www.budoshop.si\/sl\/wp-json\/wp\/v2\/media\/86930"}],"wp:attachment":[{"href":"https:\/\/www.budoshop.si\/sl\/wp-json\/wp\/v2\/media?parent=86925"}],"wp:term":[{"taxonomy":"product_brand","embeddable":true,"href":"https:\/\/www.budoshop.si\/sl\/wp-json\/wp\/v2\/product_brand?post=86925"},{"taxonomy":"product_cat","embeddable":true,"href":"https:\/\/www.budoshop.si\/sl\/wp-json\/wp\/v2\/product_cat?post=86925"},{"taxonomy":"product_tag","embeddable":true,"href":"https:\/\/www.budoshop.si\/sl\/wp-json\/wp\/v2\/product_tag?post=86925"}],"curies":[{"name":"wp","href":"https:\/\/api.w.org\/{rel}","templated":true}]}}