{"id":86741,"date":"2018-10-20T13:05:29","date_gmt":"2018-10-20T13:05:29","guid":{"rendered":"https:\/\/budoshop.si\/?product=zenski-karate-scitnik-prsi-tokaido"},"modified":"2026-01-28T17:14:14","modified_gmt":"2026-01-28T16:14:14","slug":"zenski-karate-scitnik-prsi-tokaido","status":"publish","type":"product","link":"https:\/\/www.budoshop.si\/sl\/izdelek\/zenski-karate-scitnik-prsi-tokaido\/","title":{"rendered":"\u017denski Karate \u0161\u010ditnik prsi &#8221;TOKAIDO&#8221;"},"content":{"rendered":"<div style=\"text-align: justify;\">\n<p><span style=\"font-size: small; color: #993300;\">Ta \u017eenski Karate \u0161\u010ditnik prsi je sestavljen iz oblikovanega trdega izvle\u010dnega plasti\u010dnega elementa (polietilen) in bele elasti\u010dne kratke majice (90% taktel, 10% spandeks) brez rokavov in mre\u017eastim hrbtom, kar onemogo\u010da pretirano znojenje. Oblikovan prsni del maksimalno \u0161\u010diti udarce v prsi in je primeren tako za kontaktne borbe borilnih ve\u0161\u010din, kot tudi trening drugih \u0161portov kot so nogomet, sabljanje &#8230; kjer lahko pride do nenamernega udarca, elast\u010dna majica pa omogo\u010da maksimalno udobnost no\u0161enja. <\/span><\/p>\n<p><span style=\"color: #993300;\">Zaradi materiala izdelave je \u0161\u010ditnik zelo higieni\u010den, saj se oblikovani del enostavno obri\u0161e z vla\u017eno krpo, majico pa opere v pralnem stroju.<\/span><\/p>\n<p><span style=\"color: #993300;\">\u0160\u010ditnik je narejen po pravilih vseh tekmovanj.<\/span><\/p>\n<p><span style=\"color: #993300;\">Ustreza CE standardom! <\/span><\/p>\n<p><span style=\"color: #993300;\"><strong>Ta artikel je odobren iz strani WKF<\/strong>-a (World Karate Federation).<\/span><\/p>\n<\/div>\n<div style=\"text-align: justify;\"><span style=\"font-size: small; color: #993300;\">\u00a0<\/span><\/div>\n<div style=\"text-align: justify;\"><\/div>\n<div style=\"text-align: justify;\"><\/div>\n<div style=\"text-align: justify;\"><\/div>\n<div style=\"text-align: justify;\"><\/div>\n<div style=\"text-align: justify;\">\n<p><span style=\"font-size: small; color: #993300;\"><strong>Kvaliteta, ki jo zagotavlja samo japonska Tokaido znamka!<\/strong><\/span><\/p>\n<p>&nbsp;<\/p>\n<\/div>\n<div style=\"text-align: justify;\"><span style=\"font-size: small; color: #993300;\">Velikosti:<br \/>\n<\/span><\/div>\n<div style=\"text-align: justify;\"><span style=\"font-size: small; color: #993300;\">XXS (obseg prsi &lt;74 cm)<\/span><\/div>\n<div style=\"text-align: justify;\"><span style=\"font-size: small; color: #993300;\">XS\u00a0\u00a0 (obseg prsi 74-78 cm)<br \/>\n<\/span><\/div>\n<div style=\"text-align: justify;\"><span style=\"font-size: small; color: #993300;\">S\u00a0\u00a0\u00a0\u00a0 (obseg prsi 79-85 cm)<\/span><\/div>\n<div style=\"text-align: justify;\"><span style=\"font-size: small; color: #993300;\"> M\u00a0\u00a0\u00a0 (obseg prsi 86-90 cm)<\/span><\/div>\n<div style=\"text-align: justify;\"><span style=\"font-size: small; color: #993300;\">L\u00a0\u00a0\u00a0\u00a0 (obseg prsi 91-96 cm)<\/span><\/div>\n","protected":false},"excerpt":{"rendered":"<p><span id=\"dnn_ctr448_ProductPage_lstProducts_lbllistDescription_6\"><span style=\"color: #002060;\"><strong>WKF verificiran oblikovan \u017eenski Karate \u0161\u010ditnik prsi znamke TOKAIDO.<\/strong><\/span><\/span><\/p>\n","protected":false},"featured_media":86745,"comment_status":"open","ping_status":"closed","template":"","meta":[],"product_brand":[5598],"product_cat":[1043,1033,1029,775,1117,949,1047],"product_tag":[],"class_list":{"0":"post-86741","1":"product","2":"type-product","3":"status-publish","4":"has-post-thumbnail","6":"product_brand-tokaido","7":"product_cat-boks-kickbox-tajski-boks-mma","8":"product_cat-ju-jitsujiu-jitsu-1","9":"product_cat-karate-5","10":"product_cat-scitniki-prsi-in-trupa","11":"product_cat-scitniki-za-zenske","12":"product_cat-shureido-3","13":"product_cat-tokaido-1","14":"pa_velikost-xxs-sl","15":"pa_velikost-xs-sl","16":"pa_velikost-s-sl-2","17":"pa_velikost-m-sl-2","18":"pa_velikost-l-sl-2","20":"first","21":"instock","22":"taxable","23":"shipping-taxable","24":"purchasable","25":"product-type-variable"},"_links":{"self":[{"href":"https:\/\/www.budoshop.si\/sl\/wp-json\/wp\/v2\/product\/86741","targetHints":{"allow":["GET"]}}],"collection":[{"href":"https:\/\/www.budoshop.si\/sl\/wp-json\/wp\/v2\/product"}],"about":[{"href":"https:\/\/www.budoshop.si\/sl\/wp-json\/wp\/v2\/types\/product"}],"replies":[{"embeddable":true,"href":"https:\/\/www.budoshop.si\/sl\/wp-json\/wp\/v2\/comments?post=86741"}],"wp:featuredmedia":[{"embeddable":true,"href":"https:\/\/www.budoshop.si\/sl\/wp-json\/wp\/v2\/media\/86745"}],"wp:attachment":[{"href":"https:\/\/www.budoshop.si\/sl\/wp-json\/wp\/v2\/media?parent=86741"}],"wp:term":[{"taxonomy":"product_brand","embeddable":true,"href":"https:\/\/www.budoshop.si\/sl\/wp-json\/wp\/v2\/product_brand?post=86741"},{"taxonomy":"product_cat","embeddable":true,"href":"https:\/\/www.budoshop.si\/sl\/wp-json\/wp\/v2\/product_cat?post=86741"},{"taxonomy":"product_tag","embeddable":true,"href":"https:\/\/www.budoshop.si\/sl\/wp-json\/wp\/v2\/product_tag?post=86741"}],"curies":[{"name":"wp","href":"https:\/\/api.w.org\/{rel}","templated":true}]}}