{"id":86693,"date":"2018-10-19T19:56:18","date_gmt":"2018-10-19T19:56:18","guid":{"rendered":"https:\/\/budoshop.si\/?product=karate-sportna-torba-tokaido-jka"},"modified":"2026-01-16T08:14:05","modified_gmt":"2026-01-16T07:14:05","slug":"karate-sportna-torba-tokaido-jka","status":"publish","type":"product","link":"https:\/\/www.budoshop.si\/sl\/izdelek\/karate-sportna-torba-tokaido-jka\/","title":{"rendered":"Karate \u0161portna torba &#8221;Tokaido JKA&#8221;"},"content":{"rendered":"<p style=\"text-align: justify;\"><span style=\"font-family: tahoma; color: #c00000; font-size: 15px;\">Torba za va\u0161o Karate opremo. Izdelana je iz trpe\u017enega najlona, \u010drne barve z vezenim JKA (Japan Karate Association) logotipom in japonskimi pismenkami v rde\u010di in beli barvi na stranskem delu. Zelo lahka, elegantna in primerna za vsakdanjo uporabo. <\/span><\/p>\n<p style=\"text-align: justify;\"><span style=\"font-family: tahoma; color: #c00000; font-size: 15px;\">Zapenja se s \u0161iroko zadrgo \u010dez celo dol\u017eino torbe, kar omogo\u010da enostavno vstavljanje in jemanje opreme iz nje. Torba vsebuje centralni prostor, zunanji \u017eep za dokumente in dodaten velik prostor za rabljeno opremo. Opremljena je z ro\u010dnima prenosnima ro\u010dema, delno oblazinjenim trakom za prena\u0161anje preko ramena IN dvojnima oblo\u017eenoma trakovoma za prena\u0161anje na hrbtu. Torbo se tako lahko prena\u0161a v roki, preko ramena ali kot nahrbtnik. Je mehka brez trde osnove in zlo\u017eena zavzame zelo malo prostora.<\/span><\/p>\n<p style=\"text-align: justify;\"><span style=\"font-family: tahoma; color: #c00000; font-size: 15px;\">Dimenzije: cca. 60 x 30 x 25cm<\/span><\/p>\n","protected":false},"excerpt":{"rendered":"<p><span id=\"dnn_ctr448_ProductPage_lstProducts_lbllistDescription_8\" style=\"font-size: 15px;\"><span style=\"color: #002060;\"><strong>Kvalitetna \u010drna TOKAIDO Karate \u0161portna torba z JKA logotipom in japonskim napisom.<\/strong><\/span><\/span><\/p>\n","protected":false},"featured_media":86699,"comment_status":"open","ping_status":"closed","template":"","meta":[],"product_brand":[5598],"product_cat":[1029,971,949,1047],"product_tag":[],"class_list":{"0":"post-86693","1":"product","2":"type-product","3":"status-publish","4":"has-post-thumbnail","6":"product_brand-tokaido","7":"product_cat-karate-5","8":"product_cat-sportne-torbe","9":"product_cat-shureido-3","10":"product_cat-tokaido-1","12":"first","13":"instock","14":"taxable","15":"shipping-taxable","16":"purchasable","17":"product-type-simple"},"_links":{"self":[{"href":"https:\/\/www.budoshop.si\/sl\/wp-json\/wp\/v2\/product\/86693","targetHints":{"allow":["GET"]}}],"collection":[{"href":"https:\/\/www.budoshop.si\/sl\/wp-json\/wp\/v2\/product"}],"about":[{"href":"https:\/\/www.budoshop.si\/sl\/wp-json\/wp\/v2\/types\/product"}],"replies":[{"embeddable":true,"href":"https:\/\/www.budoshop.si\/sl\/wp-json\/wp\/v2\/comments?post=86693"}],"wp:featuredmedia":[{"embeddable":true,"href":"https:\/\/www.budoshop.si\/sl\/wp-json\/wp\/v2\/media\/86699"}],"wp:attachment":[{"href":"https:\/\/www.budoshop.si\/sl\/wp-json\/wp\/v2\/media?parent=86693"}],"wp:term":[{"taxonomy":"product_brand","embeddable":true,"href":"https:\/\/www.budoshop.si\/sl\/wp-json\/wp\/v2\/product_brand?post=86693"},{"taxonomy":"product_cat","embeddable":true,"href":"https:\/\/www.budoshop.si\/sl\/wp-json\/wp\/v2\/product_cat?post=86693"},{"taxonomy":"product_tag","embeddable":true,"href":"https:\/\/www.budoshop.si\/sl\/wp-json\/wp\/v2\/product_tag?post=86693"}],"curies":[{"name":"wp","href":"https:\/\/api.w.org\/{rel}","templated":true}]}}